{"id":22239,"date":"2026-04-24T13:30:39","date_gmt":"2026-04-24T11:30:39","guid":{"rendered":"https:\/\/medapp.lv\/?post_type=product&#038;p=22239"},"modified":"2026-04-24T13:43:47","modified_gmt":"2026-04-24T11:43:47","slug":"vingrosanas-bumba-75cm","status":"publish","type":"product","link":"https:\/\/medapp.lv\/et\/product\/vingrosanas-bumba-75cm\/","title":{"rendered":"V\u00f5imlemispall 75 cm"},"content":{"rendered":"<p>BuReBa Professional treeningpall on ideaalne valik mitmesugusteks treeninguteks. See on varustatud uuendusliku Burst-Resistance tehnoloogiaga, mis tagab maksimaalse ohutuse: kahjustuse korral pall ei l\u00f5hke ootamatult, vaid \u00f5hk v\u00e4ljub j\u00e4rk-j\u00e4rgult, v\u00e4hendades vigastuste ohtu. Burst-Resistance tehnoloogia: hoiab \u00e4ra ootamatu l\u00f5hkemise kuni 100 kg raskusega \u2013 \u00f5hk v\u00e4ljub j\u00e4rk-j\u00e4rgult. Maksimaalne koormus: talub kuni 300 kg ohutuks treeninguks. Materjal: ftalaadivaba, tervislikumaks treeninguks. Pind: libisemiskindel ja kergesti puhastatav.<\/p>","protected":false},"excerpt":{"rendered":"<p>Kvaliteetne, rebenemiskindel v\u00f5imlemispall, halli v\u00e4rvi.<\/p>","protected":false},"featured_media":22240,"comment_status":"closed","ping_status":"closed","template":"","meta":[],"product_brand":[],"product_cat":[342],"product_tag":[],"class_list":{"0":"post-22239","1":"product","2":"type-product","3":"status-publish","4":"has-post-thumbnail","6":"product_cat-fizioterapijas-piederumi","8":"first","9":"instock","10":"taxable","11":"shipping-taxable","12":"purchasable","13":"product-type-simple"},"_links":{"self":[{"href":"https:\/\/medapp.lv\/et\/wp-json\/wp\/v2\/product\/22239","targetHints":{"allow":["GET"]}}],"collection":[{"href":"https:\/\/medapp.lv\/et\/wp-json\/wp\/v2\/product"}],"about":[{"href":"https:\/\/medapp.lv\/et\/wp-json\/wp\/v2\/types\/product"}],"replies":[{"embeddable":true,"href":"https:\/\/medapp.lv\/et\/wp-json\/wp\/v2\/comments?post=22239"}],"version-history":[{"count":2,"href":"https:\/\/medapp.lv\/et\/wp-json\/wp\/v2\/product\/22239\/revisions"}],"predecessor-version":[{"id":22242,"href":"https:\/\/medapp.lv\/et\/wp-json\/wp\/v2\/product\/22239\/revisions\/22242"}],"wp:featuredmedia":[{"embeddable":true,"href":"https:\/\/medapp.lv\/et\/wp-json\/wp\/v2\/media\/22240"}],"wp:attachment":[{"href":"https:\/\/medapp.lv\/et\/wp-json\/wp\/v2\/media?parent=22239"}],"wp:term":[{"taxonomy":"product_brand","embeddable":true,"href":"https:\/\/medapp.lv\/et\/wp-json\/wp\/v2\/product_brand?post=22239"},{"taxonomy":"product_cat","embeddable":true,"href":"https:\/\/medapp.lv\/et\/wp-json\/wp\/v2\/product_cat?post=22239"},{"taxonomy":"product_tag","embeddable":true,"href":"https:\/\/medapp.lv\/et\/wp-json\/wp\/v2\/product_tag?post=22239"}],"curies":[{"name":"t\u00f6\u00f6leht","href":"https:\/\/api.w.org\/{rel}","templated":true}]}}