{"id":22243,"date":"2026-04-24T14:28:32","date_gmt":"2026-04-24T12:28:32","guid":{"rendered":"https:\/\/medapp.lv\/?post_type=product&#038;p=22243"},"modified":"2026-04-24T14:30:44","modified_gmt":"2026-04-24T12:30:44","slug":"masazas-bumbina-10-cm","status":"publish","type":"product","link":"https:\/\/medapp.lv\/et\/product\/masazas-bumbina-10-cm\/","title":{"rendered":"Massaa\u017eipall 10 cm"},"content":{"rendered":"<p>Optimaalse k\u00f5vadusega palli on lihtne kasutada, s\u00e4ilitades samal ajal k\u00f5rge efektiivsuse. Pehmed ogad stimuleerivad lihaseid sihip\u00e4raselt, soodustades paremat vereringet ja \u00fcldist taastumist. Materjal: kvaliteetne ja vastupidav plastik. Funktsioon: parandab vereringet ja l\u00f5dvestab pinges lihaseid. Mitmek\u00fclgne kasutus: sobib massaa\u017eiks, refleksoloogiaks ja f\u00fcsioteraapiaks. Ogadega massaa\u017eipall pakub mitmeid eeliseid: stimuleerib vereringet ja soodustab taastumist, leevendab pingeid, sobib sportlastele, f\u00fcsioteraapiale.<\/p>","protected":false},"excerpt":{"rendered":"<p>Trendy Sporti labadega massaa\u017eipall on mitmek\u00fclgne vahend massaa\u017eiks, vereringe parandamiseks ja l\u00f5\u00f5gastumiseks.<\/p>","protected":false},"featured_media":22244,"comment_status":"closed","ping_status":"closed","template":"","meta":[],"product_brand":[],"product_cat":[342],"product_tag":[],"class_list":{"0":"post-22243","1":"product","2":"type-product","3":"status-publish","4":"has-post-thumbnail","6":"product_cat-fizioterapijas-piederumi","8":"first","9":"instock","10":"taxable","11":"shipping-taxable","12":"purchasable","13":"product-type-simple"},"_links":{"self":[{"href":"https:\/\/medapp.lv\/et\/wp-json\/wp\/v2\/product\/22243","targetHints":{"allow":["GET"]}}],"collection":[{"href":"https:\/\/medapp.lv\/et\/wp-json\/wp\/v2\/product"}],"about":[{"href":"https:\/\/medapp.lv\/et\/wp-json\/wp\/v2\/types\/product"}],"replies":[{"embeddable":true,"href":"https:\/\/medapp.lv\/et\/wp-json\/wp\/v2\/comments?post=22243"}],"version-history":[{"count":1,"href":"https:\/\/medapp.lv\/et\/wp-json\/wp\/v2\/product\/22243\/revisions"}],"predecessor-version":[{"id":22245,"href":"https:\/\/medapp.lv\/et\/wp-json\/wp\/v2\/product\/22243\/revisions\/22245"}],"wp:featuredmedia":[{"embeddable":true,"href":"https:\/\/medapp.lv\/et\/wp-json\/wp\/v2\/media\/22244"}],"wp:attachment":[{"href":"https:\/\/medapp.lv\/et\/wp-json\/wp\/v2\/media?parent=22243"}],"wp:term":[{"taxonomy":"product_brand","embeddable":true,"href":"https:\/\/medapp.lv\/et\/wp-json\/wp\/v2\/product_brand?post=22243"},{"taxonomy":"product_cat","embeddable":true,"href":"https:\/\/medapp.lv\/et\/wp-json\/wp\/v2\/product_cat?post=22243"},{"taxonomy":"product_tag","embeddable":true,"href":"https:\/\/medapp.lv\/et\/wp-json\/wp\/v2\/product_tag?post=22243"}],"curies":[{"name":"t\u00f6\u00f6leht","href":"https:\/\/api.w.org\/{rel}","templated":true}]}}