{"id":22247,"date":"2026-04-27T11:41:58","date_gmt":"2026-04-27T09:41:58","guid":{"rendered":"https:\/\/medapp.lv\/?post_type=product&#038;p=22247"},"modified":"2026-04-27T12:07:41","modified_gmt":"2026-04-27T10:07:41","slug":"jogas-paklajins-eco-180x60x06-cm","status":"publish","type":"product","link":"https:\/\/medapp.lv\/et\/product\/jogas-paklajins-eco-180x60x06-cm\/","title":{"rendered":"Joogamatt Eco 180\u00d760\u00d70,6 cm"},"content":{"rendered":"<p data-start=\"514\" data-end=\"529\">Omadused:<\/p>\n<ul data-start=\"530\" data-end=\"1011\">\n<li data-section-id=\"tdokyj\" data-start=\"530\" data-end=\"588\">Materjal: kvaliteetne, keskkonnas\u00f5bralik TPE<\/li>\n<li data-section-id=\"fnl1z6\" data-start=\"589\" data-end=\"662\">Suurus: 180 \u00d7 60 \u00d7 0,6 cm \u2013 sobib k\u00f5ikide joogaharjutuste jaoks<\/li>\n<li data-section-id=\"1grn8dn\" data-start=\"663\" data-end=\"728\">Libisemiskindel ja stabiilne: suurep\u00e4rane haarduvus igal pinnal<\/li>\n<li data-section-id=\"axuqdq\" data-start=\"729\" data-end=\"790\">Kahev\u00e4rviline disain: moodne v\u00e4limus t\u00e4iustatud tekstuuriga<\/li>\n<li data-section-id=\"gy5sxk\" data-start=\"791\" data-end=\"856\">J\u00e4tkusuutlik: 100% taaskasutatav ja asov\u00e4rvainetevaba<\/li>\n<li data-section-id=\"1oj7bcf\" data-start=\"857\" data-end=\"897\">Lihtne hooldus: lihtsalt puhastada<\/li>\n<li data-section-id=\"15srnem\" data-start=\"898\" data-end=\"946\">V\u00e4rvivalik: saadaval 5 trendikas v\u00e4rvitoonis<\/li>\n<li data-section-id=\"odeaib\" data-start=\"947\" data-end=\"1011\">Sisaldab kanderihma: lihtne hoiustada ja transportida<\/li>\n<\/ul>\n<p>YogaMat Eco komplekti ja kanderihmaga saate oma joogapraktikaks j\u00e4tkusuutliku, vastupidava ja mugava mati.<\/p>","protected":false},"excerpt":{"rendered":"<p>YogaMat Eco komplekt on suurep\u00e4rane valik neile, kes otsivad j\u00e4tkusuutlikku ja mugavat joogamatti praktilise kanderihmaga. See on valmistatud kvaliteetsest TPE-materjalist, mis pakub suurep\u00e4rast libisemiskindlust ja mugavat pehmendust.<\/p>","protected":false},"featured_media":22252,"comment_status":"closed","ping_status":"closed","template":"","meta":[],"product_brand":[],"product_cat":[342],"product_tag":[],"class_list":{"0":"post-22247","1":"product","2":"type-product","3":"status-publish","4":"has-post-thumbnail","6":"product_cat-fizioterapijas-piederumi","8":"first","9":"instock","10":"taxable","11":"shipping-taxable","12":"purchasable","13":"product-type-variable"},"_links":{"self":[{"href":"https:\/\/medapp.lv\/et\/wp-json\/wp\/v2\/product\/22247","targetHints":{"allow":["GET"]}}],"collection":[{"href":"https:\/\/medapp.lv\/et\/wp-json\/wp\/v2\/product"}],"about":[{"href":"https:\/\/medapp.lv\/et\/wp-json\/wp\/v2\/types\/product"}],"replies":[{"embeddable":true,"href":"https:\/\/medapp.lv\/et\/wp-json\/wp\/v2\/comments?post=22247"}],"version-history":[{"count":2,"href":"https:\/\/medapp.lv\/et\/wp-json\/wp\/v2\/product\/22247\/revisions"}],"predecessor-version":[{"id":22265,"href":"https:\/\/medapp.lv\/et\/wp-json\/wp\/v2\/product\/22247\/revisions\/22265"}],"wp:featuredmedia":[{"embeddable":true,"href":"https:\/\/medapp.lv\/et\/wp-json\/wp\/v2\/media\/22252"}],"wp:attachment":[{"href":"https:\/\/medapp.lv\/et\/wp-json\/wp\/v2\/media?parent=22247"}],"wp:term":[{"taxonomy":"product_brand","embeddable":true,"href":"https:\/\/medapp.lv\/et\/wp-json\/wp\/v2\/product_brand?post=22247"},{"taxonomy":"product_cat","embeddable":true,"href":"https:\/\/medapp.lv\/et\/wp-json\/wp\/v2\/product_cat?post=22247"},{"taxonomy":"product_tag","embeddable":true,"href":"https:\/\/medapp.lv\/et\/wp-json\/wp\/v2\/product_tag?post=22247"}],"curies":[{"name":"t\u00f6\u00f6leht","href":"https:\/\/api.w.org\/{rel}","templated":true}]}}