{"id":22270,"date":"2026-04-27T14:13:47","date_gmt":"2026-04-27T12:13:47","guid":{"rendered":"https:\/\/medapp.lv\/?post_type=product&#038;p=22270"},"modified":"2026-04-27T14:31:22","modified_gmt":"2026-04-27T12:31:22","slug":"pretestibas-gumija-hip-loop","status":"publish","type":"product","link":"https:\/\/medapp.lv\/et\/product\/pretestibas-gumija-hip-loop\/","title":{"rendered":"Vastupidavusriba puusaliiges"},"content":{"rendered":"<p>Kolme erineva takistustasemega kummilindid sobivad ideaalselt f\u00fcsioteraapiaks, taastusraviks ja professionaalseks fitnessiks. Peen takistuse gradatsioon v\u00f5imaldab koormust j\u00e4rk-j\u00e4rgult suurendada ja soodustab pikaajalist f\u00fc\u00fcsilise vormi paranemist.<\/p>\n<p data-start=\"778\" data-end=\"793\">Omadused:<\/p>\n<ul data-start=\"794\" data-end=\"1130\">\n<li data-section-id=\"1430fhu\" data-start=\"794\" data-end=\"869\">Materjal: nailon libisemiskindla lateksist sisemusega maksimaalse haarduvuse tagamiseks<\/li>\n<li data-section-id=\"15hb41g\" data-start=\"870\" data-end=\"945\">Vastupanu tasemed: kolm erinevat intensiivsust individuaalseks treeninguks<\/li>\n<li data-section-id=\"vjuc4h\" data-start=\"946\" data-end=\"1045\">Mitmek\u00fclgne kasutamine: sobib f\u00fcsioteraapiaks, taastusraviks ja professionaalseks vormisolekuks<\/li>\n<li data-section-id=\"1o0ah3h\" data-start=\"1046\" data-end=\"1130\">T\u00f5hus kogu keha treening: tugevdab jalgu, k\u00e4si ja kerelihaseid<\/li>\n<\/ul>","protected":false},"excerpt":{"rendered":"<p>Trendikad Hip Loop vastupidavusrihmad on esmaklassiline alternatiiv traditsioonilistele lateksrihmadele. Need on valmistatud kvaliteetsest nailonist libisemiskindla lateksist sisemusega, mis pakub treeningu ajal lisahaarduvust ja stabiilsust.<\/p>","protected":false},"featured_media":22271,"comment_status":"closed","ping_status":"closed","template":"","meta":[],"product_brand":[],"product_cat":[342],"product_tag":[],"class_list":{"0":"post-22270","1":"product","2":"type-product","3":"status-publish","4":"has-post-thumbnail","6":"product_cat-fizioterapijas-piederumi","8":"first","9":"instock","10":"taxable","11":"shipping-taxable","12":"purchasable","13":"product-type-variable"},"_links":{"self":[{"href":"https:\/\/medapp.lv\/et\/wp-json\/wp\/v2\/product\/22270","targetHints":{"allow":["GET"]}}],"collection":[{"href":"https:\/\/medapp.lv\/et\/wp-json\/wp\/v2\/product"}],"about":[{"href":"https:\/\/medapp.lv\/et\/wp-json\/wp\/v2\/types\/product"}],"replies":[{"embeddable":true,"href":"https:\/\/medapp.lv\/et\/wp-json\/wp\/v2\/comments?post=22270"}],"version-history":[{"count":2,"href":"https:\/\/medapp.lv\/et\/wp-json\/wp\/v2\/product\/22270\/revisions"}],"predecessor-version":[{"id":22279,"href":"https:\/\/medapp.lv\/et\/wp-json\/wp\/v2\/product\/22270\/revisions\/22279"}],"wp:featuredmedia":[{"embeddable":true,"href":"https:\/\/medapp.lv\/et\/wp-json\/wp\/v2\/media\/22271"}],"wp:attachment":[{"href":"https:\/\/medapp.lv\/et\/wp-json\/wp\/v2\/media?parent=22270"}],"wp:term":[{"taxonomy":"product_brand","embeddable":true,"href":"https:\/\/medapp.lv\/et\/wp-json\/wp\/v2\/product_brand?post=22270"},{"taxonomy":"product_cat","embeddable":true,"href":"https:\/\/medapp.lv\/et\/wp-json\/wp\/v2\/product_cat?post=22270"},{"taxonomy":"product_tag","embeddable":true,"href":"https:\/\/medapp.lv\/et\/wp-json\/wp\/v2\/product_tag?post=22270"}],"curies":[{"name":"t\u00f6\u00f6leht","href":"https:\/\/api.w.org\/{rel}","templated":true}]}}