{"id":22280,"date":"2026-04-27T14:36:54","date_gmt":"2026-04-27T12:36:54","guid":{"rendered":"https:\/\/medapp.lv\/?post_type=product&#038;p=22280"},"modified":"2026-04-29T09:26:18","modified_gmt":"2026-04-29T07:26:18","slug":"pretestibas-gumija-trendy-tone-loop","status":"publish","type":"product","link":"https:\/\/medapp.lv\/et\/product\/pretestibas-gumija-trendy-tone-loop\/","title":{"rendered":"Trendikas tooniga silmusega vastupanuriba"},"content":{"rendered":"<div class=\"text-base my-auto mx-auto [--thread-content-margin:var(--thread-content-margin-xs,calc(var(--spacing)*4))] @w-sm\/main:[--thread-content-margin:var(--thread-content-margin-sm,calc(var(--spacing)*6))] @w-lg\/main:[--thread-content-margin:var(--thread-content-margin-lg,calc(var(--spacing)*16))] px-(--thread-content-margin)\">\n<div class=\"[--thread-content-max-width:40rem] @w-lg\/main:[--thread-content-max-width:48rem] mx-auto max-w-(--thread-content-max-width) flex-1 group\/turn-messages focus-visible:outline-hidden relative flex w-full min-w-0 flex-col agent-turn\">\n<div class=\"flex max-w-full flex-col gap-4 grow\">\n<div class=\"min-h-8 text-message relative flex w-full flex-col items-end gap-2 text-start break-words whitespace-normal outline-none keyboard-focused:focus-ring [.text-message+&amp;]:mt-1\" dir=\"auto\" data-message-author-role=\"assistant\" data-message-id=\"743def14-03df-4279-b316-60707b480891\" data-message-model-slug=\"gpt-5-3\">\n<div class=\"flex w-full flex-col gap-1 empty:hidden\">\n<div class=\"markdown prose dark:prose-invert w-full wrap-break-word light markdown-new-styling\">\n<p data-start=\"552\" data-end=\"567\">X-light (oran\u017e) \u2013 paksus 0,3 mm, takistus 6,8\u20139 kg<br \/>\nHele (kollane) \u2013 paksus 0,5 mm, takistus 9\u201311 kg<br \/>\nKeskmine (roheline) \u2013 paksus 0,7 mm, takistus 11\u201313,5 kg<br \/>\nRaske (punane) \u2013 paksus 0,9 mm,<br \/>\nEriti raske (sinine) \u2013 paksus 1,1 mm<br \/>\nXX-raske (hall) \u2013 paksus 1,3 mm<\/p>\n<p data-start=\"552\" data-end=\"567\">Omadused:<\/p>\n<ul data-start=\"568\" data-end=\"929\">\n<li data-section-id=\"1rz4jcx\" data-start=\"568\" data-end=\"634\">Materjal: kvaliteetne lateks maksimaalse vastupidavuse tagamiseks<\/li>\n<li data-section-id=\"c8dbng\" data-start=\"635\" data-end=\"709\">Vastupanuv\u00f5ime: 5 erinevat intensiivsust individuaalsete treeningute jaoks<\/li>\n<li data-section-id=\"omzta8\" data-start=\"710\" data-end=\"812\">Mitmek\u00fclgne kasutamine: sobib f\u00fcsioteraapiaks, taastusraviks, j\u00f5utreeninguks ja fitnessiks<\/li>\n<li data-section-id=\"kvn232\" data-start=\"813\" data-end=\"929\">Kogu keha treening: ideaalne harjutuste jaoks nagu k\u00f5hupress, triitsepsik\u00f5verdused jne.<\/li>\n<\/ul>\n<p data-start=\"931\" data-end=\"1026\">Eelised:<\/p>\n<ul data-start=\"1028\" data-end=\"1374\">\n<li data-section-id=\"1tfcqy2\" data-start=\"1028\" data-end=\"1105\">T\u00f5hus kogu keha treening: parandab j\u00f5udu, stabiilsust ja liikuvust<\/li>\n<li data-section-id=\"1hh4i0o\" data-start=\"1106\" data-end=\"1178\">Kompaktne ja kerge: ideaalne treenimiseks kodus v\u00f5i liikvel olles<\/li>\n<li data-section-id=\"1ev1v27\" data-start=\"1179\" data-end=\"1264\">Vastupidav ja paindlik: kvaliteetsed materjalid tagavad pika kasutusea<\/li>\n<li data-section-id=\"1yt8e1c\" data-start=\"1265\" data-end=\"1374\">Sobib igale treenitustasemele: erinevad takistustasemed algajatest professionaalideni<\/li>\n<\/ul>\n<p data-start=\"1376\" data-end=\"1530\" data-is-last-node=\"\" data-is-only-node=\"\">Trendy Tone Loop vastupidavusrihmadega saad treenida t\u00f5husalt ja eesm\u00e4rgip\u00e4raselt \u2013 suurep\u00e4rane valik k\u00f5igile, kes soovivad oma f\u00fc\u00fcsilist vormi parandada.<\/p>\n<\/div>\n<\/div>\n<\/div>\n<\/div>\n<div class=\"z-0 flex min-h-[46px] justify-start\"><\/div>\n<\/div>\n<\/div>","protected":false},"excerpt":{"rendered":"<p>Trendikad Tone Loop vastupidavuskummid on praktiline ja mitmek\u00fclgne treeningvahend, mis sobib laia harjutuste valiku jaoks. Kvaliteetsest lateksist valmistatud kummilindid on \u00e4\u00e4rmiselt vastupidavad ja kauakestvad.<\/p>","protected":false},"featured_media":22283,"comment_status":"closed","ping_status":"closed","template":"","meta":[],"product_brand":[],"product_cat":[342],"product_tag":[],"class_list":{"0":"post-22280","1":"product","2":"type-product","3":"status-publish","4":"has-post-thumbnail","6":"product_cat-fizioterapijas-piederumi","8":"first","9":"instock","10":"taxable","11":"shipping-taxable","12":"purchasable","13":"product-type-variable"},"_links":{"self":[{"href":"https:\/\/medapp.lv\/et\/wp-json\/wp\/v2\/product\/22280","targetHints":{"allow":["GET"]}}],"collection":[{"href":"https:\/\/medapp.lv\/et\/wp-json\/wp\/v2\/product"}],"about":[{"href":"https:\/\/medapp.lv\/et\/wp-json\/wp\/v2\/types\/product"}],"replies":[{"embeddable":true,"href":"https:\/\/medapp.lv\/et\/wp-json\/wp\/v2\/comments?post=22280"}],"version-history":[{"count":4,"href":"https:\/\/medapp.lv\/et\/wp-json\/wp\/v2\/product\/22280\/revisions"}],"predecessor-version":[{"id":22296,"href":"https:\/\/medapp.lv\/et\/wp-json\/wp\/v2\/product\/22280\/revisions\/22296"}],"wp:featuredmedia":[{"embeddable":true,"href":"https:\/\/medapp.lv\/et\/wp-json\/wp\/v2\/media\/22283"}],"wp:attachment":[{"href":"https:\/\/medapp.lv\/et\/wp-json\/wp\/v2\/media?parent=22280"}],"wp:term":[{"taxonomy":"product_brand","embeddable":true,"href":"https:\/\/medapp.lv\/et\/wp-json\/wp\/v2\/product_brand?post=22280"},{"taxonomy":"product_cat","embeddable":true,"href":"https:\/\/medapp.lv\/et\/wp-json\/wp\/v2\/product_cat?post=22280"},{"taxonomy":"product_tag","embeddable":true,"href":"https:\/\/medapp.lv\/et\/wp-json\/wp\/v2\/product_tag?post=22280"}],"curies":[{"name":"t\u00f6\u00f6leht","href":"https:\/\/api.w.org\/{rel}","templated":true}]}}