{"id":22298,"date":"2026-04-29T11:15:09","date_gmt":"2026-04-29T09:15:09","guid":{"rendered":"https:\/\/medapp.lv\/?post_type=product&#038;p=22298"},"modified":"2026-04-29T11:22:03","modified_gmt":"2026-04-29T09:22:03","slug":"aplveida-pretestibas-lente-trendy-rubber-band","status":"publish","type":"product","link":"https:\/\/medapp.lv\/et\/product\/aplveida-pretestibas-lente-trendy-rubber-band\/","title":{"rendered":"Trendikas RUBBER BAND \u00fcmmargune takistuslint"},"content":{"rendered":"<p>Trendy Sport pretest\u012bbas lentes Trendy Rubber Band ir daudzpus\u012bgs treni\u0146u r\u012bks, kas paredz\u0113ts sp\u0113ka, mobilit\u0101tes un rehabilit\u0101cijas vingrin\u0101jumiem. Izgatavotas no augstas kvalit\u0101tes lateksa, \u0161\u012bs gumijasir \u012bpa\u0161i iztur\u012bgas un elast\u012bgas.<\/p>\n<ul>\n<li data-section-id=\"a852u9\" data-start=\"1222\" data-end=\"1294\">Efekt\u012bvs visa \u0137erme\u0146a treni\u0146\u0161: uzlabo sp\u0113ku, stabilit\u0101ti un elast\u012bbu<\/li>\n<li data-section-id=\"1btvlq0\" data-start=\"1295\" data-end=\"1363\">Kompaktne ja kerge: ideaalne treenimiseks kodus v\u00f5i liikvel olles<\/li>\n<li data-section-id=\"80g6ue\" data-start=\"1364\" data-end=\"1436\">Iztur\u012bgas un elast\u012bgas: kvalitat\u012bvs izpild\u012bjums ilgsto\u0161ai lieto\u0161anai<\/li>\n<li data-section-id=\"6ttkvs\" data-start=\"1437\" data-end=\"1528\">Piem\u0113rotas visiem sagatavot\u012bbas l\u012bme\u0146iem: no ies\u0101c\u0113jiem l\u012bdz pieredz\u0113ju\u0161iem sportistiem<\/li>\n<\/ul>","protected":false},"excerpt":{"rendered":"<p>Vastupidavad lateksist vastupidavuskummid mitmesugusteks harjutusteks. Ideaalsed l\u00f5uat\u00f5mmeteks, biitsepsik\u00f5verdusteks, triitsepsipressideks ja rinnalihaste harjutusteks.<\/p>","protected":false},"featured_media":22303,"comment_status":"closed","ping_status":"closed","template":"","meta":[],"product_brand":[],"product_cat":[342],"product_tag":[],"class_list":{"0":"post-22298","1":"product","2":"type-product","3":"status-publish","4":"has-post-thumbnail","6":"product_cat-fizioterapijas-piederumi","8":"first","9":"instock","10":"taxable","11":"shipping-taxable","12":"purchasable","13":"product-type-variable"},"_links":{"self":[{"href":"https:\/\/medapp.lv\/et\/wp-json\/wp\/v2\/product\/22298","targetHints":{"allow":["GET"]}}],"collection":[{"href":"https:\/\/medapp.lv\/et\/wp-json\/wp\/v2\/product"}],"about":[{"href":"https:\/\/medapp.lv\/et\/wp-json\/wp\/v2\/types\/product"}],"replies":[{"embeddable":true,"href":"https:\/\/medapp.lv\/et\/wp-json\/wp\/v2\/comments?post=22298"}],"version-history":[{"count":3,"href":"https:\/\/medapp.lv\/et\/wp-json\/wp\/v2\/product\/22298\/revisions"}],"predecessor-version":[{"id":22305,"href":"https:\/\/medapp.lv\/et\/wp-json\/wp\/v2\/product\/22298\/revisions\/22305"}],"wp:featuredmedia":[{"embeddable":true,"href":"https:\/\/medapp.lv\/et\/wp-json\/wp\/v2\/media\/22303"}],"wp:attachment":[{"href":"https:\/\/medapp.lv\/et\/wp-json\/wp\/v2\/media?parent=22298"}],"wp:term":[{"taxonomy":"product_brand","embeddable":true,"href":"https:\/\/medapp.lv\/et\/wp-json\/wp\/v2\/product_brand?post=22298"},{"taxonomy":"product_cat","embeddable":true,"href":"https:\/\/medapp.lv\/et\/wp-json\/wp\/v2\/product_cat?post=22298"},{"taxonomy":"product_tag","embeddable":true,"href":"https:\/\/medapp.lv\/et\/wp-json\/wp\/v2\/product_tag?post=22298"}],"curies":[{"name":"t\u00f6\u00f6leht","href":"https:\/\/api.w.org\/{rel}","templated":true}]}}