{"id":22342,"date":"2026-05-06T15:38:50","date_gmt":"2026-05-06T13:38:50","guid":{"rendered":"https:\/\/medapp.lv\/?post_type=product&#038;p=22342"},"modified":"2026-05-06T15:55:51","modified_gmt":"2026-05-06T13:55:51","slug":"hanteles","status":"publish","type":"product","link":"https:\/\/medapp.lv\/et\/product\/hanteles\/","title":{"rendered":"Hantlid"},"content":{"rendered":"<section class=\"text-token-text-primary w-full focus:outline-none [--shadow-height:45px] has-data-writing-block:pointer-events-none has-data-writing-block:-mt-(--shadow-height) has-data-writing-block:pt-(--shadow-height) [&amp;:has([data-writing-block])&gt;*]:pointer-events-auto R6Vx5W_threadScrollVars scroll-mb-[calc(var(--scroll-root-safe-area-inset-bottom,0px)+var(--thread-response-height))] scroll-mt-(--header-height)\" dir=\"auto\" data-turn-id=\"3bed0bf1-ebd9-4593-be19-f4aa0c0288cc\" data-testid=\"conversation-turn-19\" data-scroll-anchor=\"false\" data-turn=\"user\"><\/section>\n<section class=\"text-token-text-primary w-full focus:outline-none [--shadow-height:45px] has-data-writing-block:pointer-events-none has-data-writing-block:-mt-(--shadow-height) has-data-writing-block:pt-(--shadow-height) [&amp;:has([data-writing-block])&gt;*]:pointer-events-auto [content-visibility:auto] supports-[content-visibility:auto]:[contain-intrinsic-size:auto_100lvh] R6Vx5W_threadScrollVars scroll-mb-[calc(var(--scroll-root-safe-area-inset-bottom,0px)+var(--thread-response-height))] scroll-mt-[calc(var(--header-height)+min(200px,max(70px,20svh)))]\" dir=\"auto\" data-turn-id=\"request-WEB:0c8f4c8e-9656-446f-b748-fdaa24fb8e43-9\" data-testid=\"conversation-turn-20\" data-scroll-anchor=\"false\" data-turn=\"assistant\">\n<div class=\"text-base my-auto mx-auto pb-10 [--thread-content-margin:var(--thread-content-margin-xs,calc(var(--spacing)*4))] @w-sm\/main:[--thread-content-margin:var(--thread-content-margin-sm,calc(var(--spacing)*6))] @w-lg\/main:[--thread-content-margin:var(--thread-content-margin-lg,calc(var(--spacing)*16))] px-(--thread-content-margin)\">\n<div class=\"[--thread-content-max-width:40rem] @w-lg\/main:[--thread-content-max-width:48rem] mx-auto max-w-(--thread-content-max-width) flex-1 group\/turn-messages focus-visible:outline-hidden relative flex w-full min-w-0 flex-col agent-turn\">\n<div class=\"flex max-w-full flex-col gap-4 grow\">\n<div class=\"min-h-8 text-message relative flex w-full flex-col items-end gap-2 text-start break-words whitespace-normal outline-none keyboard-focused:focus-ring [.text-message+&amp;]:mt-1\" dir=\"auto\" tabindex=\"0\" data-message-author-role=\"assistant\" data-message-id=\"8b2982e5-9bc8-43a6-ad91-4149a8ca7abf\" data-message-model-slug=\"gpt-5-5\" data-turn-start-message=\"true\">\n<div class=\"flex w-full flex-col gap-1 empty:hidden\">\n<div class=\"markdown prose dark:prose-invert w-full wrap-break-word light markdown-new-styling\">\n<p data-start=\"0\" data-end=\"321\">Vin\u00fc\u00fclhantlid on suurep\u00e4rane lisa igale j\u00f5usaali- v\u00f5i kodutreeningule. Saadaval 0,5 kg, 1 kg, 1,5 kg, 2 kg ja 3 kg raskustega hantlid muudavad j\u00e4rkj\u00e4rgulise kaalut\u00f5usu ideaalseks mitmesugusteks tegevusteks, sealhulgas taastusraviharjutusteks, vesiaeroobikaks ja muuks.<\/p>\n<p data-start=\"323\" data-end=\"611\">Hantlid on valmistatud vastupidavast ja veekindlast vin\u00fc\u00fclist, mis tagab pika kasutusea ja on t\u00e4iesti l\u00f5hnavabad. Vin\u00fc\u00fclkate garanteerib kindla ja libisemiskindla haarde isegi intensiivsete treeningute ajal. Nende kuusnurkne kuju hoiab \u00e4ra veeremise, tagades suurema mugavuse ja ohutuse.<\/p>\n<p data-start=\"613\" data-end=\"854\" data-is-last-node=\"\" data-is-only-node=\"\">Oma erksate v\u00e4rvidega lisavad hantlid energiat igale treeningkeskkonnale ja muudavad vajaliku raskuse leidmise lihtsaks. Olenemata sellest, kas oled algaja v\u00f5i professionaal, on need vin\u00fc\u00fclhantlid suurep\u00e4rane valik t\u00f5husaks j\u00f5utreeninguks.<\/p>\n<\/div>\n<p data-start=\"613\" data-end=\"854\" data-is-last-node=\"\" data-is-only-node=\"\">Hind on \u00fche hantli kohta.<\/p>\n<\/div>\n<\/div>\n<\/div>\n<\/div>\n<\/div>\n<\/section>","protected":false},"excerpt":{"rendered":"<p>Kvaliteetsed vin\u00fc\u00fclhantlid kaaluga 0,5 kg kuni 3 kg. Vastupidavad, veekindlad ja l\u00f5hnatud. Ideaalsed taastusraviks, treeninguks ja muudeks tegevusteks. Libisemiskindel k\u00e4epide ja kuusnurkne kuju, mis hoiab \u00e4ra veeremise.<\/p>","protected":false},"featured_media":22343,"comment_status":"closed","ping_status":"closed","template":"","meta":[],"product_brand":[],"product_cat":[342],"product_tag":[],"class_list":{"0":"post-22342","1":"product","2":"type-product","3":"status-publish","4":"has-post-thumbnail","6":"product_cat-fizioterapijas-piederumi","8":"first","9":"instock","10":"taxable","11":"shipping-taxable","12":"purchasable","13":"product-type-variable"},"_links":{"self":[{"href":"https:\/\/medapp.lv\/et\/wp-json\/wp\/v2\/product\/22342","targetHints":{"allow":["GET"]}}],"collection":[{"href":"https:\/\/medapp.lv\/et\/wp-json\/wp\/v2\/product"}],"about":[{"href":"https:\/\/medapp.lv\/et\/wp-json\/wp\/v2\/types\/product"}],"replies":[{"embeddable":true,"href":"https:\/\/medapp.lv\/et\/wp-json\/wp\/v2\/comments?post=22342"}],"version-history":[{"count":1,"href":"https:\/\/medapp.lv\/et\/wp-json\/wp\/v2\/product\/22342\/revisions"}],"predecessor-version":[{"id":22353,"href":"https:\/\/medapp.lv\/et\/wp-json\/wp\/v2\/product\/22342\/revisions\/22353"}],"wp:featuredmedia":[{"embeddable":true,"href":"https:\/\/medapp.lv\/et\/wp-json\/wp\/v2\/media\/22343"}],"wp:attachment":[{"href":"https:\/\/medapp.lv\/et\/wp-json\/wp\/v2\/media?parent=22342"}],"wp:term":[{"taxonomy":"product_brand","embeddable":true,"href":"https:\/\/medapp.lv\/et\/wp-json\/wp\/v2\/product_brand?post=22342"},{"taxonomy":"product_cat","embeddable":true,"href":"https:\/\/medapp.lv\/et\/wp-json\/wp\/v2\/product_cat?post=22342"},{"taxonomy":"product_tag","embeddable":true,"href":"https:\/\/medapp.lv\/et\/wp-json\/wp\/v2\/product_tag?post=22342"}],"curies":[{"name":"t\u00f6\u00f6leht","href":"https:\/\/api.w.org\/{rel}","templated":true}]}}