{"id":15584,"date":"2024-02-02T16:20:38","date_gmt":"2024-02-02T14:20:38","guid":{"rendered":"http:\/\/mareksj17.sg-host.com\/?page_id=15584"},"modified":"2024-03-13T16:58:37","modified_gmt":"2024-03-13T14:58:37","slug":"privatuma-politika","status":"publish","type":"page","link":"https:\/\/medapp.lv\/lt\/privatuma-politika\/","title":{"rendered":"Privatumo politika"},"content":{"rendered":"<div data-elementor-type=\"wp-page\" data-elementor-id=\"15584\" class=\"elementor elementor-15584\" data-elementor-post-type=\"page\">\n\t\t\t\t<div class=\"wd-negative-gap elementor-element elementor-element-17a30f5 e-flex e-con-boxed e-con e-parent\" data-id=\"17a30f5\" data-element_type=\"container\" data-e-type=\"container\">\n\t\t\t\t\t<div class=\"e-con-inner\">\n\t\t\t\t<div class=\"elementor-element elementor-element-8a7f9d7 elementor-widget elementor-widget-heading\" data-id=\"8a7f9d7\" data-element_type=\"widget\" data-e-type=\"widget\" data-widget_type=\"heading.default\">\n\t\t\t\t<div class=\"elementor-widget-container\">\n\t\t\t\t\t<h1 class=\"elementor-heading-title elementor-size-default\">SIA Medapp privatumo politika<\/h1>\t\t\t\t<\/div>\n\t\t\t\t<\/div>\n\t\t\t\t\t<\/div>\n\t\t\t\t<\/div>\n\t\t<div class=\"wd-negative-gap elementor-element elementor-element-5cabf26 e-flex e-con-boxed e-con e-parent\" data-id=\"5cabf26\" data-element_type=\"container\" data-e-type=\"container\">\n\t\t\t\t\t<div class=\"e-con-inner\">\n\t\t\t\t<div class=\"elementor-element elementor-element-93ec765 color-scheme-inherit text-left elementor-widget elementor-widget-text-editor\" data-id=\"93ec765\" data-element_type=\"widget\" data-e-type=\"widget\" data-widget_type=\"text-editor.default\">\n\t\t\t\t<div class=\"elementor-widget-container\">\n\t\t\t\t\t\t\t\t\t<ol><li>DUOMEN\u0172 VALDYMAS<\/li><\/ol><p>1.1 \u0160i politika taikoma veiklai Medapp Ltd. svetain\u0117je ir socialini\u0173 tinkl\u0173 platformose. U\u017e J\u016bs\u0173 asmens duomen\u0173 tvarkym\u0105 atsakinga SIA Medapp, kurios registracijos numeris 40203451999.<\/p><p>Kontaktin\u0117 informacija<\/p><p>Adresas: Duntes iela 7, Ryga, LV-1013<\/p><p>Telefonas: (+371)27888303<\/p><p>pa\u0161tas: info@medapp.lv<\/p><p>SIA Medapp specializuojasi ma\u017emenin\u0117je ir didmenin\u0117je prekyboje \u012fvairiais medicinos produktais visoje Latvijoje ir Baltijos \u0161alyse, bendradarbiauja su patikimais medicinos produkt\u0173 gamintojais.<\/p><ol start=\"2\"><li>ASMENS DUOMEN\u0172 RINKIMAS<\/li><\/ol><p>2.1. Ry\u0161io duomenys: renkame duomenis, kuriuos pateikiate bendraudami, pvz., el. lai\u0161kus ar socialini\u0173 tinkl\u0173 \u012fra\u0161us. Tai apima j\u016bs\u0173 kontaktinius duomenis, susira\u0161in\u0117jimo turin\u012f ir, jei taikoma, socialini\u0173 tinkl\u0173 profilio informacij\u0105.<\/p><p>2.2. Operacij\u0173 duomenys: renkame reikaling\u0105 informacij\u0105, toki\u0105 kaip j\u016bs\u0173 vardas, kontaktin\u0117 informacija ir mok\u0117jimo duomenys, kad gal\u0117tume teikti paslaugas.<\/p><ol start=\"3\"><li>DUOMEN\u0172 TVARKYMO TIKSLAI IR TEIS\u0116TUMAS<\/li><\/ol><p>3.1. SIA Medapp tvarko asmens duomenis tik konkre\u010diais, teis\u0117tais tikslais. M\u016bs\u0173 duomen\u0173 tvarkymo operacijos atitinka Bendrojo duomen\u0173 apsaugos reglamento ir Latvijos teis\u0117s akt\u0173 reikalavimus.<\/p><p>3.2. Bendravimas ir u\u017eklaus\u0173 tvarkymas: J\u016bs\u0173 duomenis tvarkome siekdami atsakyti \u012f J\u016bs\u0173 u\u017eklausas remdamiesi savo teis\u0117tais interesais.<\/p><p>3.3. Paslaug\u0173 teikimas: perkant Produkt\u0105 i\u0161 SIA Medapp, duomen\u0173 tvarkymas yra b\u016btinas norint \u012fvykdyti sutart\u012f tarp J\u016bs\u0173 ir SIA Medapp.<\/p><ol start=\"4\"><li>DUOMEN\u0172 SAUGOJIMAS IR PERDAVIMAS<\/li><\/ol><p>4.1. Asmens duomenis saugome tol, kol pasiekiamas tvarkymo tikslas, paprastai 1 metus nuo duomen\u0173 surinkimo, nebent \u012fstatymai numato kitaip. Po \u0161io laikotarpio duomenys saugiai i\u0161trinami. Mes neperduodame duomen\u0173 u\u017e Europos ekonomin\u0117s erdv\u0117s rib\u0173.<\/p><p>4.2. Mes galime dalytis duomenimis su tre\u010di\u0173j\u0173 \u0161ali\u0173 technini\u0173 paslaug\u0173 teik\u0117jais pagal sutart\u012f, taip pat su institucijomis, jei reikia, kad b\u016bt\u0173 laikomasi teisini\u0173 \u012fsipareigojim\u0173.<\/p><ol start=\"5\"><li>SLAPUK\u0172 NAUDOJIMAS<\/li><\/ol><p>5.1. Slapukai (<em>sausainiai<\/em>) yra nedideli failai, kurie saugomi j\u016bs\u0173 \u012frenginyje, siekiant pagerinti svetain\u0117s funkcionalum\u0105. Jie saugomi 8 m\u0117nesius nuo paskutinio apsilankymo ir gali b\u016bti tvarkomi per nar\u0161ykl\u0117s nustatymus.<\/p><ol start=\"6\"><li>MEDAPP SIA SLAPUK\u0172 NAUDOJIMAS<\/li><\/ol><p>6.1. Naudojame funkcinius slapukus, kad prisimintume vartotojo nuostatas, pvz., kalbos nustatymus. \u0160i\u0173 slapuk\u0173 naudojimas grind\u017eiamas m\u016bs\u0173 teis\u0117tais interesais.<\/p><ol start=\"7\"><li>J\u016aS\u0172 KAIP DUOMEN\u0172 SUBJEKTO TEIS\u0116S<\/li><\/ol><p>7.1. Teis\u0117 gauti informacij\u0105: pra\u0161yti patvirtinimo apie duomen\u0173 tvarkym\u0105, prieigos prie savo duomen\u0173 ar daugiau informacijos apie m\u016bs\u0173 duomen\u0173 tvarkymo praktik\u0105.<\/p><p>7.2. Teis\u0117 i\u0161taisyti: teis\u0117 i\u0161taisyti bet kokius m\u016bs\u0173 turimus netikslius duomenis apie jus.<\/p><p>Teis\u0117 \u012f i\u0161trinti duomenis: tam tikromis aplinkyb\u0117mis pra\u0161yti i\u0161trinti savo duomenis.<\/p><p>7.3. Duomen\u0173 tvarkymo apribojimai: apriboti, kaip mes naudojame j\u016bs\u0173 duomenis tam tikromis aplinkyb\u0117mis.<\/p><p>7.4. Teis\u0117 \u012f duomen\u0173 perkeliamum\u0105: gauti savo duomenis skaitomu formatu arba perduoti juos kitai institucijai.<\/p><p>7.5. Teis\u0117 nesutikti: nesutikti, kad duomenys b\u016bt\u0173 tvarkomi remiantis m\u016bs\u0173 teis\u0117tais interesais.<\/p><p>7.6. Naudojimasis \u0161iomis teis\u0117mis paprastai yra nemokamas. Ta\u010diau u\u017e nepagr\u012fstus ar perteklinius pra\u0161ymus gali b\u016bti imamas mokestis, atsi\u017evelgiant \u012f administracines i\u0161laidas.<\/p><p>7.7. Tapatyb\u0117s patvirtinimas: galime reikalauti pateikti tapatyb\u0119 patvirtinant\u012f dokument\u0105, kad \u012fvykdytume duomen\u0173 subjekto pra\u0161ymus.<\/p><p>Atsakymo laikas: Mes siekiame atsakyti per vien\u0105 m\u0117nes\u012f, sud\u0117ting\u0173 u\u017eklaus\u0173 atveju jis gali b\u016bti prat\u0119stas iki trij\u0173 m\u0117nesi\u0173.<\/p><p><em>Skundai gali b\u016bti pateikiami prie\u017ei\u016bros institucijai: jei turite klausim\u0173 d\u0117l m\u016bs\u0173 duomen\u0173 tvarkymo politikos, galite kreiptis \u012f Duomen\u0173 valstybin\u0119 inspekcij\u0105 (el. <\/em><a href=\"mailto:pasts@dvi.gov.lv\"><em>pasts@dvi.gov.lv<\/em><\/a><em>, adresas: Elijas iela 17, Ryga, LV-1050).<\/em><\/p>\t\t\t\t\t\t\t\t<\/div>\n\t\t\t\t<\/div>\n\t\t\t\t\t<\/div>\n\t\t\t\t<\/div>\n\t\t\t\t<\/div>","protected":false},"excerpt":{"rendered":"<p>SIA Medapp privatumo politika DUOMEN\u0172 VALDYMAS 1.1 \u0160i politika taikoma veiklai SIA Medapp svetain\u0117je ir socialini\u0173 tinkl\u0173 platformose.<\/p>","protected":false},"author":1,"featured_media":0,"parent":0,"menu_order":0,"comment_status":"closed","ping_status":"closed","template":"","meta":{"footnotes":""},"class_list":["post-15584","page","type-page","status-publish","hentry"],"_links":{"self":[{"href":"https:\/\/medapp.lv\/lt\/wp-json\/wp\/v2\/pages\/15584","targetHints":{"allow":["GET"]}}],"collection":[{"href":"https:\/\/medapp.lv\/lt\/wp-json\/wp\/v2\/pages"}],"about":[{"href":"https:\/\/medapp.lv\/lt\/wp-json\/wp\/v2\/types\/page"}],"author":[{"embeddable":true,"href":"https:\/\/medapp.lv\/lt\/wp-json\/wp\/v2\/users\/1"}],"replies":[{"embeddable":true,"href":"https:\/\/medapp.lv\/lt\/wp-json\/wp\/v2\/comments?post=15584"}],"version-history":[{"count":14,"href":"https:\/\/medapp.lv\/lt\/wp-json\/wp\/v2\/pages\/15584\/revisions"}],"predecessor-version":[{"id":19122,"href":"https:\/\/medapp.lv\/lt\/wp-json\/wp\/v2\/pages\/15584\/revisions\/19122"}],"wp:attachment":[{"href":"https:\/\/medapp.lv\/lt\/wp-json\/wp\/v2\/media?parent=15584"}],"curies":[{"name":"wp","href":"https:\/\/api.w.org\/{rel}","templated":true}]}}