{"id":16109,"date":"2024-02-26T15:30:01","date_gmt":"2024-02-26T13:30:01","guid":{"rendered":"https:\/\/mareksj17.sg-host.com\/?page_id=16109"},"modified":"2024-03-13T16:58:59","modified_gmt":"2024-03-13T14:58:59","slug":"precu-atgriesanas-un-naudas-atmaksas-noteikumi","status":"publish","type":"page","link":"https:\/\/medapp.lv\/lt\/precu-atgriesanas-un-naudas-atmaksas-noteikumi\/","title":{"rendered":"Gr\u0105\u017einimo ir pinig\u0173 gr\u0105\u017einimo politika"},"content":{"rendered":"<div data-elementor-type=\"wp-page\" data-elementor-id=\"16109\" class=\"elementor elementor-16109\" data-elementor-post-type=\"page\">\n\t\t\t\t<div class=\"wd-negative-gap elementor-element elementor-element-b7244c6 e-flex e-con-boxed e-con e-parent\" data-id=\"b7244c6\" data-element_type=\"container\" data-e-type=\"container\">\n\t\t\t\t\t<div class=\"e-con-inner\">\n\t\t\t\t<div class=\"elementor-element elementor-element-b94c9a0 elementor-widget elementor-widget-heading\" data-id=\"b94c9a0\" data-element_type=\"widget\" data-e-type=\"widget\" data-widget_type=\"heading.default\">\n\t\t\t\t<div class=\"elementor-widget-container\">\n\t\t\t\t\t<h1 class=\"elementor-heading-title elementor-size-default\">SIA Medapp Preki\u0173 gr\u0105\u017einimo ir pinig\u0173 gr\u0105\u017einimo taisykl\u0117s<\/h1>\t\t\t\t<\/div>\n\t\t\t\t<\/div>\n\t\t\t\t\t<\/div>\n\t\t\t\t<\/div>\n\t\t<div class=\"wd-negative-gap elementor-element elementor-element-c1bea67 e-flex e-con-boxed e-con e-parent\" data-id=\"c1bea67\" data-element_type=\"container\" data-e-type=\"container\">\n\t\t\t\t\t<div class=\"e-con-inner\">\n\t\t\t\t<div class=\"elementor-element elementor-element-beeb0e7 color-scheme-inherit text-left elementor-widget elementor-widget-text-editor\" data-id=\"beeb0e7\" data-element_type=\"widget\" data-e-type=\"widget\" data-widget_type=\"text-editor.default\">\n\t\t\t\t<div class=\"elementor-widget-container\">\n\t\t\t\t\t\t\t\t\t<ol><li>\u012evadas<\/li><\/ol><ul><li>Ltd. Medapp yra \u012fsipareigojusi patenkinti klientus. \u0160ioje gr\u0105\u017einimo ir pinig\u0173 gr\u0105\u017einimo politikoje nustatytos s\u0105lygos, kuriomis galite gr\u0105\u017einti ir atgauti pinigus u\u017e pirkinius, \u012fsigytus m\u016bs\u0173 svetain\u0117je medapp.lv ir m\u016bs\u0173 fizin\u0117se parduotuv\u0117se.<\/li><\/ul><ol start=\"2\"><li>Prek\u0117s atitikimas gr\u0105\u017einimo politikai<\/li><\/ol><ul><li>Terminas: Klientai gali gr\u0105\u017einti prekes per 14 dien\u0173 nuo \u012fsigijimo.<\/li><li>Prek\u0117s b\u016bkl\u0117: Prek\u0117s gr\u0105\u017einamos nenaudotos, originalioje pakuot\u0117je, su nenuimtomis etiket\u0117mis ir dokumentacija.<\/li><li>Produkt\u0173 i\u0161imtys: klientai negali gr\u0105\u017einti pritaikyt\u0173 ar individualizuot\u0173 produkt\u0173 arba preki\u0173, pirkimo metu pa\u017eym\u0117t\u0173 kaip negr\u0105\u017eintinos.<\/li><\/ul><ol start=\"3\"><li>Preki\u0173 gr\u0105\u017einimo tvarka<\/li><\/ol><ul><li>Pra\u0161ymas gr\u0105\u017einti: nor\u0117dami inicijuoti gr\u0105\u017einim\u0105, susisiekite su mumis el <a href=\"mailto:info@medapp.lv\">info@medapp.lv<\/a> arba skambinkite +371 27888303. Nurodykite u\u017esakymo numer\u012f ir gr\u0105\u017einimo prie\u017east\u012f.<\/li><li>Gr\u0105\u017einimo siuntimas: Klientas yra atsakingas u\u017e gr\u0105\u017einimo siuntimo i\u0161laidas, i\u0161skyrus atvejus, kai Prek\u0117 gr\u0105\u017einama d\u0117l defekto ar netinkamo siuntimo.<\/li><li>Gr\u0105\u017einimo patikrinimas: gavus prek\u0119 patikrinama, ar ji atitinka m\u016bs\u0173 gr\u0105\u017einimo politik\u0105.<\/li><\/ul><ol start=\"4\"><li>Gr\u0105\u017einti pinigus<\/li><\/ol><ul><li>Pinig\u0173 gr\u0105\u017einimo apdorojimas: jei taikoma, pinigai bus gr\u0105\u017einti per 14 dien\u0173 nuo gr\u0105\u017eintos prek\u0117s gavimo.<\/li><li>Gr\u0105\u017einimo b\u016bdas: gr\u0105\u017einama suma bus pervedama \u012f pradin\u012f mok\u0117jimo b\u016bd\u0105.<\/li><li>Dalinis pinig\u0173 gr\u0105\u017einimas: Dalinis pinig\u0173 gr\u0105\u017einimas gali b\u016bti gautas tais atvejais, kai prek\u0117 gr\u0105\u017einama naudota arba sugadinta (nebent tai yra gamybos brokas).<\/li><\/ul><ol start=\"5\"><li>Preki\u0173 mainai<\/li><\/ol><ul><li>Keitimo parinktys: klientai taip pat gali pasirinkti keisti prek\u0119, o ne gr\u0105\u017einti pinigus. Keitimo galimyb\u0117s priklauso nuo norimos prek\u0117s prieinamumo.<\/li><li>Keitimo procesas: keitimo procesui taikomos gr\u0105\u017einimo s\u0105lygos. Patvirtinus gr\u0105\u017einim\u0105, nauja prek\u0117 bus i\u0161si\u0173sta.<\/li><li>Sugadintos prek\u0117s arba prek\u0117s su broku<\/li><li>Prane\u0161imas apie \u017eal\u0105: jei gavote sugadint\u0105 ar nekokybi\u0161k\u0105 prek\u0119, prane\u0161kite apie tai mums per 7 dienas nuo pristatymo, kad b\u016bt\u0173 gr\u0105\u017eintos visos l\u0117\u0161os arba b\u016bt\u0173 pakeista.<\/li><li>\u017dalos \u012frodymas: susisiekdami su mumis pateikite defekto ar \u017ealos \u012frodymus.<\/li><\/ul><ol start=\"6\"><li>U\u017esakymo at\u0161aukimas<\/li><\/ol><ul><li>At\u0161aukimas prie\u0161 i\u0161siuntim\u0105: u\u017esakymai, at\u0161aukti prie\u0161 i\u0161siuntim\u0105, bus visi\u0161kai gr\u0105\u017einti.<\/li><li>At\u0161aukimas po i\u0161siuntimo: Jei u\u017esakymas at\u0161aukiamas po jo i\u0161siuntimo, bus taikoma gr\u0105\u017einimo politika, o siuntimo i\u0161laidas padengs klientas.<\/li><li>Apribojimai<\/li><li>Negr\u0105\u017einamos paslaugos: u\u017e SIA Medapp teikiamas paslaugas, tokias kaip pristatymas ar montavimas, u\u017ebaigus, pinigai negr\u0105\u017einami.<\/li><li>Teisin\u0117 atitiktis: \u0161i politika atitinka Latvijos vartotoj\u0173 apsaugos \u012fstatymus ir kitus teis\u0117s aktus.<\/li><\/ul><ol start=\"7\"><li>Kontaktin\u0117 informacija<\/li><\/ol><ul><li>Jei turite klausim\u0173 ar neai\u0161kum\u0173 d\u0117l \u0161ios gr\u0105\u017einimo ir gr\u0105\u017einimo politikos, susisiekite su mumis:<\/li><li>El. pa\u0161tas: <a href=\"mailto:info@medapp.lv\">info@medapp.lv<\/a><\/li><li>Telefonas: (+371) 27888303<\/li><li>Adresas: Duntes iela 7, Ryga, LV-1013<\/li><\/ul>\t\t\t\t\t\t\t\t<\/div>\n\t\t\t\t<\/div>\n\t\t\t\t\t<\/div>\n\t\t\t\t<\/div>\n\t\t\t\t<\/div>","protected":false},"excerpt":{"rendered":"<p>SIA Medapp gr\u0105\u017einimo ir pinig\u0173 gr\u0105\u017einimo politika \u012evadas SIA Medapp yra \u012fsipareigojusi patenkinti klientus. \u0160iuose produktuose gr\u0105\u017einami ir<\/p>","protected":false},"author":1,"featured_media":0,"parent":0,"menu_order":0,"comment_status":"closed","ping_status":"closed","template":"","meta":{"footnotes":""},"class_list":["post-16109","page","type-page","status-publish","hentry"],"_links":{"self":[{"href":"https:\/\/medapp.lv\/lt\/wp-json\/wp\/v2\/pages\/16109","targetHints":{"allow":["GET"]}}],"collection":[{"href":"https:\/\/medapp.lv\/lt\/wp-json\/wp\/v2\/pages"}],"about":[{"href":"https:\/\/medapp.lv\/lt\/wp-json\/wp\/v2\/types\/page"}],"author":[{"embeddable":true,"href":"https:\/\/medapp.lv\/lt\/wp-json\/wp\/v2\/users\/1"}],"replies":[{"embeddable":true,"href":"https:\/\/medapp.lv\/lt\/wp-json\/wp\/v2\/comments?post=16109"}],"version-history":[{"count":10,"href":"https:\/\/medapp.lv\/lt\/wp-json\/wp\/v2\/pages\/16109\/revisions"}],"predecessor-version":[{"id":19130,"href":"https:\/\/medapp.lv\/lt\/wp-json\/wp\/v2\/pages\/16109\/revisions\/19130"}],"wp:attachment":[{"href":"https:\/\/medapp.lv\/lt\/wp-json\/wp\/v2\/media?parent=16109"}],"curies":[{"name":"wp","href":"https:\/\/api.w.org\/{rel}","templated":true}]}}