{"id":16117,"date":"2024-02-26T15:31:32","date_gmt":"2024-02-26T13:31:32","guid":{"rendered":"https:\/\/mareksj17.sg-host.com\/?page_id=16117"},"modified":"2024-03-13T16:59:11","modified_gmt":"2024-03-13T14:59:11","slug":"juridiskais-pazinojums","status":"publish","type":"page","link":"https:\/\/medapp.lv\/lt\/juridiskais-pazinojums\/","title":{"rendered":"Teisinis \u012fsp\u0117jimas"},"content":{"rendered":"<div data-elementor-type=\"wp-page\" data-elementor-id=\"16117\" class=\"elementor elementor-16117\" data-elementor-post-type=\"page\">\n\t\t\t\t<div class=\"wd-negative-gap elementor-element elementor-element-8550b83 e-flex e-con-boxed e-con e-parent\" data-id=\"8550b83\" data-element_type=\"container\" data-e-type=\"container\">\n\t\t\t\t\t<div class=\"e-con-inner\">\n\t\t\t\t<div class=\"elementor-element elementor-element-468889b elementor-widget elementor-widget-heading\" data-id=\"468889b\" data-element_type=\"widget\" data-e-type=\"widget\" data-widget_type=\"heading.default\">\n\t\t\t\t<div class=\"elementor-widget-container\">\n\t\t\t\t\t<h1 class=\"elementor-heading-title elementor-size-default\">Teisinis prane\u0161imas, skirtas SIA Medapp svetainei<\/h1>\t\t\t\t<\/div>\n\t\t\t\t<\/div>\n\t\t\t\t\t<\/div>\n\t\t\t\t<\/div>\n\t\t<div class=\"wd-negative-gap elementor-element elementor-element-c8c8134 e-flex e-con-boxed e-con e-parent\" data-id=\"c8c8134\" data-element_type=\"container\" data-e-type=\"container\">\n\t\t\t\t\t<div class=\"e-con-inner\">\n\t\t\t\t<div class=\"elementor-element elementor-element-bb0460b color-scheme-inherit text-left elementor-widget elementor-widget-text-editor\" data-id=\"bb0460b\" data-element_type=\"widget\" data-e-type=\"widget\" data-widget_type=\"text-editor.default\">\n\t\t\t\t<div class=\"elementor-widget-container\">\n\t\t\t\t\t\t\t\t\t<ol><li>\u012evadas<\/li><\/ol><p>\u0160is teisinis prane\u0161imas taikomas visiems SIA Medapp svetain\u0117s (medapp.lv) lankytojams ir vartotojams. Prisijungdami prie \u0161ios svetain\u0117s sutinkate su \u0161iame prane\u0161ime nurodytomis s\u0105lygomis.<\/p><ol start=\"2\"><li>Tinklalapio nuosavyb\u0117<\/li><\/ol><p>Svetain\u0117s valdytojas: svetain\u0119 medapp.lv valdo SIA Medapp.<\/p><p>Registracijos duomenys: SIA Medapp, registruota Latvijoje, registracijos numeris 40203451999.<\/p><p>Biuro adresas: Duntes iela 7, Ryga, LV-1013.<\/p><ol start=\"3\"><li>Intelektin\u0117s nuosavyb\u0117s teis\u0117s<\/li><\/ol><p>Visas \u0161ios svetain\u0117s turinys, \u012fskaitant tekst\u0105, grafik\u0105, logotipus, vaizdus ir programin\u0119 \u012frang\u0105, yra SIA Medapp arba jos turinio tiek\u0117j\u0173 nuosavyb\u0117 ir yra saugomas Latvijos ir tarptautini\u0173 autori\u0173 teisi\u0173 bei intelektin\u0117s nuosavyb\u0117s \u012fstatym\u0173.<\/p><p>SIA Medapp pavadinimas ir logotipas, taip pat visi susij\u0119 produkt\u0173 ir paslaug\u0173 pavadinimai, dizaino \u017eenklai ir \u0161\u016bkiai yra SIA Medapp preki\u0173 \u017eenklai arba paslaug\u0173 \u017eenklai. Su \u0161ioje svetain\u0117je esan\u010dia med\u017eiaga nesuteikiama jokia prek\u0117s \u017eenklo ar paslaug\u0173 \u017eenklo licencija.<\/p><ol start=\"4\"><li>Svetain\u0117s naudojimas<\/li><\/ol><p>\u0160i svetain\u0117 skirta asmeniniam ir nekomerciniam naudojimui. J\u016bs negalite keisti, kopijuoti, platinti, perduoti, rodyti, atgaminti, publikuoti, licencijuoti ir kurti i\u0161vestini\u0173 k\u016brini\u0173, perduoti ar parduoti jokios informacijos, programin\u0117s \u012frangos, produkt\u0173 ar paslaug\u0173, gaut\u0173 i\u0161 \u0161ios svetain\u0117s, be i\u0161ankstinio ra\u0161ti\u0161ko SIA Medapp sutikimo.<\/p><ol start=\"5\"><li>Atsisakymas<\/li><\/ol><p>SIA Medapp svetain\u0117s turinys dabartine forma pateikiamas tik bendrais informaciniais tikslais. Tai n\u0117ra medicinin\u0117 konsultacija arba profesionalios sveikatos prie\u017ei\u016bros patarimo pakaitalas.<\/p><p>SIA Medapp negarantuoja \u0161ioje svetain\u0117je pateiktos informacijos tikslumo, i\u0161samumo ar naudingumo, taip pat nepriima, nepatvirtina ir neatsako u\u017e bet koki\u0173 nuomoni\u0173, patarim\u0173 ar teigini\u0173 tikslum\u0105 ar patikimum\u0105.<\/p><p>Atsakomyb\u0117s apribojimai<\/p><p>Medapp Ltd. jokiomis aplinkyb\u0117mis neprisiima atsakomyb\u0117s u\u017e jokius tiesioginius, netiesioginius, atsitiktinius, specialius ar pasekminius nuostolius, kylan\u010dius d\u0117l \u0161ios svetain\u0117s med\u017eiagos naudojimo ar negal\u0117jimo naudoti.<\/p><ol start=\"6\"><li>Privatumas<\/li><\/ol><p>SIA Medapp privatumo politika taip pat taikoma naudojant medapp.lv. Per\u017ei\u016br\u0117kite m\u016bs\u0173 privatumo politik\u0105, kuri taip pat reglamentuoja svetain\u0117s veikl\u0105 ir informuoja vartotojus apie duomen\u0173 rinkimo praktik\u0105.<\/p><ol start=\"7\"><li>Taikytina teis\u0117<\/li><\/ol><p>\u0160is teisinis prane\u0161imas reglamentuojamas ir ai\u0161kinamas pagal Latvijos Respublikos \u012fstatymus. Bet koks gin\u010das, kylantis d\u0117l \u010dia pateiktos informacijos arba susij\u0119s su ja, yra sprend\u017eiamas Latvijos jurisdikcijoje.<\/p><p>Teisinio prane\u0161imo pakeitimai<\/p><p>SIA Medapp pasilieka teis\u0119 bet kuriuo metu keisti \u0161\u012f teisin\u012f prane\u0161im\u0105. Jei ir toliau naudosit\u0117s \u0161ia svetaine po bet koki\u0173 pakeitim\u0173 paskelbimo, tai rei\u0161kia, kad sutinkate su tais pakeitimais.<\/p><ol start=\"8\"><li>Kontaktin\u0117 informacija<\/li><\/ol><p>Jei turite klausim\u0173 ar neai\u0161kum\u0173 d\u0117l \u0161io teisinio prane\u0161imo, susisiekite su mumis:<\/p><p>El. pa\u0161tas: <a href=\"mailto:info@medapp.lv\">info@medapp.lv<\/a><\/p><p>Telefonas: (+371) 27888303<\/p><p>Adresas: Duntes iela 7, Ryga, LV-1013<\/p>\t\t\t\t\t\t\t\t<\/div>\n\t\t\t\t<\/div>\n\t\t\t\t\t<\/div>\n\t\t\t\t<\/div>\n\t\t\t\t<\/div>","protected":false},"excerpt":{"rendered":"<p>Teisinis prane\u0161imas, skirtas SIA Medapp svetainei \u012evadas \u0160is teisinis prane\u0161imas taikomas visiems SIA Medapp svetain\u0117s (medapp.lv) lankytojams ir<\/p>","protected":false},"author":1,"featured_media":0,"parent":0,"menu_order":0,"comment_status":"closed","ping_status":"closed","template":"","meta":{"footnotes":""},"class_list":["post-16117","page","type-page","status-publish","hentry"],"_links":{"self":[{"href":"https:\/\/medapp.lv\/lt\/wp-json\/wp\/v2\/pages\/16117","targetHints":{"allow":["GET"]}}],"collection":[{"href":"https:\/\/medapp.lv\/lt\/wp-json\/wp\/v2\/pages"}],"about":[{"href":"https:\/\/medapp.lv\/lt\/wp-json\/wp\/v2\/types\/page"}],"author":[{"embeddable":true,"href":"https:\/\/medapp.lv\/lt\/wp-json\/wp\/v2\/users\/1"}],"replies":[{"embeddable":true,"href":"https:\/\/medapp.lv\/lt\/wp-json\/wp\/v2\/comments?post=16117"}],"version-history":[{"count":10,"href":"https:\/\/medapp.lv\/lt\/wp-json\/wp\/v2\/pages\/16117\/revisions"}],"predecessor-version":[{"id":19134,"href":"https:\/\/medapp.lv\/lt\/wp-json\/wp\/v2\/pages\/16117\/revisions\/19134"}],"wp:attachment":[{"href":"https:\/\/medapp.lv\/lt\/wp-json\/wp\/v2\/media?parent=16117"}],"curies":[{"name":"wp","href":"https:\/\/api.w.org\/{rel}","templated":true}]}}