{"id":21662,"date":"2025-08-21T09:35:24","date_gmt":"2025-08-21T07:35:24","guid":{"rendered":"https:\/\/medapp.lv\/?page_id=21662"},"modified":"2025-08-21T14:19:13","modified_gmt":"2025-08-21T12:19:13","slug":"maksajumu-iespejas-ar-inbank","status":"publish","type":"page","link":"https:\/\/medapp.lv\/lt\/maksajumu-iespejas-ar-inbank\/","title":{"rendered":"Mok\u0117jimo galimyb\u0117s su \u201eInbank\u201c"},"content":{"rendered":"<div data-elementor-type=\"wp-page\" data-elementor-id=\"21662\" class=\"elementor elementor-21662\" data-elementor-post-type=\"page\">\n\t\t\t\t<div class=\"wd-negative-gap elementor-element elementor-element-9a97d88 e-flex e-con-boxed e-con e-parent\" data-id=\"9a97d88\" data-element_type=\"container\" data-e-type=\"container\">\n\t\t\t\t\t<div class=\"e-con-inner\">\n\t\t\t\t<div class=\"elementor-element elementor-element-f75c8be elementor-widget elementor-widget-wd_image_or_svg\" data-id=\"f75c8be\" data-element_type=\"widget\" data-e-type=\"widget\" data-widget_type=\"wd_image_or_svg.default\">\n\t\t\t\t<div class=\"elementor-widget-container\">\n\t\t\t\t\t\n\t\t<div class=\"wd-image text-center\">\n\t\t\t\t\t\t\t\t<img decoding=\"async\" width=\"400\" height=\"210\" src=\"https:\/\/medapp.lv\/wp-content\/uploads\/2025\/08\/inbank-logo-400x210.png\" class=\"attachment-medium size-medium\" alt=\"\" srcset=\"https:\/\/medapp.lv\/wp-content\/uploads\/2025\/08\/inbank-logo-400x210.png 400w, https:\/\/medapp.lv\/wp-content\/uploads\/2025\/08\/inbank-logo-1300x683.png 1300w, https:\/\/medapp.lv\/wp-content\/uploads\/2025\/08\/inbank-logo-768x403.png 768w, https:\/\/medapp.lv\/wp-content\/uploads\/2025\/08\/inbank-logo-1536x806.png 1536w, https:\/\/medapp.lv\/wp-content\/uploads\/2025\/08\/inbank-logo-2048x1075.png 2048w, https:\/\/medapp.lv\/wp-content\/uploads\/2025\/08\/inbank-logo-18x9.png 18w, https:\/\/medapp.lv\/wp-content\/uploads\/2025\/08\/inbank-logo-430x226.png 430w, https:\/\/medapp.lv\/wp-content\/uploads\/2025\/08\/inbank-logo-700x368.png 700w, https:\/\/medapp.lv\/wp-content\/uploads\/2025\/08\/inbank-logo-150x79.png 150w\" sizes=\"(max-width: 400px) 100vw, 400px\" \/>\t\t\t\t\t<\/div>\n\n\t\t\t\t\t\t<\/div>\n\t\t\t\t<\/div>\n\t\t\t\t<div class=\"elementor-element elementor-element-892549a wd-width-100 elementor-widget elementor-widget-wd_title\" data-id=\"892549a\" data-element_type=\"widget\" data-e-type=\"widget\" data-widget_type=\"wd_title.default\">\n\t\t\t\t<div class=\"elementor-widget-container\">\n\t\t\t\t\t\t\t<div class=\"title-wrapper wd-set-mb reset-last-child wd-title-color-default wd-title-style-default wd-title-size-default text-center\">\n\n\t\t\t\n\t\t\t<div class=\"liner-continer\">\n\t\t\t\t<h4 class=\"woodmart-title-container title wd-fontsize-l\">Bendradarbiaudami su \u201eInbank\u201c, si\u016blome patog\u0173 mok\u0117jimo b\u016bd\u0105 \u201eMok\u0117jimas dalimis\u201c, kuris leid\u017eia i\u0161 karto nusipirkti tai, ko jums reikia, ir sumok\u0117ti v\u0117liau.<\/h4> \n\t\t\t\t\t\t\t<\/div>\n\n\t\t\t\t\t<\/div>\n\t\t\t\t\t\t<\/div>\n\t\t\t\t<\/div>\n\t\t\t\t<div class=\"elementor-element elementor-element-194e892 elementor-widget elementor-widget-spacer\" data-id=\"194e892\" data-element_type=\"widget\" data-e-type=\"widget\" data-widget_type=\"spacer.default\">\n\t\t\t\t<div class=\"elementor-widget-container\">\n\t\t\t\t\t\t\t<div class=\"elementor-spacer\">\n\t\t\t<div class=\"elementor-spacer-inner\"><\/div>\n\t\t<\/div>\n\t\t\t\t\t\t<\/div>\n\t\t\t\t<\/div>\n\t\t\t\t<div class=\"elementor-element elementor-element-12c0e55 elementor-widget elementor-widget-wd_text_block\" data-id=\"12c0e55\" data-element_type=\"widget\" data-e-type=\"widget\" data-widget_type=\"wd_text_block.default\">\n\t\t\t\t<div class=\"elementor-widget-container\">\n\t\t\t\t\t\t\t<div class=\"wd-text-block reset-last-child text-left\">\n\t\t\t\n\t\t\t<h2><strong>Kaip tai veikia?<\/strong><\/h2><h2>\u2022 Pirkimo suma padalinta \u012f 3 lygias \u012fmokas<\/h2><h2>\u2022 0% pal\u016bkan\u0173 norma<\/h2><h2>\u2022 Joki\u0173 sutarties mokes\u010di\u0173<\/h2><h2>\u2022 Nereikia pradinio \u012fna\u0161o<\/h2><h2>\u2022 Pirmas mok\u0117jimas tik po m\u0117nesio<\/h2><p>\u00a0<\/p><h2>S\u0105lygos:<\/h2><h2>\u2022 Pirkimo suma: 75\u20132500 \u20ac<\/h2><h2>\u2022 Gr\u0105\u017einimo laikotarpis: 3 m\u0117nesiai<\/h2><h2>\u2022 Patvirtinimas per kelias minutes<\/h2><h2>\u00a0<\/h2><h2>Kaip pateikti parai\u0161k\u0105?<\/h2><h2>1. Pasirinkite produkt\u0105 m\u016bs\u0173 svetain\u0117je.<\/h2><h2>2. Atlikdami mok\u0117jim\u0105, pasirinkite \u201eInbank\u201c \u2013 \u201ePadalinti \u012fmokomis\u201c.<\/h2><h2>3. U\u017epildykite trump\u0105 parai\u0161kos form\u0105.<\/h2><h2>4. Gaukite patvirtinim\u0105 internetu per kelias minutes.<\/h2><h4>\u00a0<\/h4><h4>Papildoma informacija<\/h4><h4>Jei turite klausim\u0173 d\u0117l mok\u0117jimo b\u016bdo, susisiekite:<br \/>\ud83d\udcde +371 66 939 000<br \/>\ud83d\udce7 info@inbank.lv<br \/>\ud83c\udf10 <a href=\"http:\/\/www.inbank.lv\" rel=\"nofollow noopener\" target=\"_blank\">www.inbank.lv<\/a><\/h4><h5>\u00a0<\/h5><h5>\ud83d\udc49 Patogu, saugu ir be permok\u0173 \u2013 padalinkite pirkin\u012f \u012f 3 dalis su \u201eInbank\u201c!<\/h5>\n\t\t\t\t\t<\/div>\n\t\t\t\t\t\t<\/div>\n\t\t\t\t<\/div>\n\t\t\t\t<div class=\"elementor-element elementor-element-45f400e elementor-widget elementor-widget-spacer\" data-id=\"45f400e\" data-element_type=\"widget\" data-e-type=\"widget\" data-widget_type=\"spacer.default\">\n\t\t\t\t<div class=\"elementor-widget-container\">\n\t\t\t\t\t\t\t<div class=\"elementor-spacer\">\n\t\t\t<div class=\"elementor-spacer-inner\"><\/div>\n\t\t<\/div>\n\t\t\t\t\t\t<\/div>\n\t\t\t\t<\/div>\n\t\t\t\t\t<\/div>\n\t\t\t\t<\/div>\n\t\t<div class=\"wd-negative-gap elementor-element elementor-element-63156a6 e-flex e-con-boxed e-con e-parent\" data-id=\"63156a6\" data-element_type=\"container\" data-e-type=\"container\">\n\t\t\t\t\t<div class=\"e-con-inner\">\n\t\t\t\t<div class=\"elementor-element elementor-element-cc8cc19 elementor-widget elementor-widget-wd_image_or_svg\" data-id=\"cc8cc19\" data-element_type=\"widget\" data-e-type=\"widget\" data-widget_type=\"wd_image_or_svg.default\">\n\t\t\t\t<div class=\"elementor-widget-container\">\n\t\t\t\t\t\n\t\t<div class=\"wd-image text-left\">\n\t\t\t\t\t\t\t<a href=\"https:\/\/inbank.lv\/documents\/lv\/lv\/pdf\/pay_later_conditions.pdf\" aria-label=\"Image link\" rel=\"nofollow noopener\" target=\"_blank\">\n\t\t\t\t\t\t\t\t<img decoding=\"async\" width=\"2345\" height=\"2560\" src=\"https:\/\/medapp.lv\/wp-content\/uploads\/2025\/08\/split-into-parts-example-scaled.png\" class=\"attachment-full size-full\" alt=\"\" srcset=\"https:\/\/medapp.lv\/wp-content\/uploads\/2025\/08\/split-into-parts-example-scaled.png 2345w, https:\/\/medapp.lv\/wp-content\/uploads\/2025\/08\/split-into-parts-example-275x300.png 275w, https:\/\/medapp.lv\/wp-content\/uploads\/2025\/08\/split-into-parts-example-733x800.png 733w, https:\/\/medapp.lv\/wp-content\/uploads\/2025\/08\/split-into-parts-example-768x839.png 768w, https:\/\/medapp.lv\/wp-content\/uploads\/2025\/08\/split-into-parts-example-1407x1536.png 1407w, https:\/\/medapp.lv\/wp-content\/uploads\/2025\/08\/split-into-parts-example-1876x2048.png 1876w, https:\/\/medapp.lv\/wp-content\/uploads\/2025\/08\/split-into-parts-example-11x12.png 11w, https:\/\/medapp.lv\/wp-content\/uploads\/2025\/08\/split-into-parts-example-430x469.png 430w, https:\/\/medapp.lv\/wp-content\/uploads\/2025\/08\/split-into-parts-example-700x764.png 700w, https:\/\/medapp.lv\/wp-content\/uploads\/2025\/08\/split-into-parts-example-150x164.png 150w\" sizes=\"(max-width: 2345px) 100vw, 2345px\" \/>\t\t\t\t\t\t\t<\/a>\n\t\t\t\t\t<\/div>\n\n\t\t\t\t\t\t<\/div>\n\t\t\t\t<\/div>\n\t\t\t\t\t<\/div>\n\t\t\t\t<\/div>\n\t\t\t\t<\/div>","protected":false},"excerpt":{"rendered":"<p>Bendradarbiaudami su \u201cInbank\u201d, si\u016blome patog\u0173 mok\u0117jimo b\u016bd\u0105 \u201eMok\u0117jimas dalimis\u201c, kuris leid\u017eia i\u0161 karto nusipirkti tai, ko jums reikia, ir sumok\u0117ti v\u0117liau. Kaip tai veikia?<\/p>","protected":false},"author":50,"featured_media":0,"parent":0,"menu_order":0,"comment_status":"closed","ping_status":"closed","template":"","meta":{"footnotes":""},"class_list":["post-21662","page","type-page","status-publish","hentry"],"_links":{"self":[{"href":"https:\/\/medapp.lv\/lt\/wp-json\/wp\/v2\/pages\/21662","targetHints":{"allow":["GET"]}}],"collection":[{"href":"https:\/\/medapp.lv\/lt\/wp-json\/wp\/v2\/pages"}],"about":[{"href":"https:\/\/medapp.lv\/lt\/wp-json\/wp\/v2\/types\/page"}],"author":[{"embeddable":true,"href":"https:\/\/medapp.lv\/lt\/wp-json\/wp\/v2\/users\/50"}],"replies":[{"embeddable":true,"href":"https:\/\/medapp.lv\/lt\/wp-json\/wp\/v2\/comments?post=21662"}],"version-history":[{"count":33,"href":"https:\/\/medapp.lv\/lt\/wp-json\/wp\/v2\/pages\/21662\/revisions"}],"predecessor-version":[{"id":21727,"href":"https:\/\/medapp.lv\/lt\/wp-json\/wp\/v2\/pages\/21662\/revisions\/21727"}],"wp:attachment":[{"href":"https:\/\/medapp.lv\/lt\/wp-json\/wp\/v2\/media?parent=21662"}],"curies":[{"name":"wp","href":"https:\/\/api.w.org\/{rel}","templated":true}]}}