{"id":4400,"date":"2021-10-12T15:51:09","date_gmt":"2021-10-12T15:51:09","guid":{"rendered":"http:\/\/dummy.xtemos.com\/woodmart2\/elementor\/?page_id=4400"},"modified":"2025-07-01T14:50:58","modified_gmt":"2025-07-01T12:50:58","slug":"par-mums","status":"publish","type":"page","link":"https:\/\/medapp.lv\/lt\/par-mums\/","title":{"rendered":"Apie mus"},"content":{"rendered":"<div data-elementor-type=\"wp-page\" data-elementor-id=\"4400\" class=\"elementor elementor-4400\" data-elementor-post-type=\"page\">\n\t\t\t\t<div class=\"wd-negative-gap elementor-element elementor-element-ea504bd wd-section-stretch e-flex e-con-boxed e-con e-parent\" data-id=\"ea504bd\" data-element_type=\"container\" data-e-type=\"container\" data-settings=\"{&quot;background_background&quot;:&quot;classic&quot;}\">\n\t\t\t\t\t<div class=\"e-con-inner\">\n\t\t\t\t<div class=\"elementor-element elementor-element-21f2d23 wd-width-100 elementor-widget elementor-widget-wd_title\" data-id=\"21f2d23\" data-element_type=\"widget\" data-e-type=\"widget\" data-widget_type=\"wd_title.default\">\n\t\t\t\t<div class=\"elementor-widget-container\">\n\t\t\t\t\t\t\t<div class=\"title-wrapper wd-set-mb reset-last-child wd-title-color-primary wd-title-style-default wd-title-size-default text-center\">\n\n\t\t\t\n\t\t\t<div class=\"liner-continer\">\n\t\t\t\t<h2 class=\"woodmart-title-container title wd-fontsize-l\">Susipa\u017einkite su Medapp komanda<\/h2> \n\t\t\t\t\t\t\t<\/div>\n\n\t\t\t\t\t<\/div>\n\t\t\t\t\t\t<\/div>\n\t\t\t\t<\/div>\n\t\t\t\t<div class=\"elementor-element elementor-element-56c5be3 elementor-align-center elementor-widget elementor-widget-breadcrumbs\" data-id=\"56c5be3\" data-element_type=\"widget\" data-e-type=\"widget\" data-widget_type=\"breadcrumbs.default\">\n\t\t\t\t<div class=\"elementor-widget-container\">\n\t\t\t\t\t<nav aria-label=\"duonos trupiniai\" class=\"rank-math-breadcrumb\"><p><span class=\"last\">Pagrindinis puslapis<\/span><\/p><\/nav>\t\t\t\t<\/div>\n\t\t\t\t<\/div>\n\t\t\t\t\t<\/div>\n\t\t\t\t<\/div>\n\t\t\t\t<section class=\"wd-negative-gap elementor-section elementor-top-section elementor-element elementor-element-36612b13 wd-section-stretch elementor-section-content-middle elementor-section-full_width elementor-section-height-default elementor-section-height-default\" data-id=\"36612b13\" data-element_type=\"section\" data-e-type=\"section\" data-settings=\"{&quot;background_background&quot;:&quot;classic&quot;}\">\n\t\t\t\t\t\t<div class=\"elementor-container elementor-column-gap-default\">\n\t\t\t\t\t<div class=\"elementor-column elementor-col-100 elementor-top-column elementor-element elementor-element-73580a01\" data-id=\"73580a01\" data-element_type=\"column\" data-e-type=\"column\">\n\t\t\t<div class=\"elementor-widget-wrap elementor-element-populated\">\n\t\t\t\t\t\t<div class=\"elementor-element elementor-element-0d8dd30 elementor-view-default elementor-widget elementor-widget-icon\" data-id=\"0d8dd30\" data-element_type=\"widget\" data-e-type=\"widget\" data-widget_type=\"icon.default\">\n\t\t\t\t<div class=\"elementor-widget-container\">\n\t\t\t\t\t\t\t<div class=\"elementor-icon-wrapper\">\n\t\t\t<div class=\"elementor-icon\">\n\t\t\t<svg aria-hidden=\"true\" class=\"e-font-icon-svg e-fas-info\" viewbox=\"0 0 192 512\" xmlns=\"http:\/\/www.w3.org\/2000\/svg\"><path d=\"M20 424.229h20V279.771H20c-11.046 0-20-8.954-20-20V212c0-11.046 8.954-20 20-20h112c11.046 0 20 8.954 20 20v212.229h20c11.046 0 20 8.954 20 20V492c0 11.046-8.954 20-20 20H20c-11.046 0-20-8.954-20-20v-47.771c0-11.046 8.954-20 20-20zM96 0C56.235 0 24 32.235 24 72s32.235 72 72 72 72-32.235 72-72S135.764 0 96 0z\"><\/path><\/svg>\t\t\t<\/div>\n\t\t<\/div>\n\t\t\t\t\t\t<\/div>\n\t\t\t\t<\/div>\n\t\t\t\t<div class=\"elementor-element elementor-element-e4fefad wd-width-100 elementor-widget elementor-widget-wd_title\" data-id=\"e4fefad\" data-element_type=\"widget\" data-e-type=\"widget\" data-widget_type=\"wd_title.default\">\n\t\t\t\t<div class=\"elementor-widget-container\">\n\t\t\t\t\t\t\t<div class=\"title-wrapper wd-set-mb reset-last-child wd-title-color-primary wd-title-style-default wd-title-size-default text-center\">\n\n\t\t\t\n\t\t\t<div class=\"liner-continer\">\n\t\t\t\t<h2 class=\"woodmart-title-container title wd-fontsize-l\">Kas mes esame?<\/h2> \n\t\t\t\t\t\t\t<\/div>\n\n\t\t\t\t\t\t\t<div class=\"title-after_title reset-last-child wd-fontsize-xs\">\n\t\t\t\t\t<p>Kompanij\u0105 SIA \u201eMedApp\u201c 2023 metais \u012fk\u016br\u0117 du broliai, medicinos pramon\u0117je dirbantys jau antr\u0105 kart\u0105.<\/p><p>SIA MedApp medicinos preki\u0173 asortimentas atnaujinamas kiekvien\u0105 dien\u0105. \u0160iuo metu pasi\u016bloje \u2013 daugiau nei 200 skirting\u0173 produkt\u0173, kruop\u0161\u010diai atrinkt\u0173 pagal auk\u0161\u010diausius \u012fmon\u0117s ir medicinos pramon\u0117s standartus. Medicinos preki\u0173 asortimentas kuriamas atsi\u017evelgiant \u012f geriausius bendradarbiavimo partneri\u0173 pasi\u016blymus bei klient\u0173 pageidavimus.<\/p><p>MedApp yra auganti \u012fmon\u0117, kuri seka gamintoj\u0173 pasi\u016blymus ir pasaulines medicinos pramon\u0117s tendencijas. Prisijunkite prie m\u016bs\u0173 ir kurkime sveikatos prie\u017ei\u016bros ateit\u012f kartu.<\/p>\t\t\t\t<\/div>\n\t\t\t\t\t<\/div>\n\t\t\t\t\t\t<\/div>\n\t\t\t\t<\/div>\n\t\t\t\t\t<\/div>\n\t\t<\/div>\n\t\t\t\t\t<\/div>\n\t\t<\/section>\n\t\t\t\t<section class=\"wd-negative-gap elementor-section elementor-top-section elementor-element elementor-element-517b4a14 elementor-section-boxed elementor-section-height-default elementor-section-height-default\" data-id=\"517b4a14\" data-element_type=\"section\" data-e-type=\"section\">\n\t\t\t\t\t\t<div class=\"elementor-container elementor-column-gap-default\">\n\t\t\t\t\t<div class=\"elementor-column elementor-col-100 elementor-top-column elementor-element elementor-element-1f200195\" data-id=\"1f200195\" data-element_type=\"column\" data-e-type=\"column\" data-settings=\"{&quot;background_background&quot;:&quot;classic&quot;}\">\n\t\t\t<div class=\"elementor-widget-wrap elementor-element-populated\">\n\t\t\t\t\t\t<section class=\"wd-negative-gap elementor-section elementor-inner-section elementor-element elementor-element-5bfd9664 elementor-section-boxed elementor-section-height-default elementor-section-height-default\" data-id=\"5bfd9664\" data-element_type=\"section\" data-e-type=\"section\">\n\t\t\t\t\t\t<div class=\"elementor-container elementor-column-gap-extended\">\n\t\t\t\t\t<div class=\"elementor-column elementor-col-100 elementor-top-column elementor-element elementor-element-4b52bf4a\" data-id=\"4b52bf4a\" data-element_type=\"column\" data-e-type=\"column\">\n\t\t\t<div class=\"elementor-widget-wrap elementor-element-populated\">\n\t\t\t\t\t\t<div class=\"elementor-element elementor-element-9b76292 elementor-widget elementor-widget-image\" data-id=\"9b76292\" data-element_type=\"widget\" data-e-type=\"widget\" data-widget_type=\"image.default\">\n\t\t\t\t<div class=\"elementor-widget-container\">\n\t\t\t\t\t\t\t\t\t\t\t\t\t\t\t<img decoding=\"async\" width=\"619\" height=\"800\" src=\"https:\/\/medapp.lv\/wp-content\/uploads\/2025\/07\/Medapp-drons-JPG-Par-mums-619x800.jpg\" class=\"attachment-large size-large wp-image-21122\" alt=\"\" srcset=\"https:\/\/medapp.lv\/wp-content\/uploads\/2025\/07\/Medapp-drons-JPG-Par-mums-619x800.jpg 619w, https:\/\/medapp.lv\/wp-content\/uploads\/2025\/07\/Medapp-drons-JPG-Par-mums-232x300.jpg 232w, https:\/\/medapp.lv\/wp-content\/uploads\/2025\/07\/Medapp-drons-JPG-Par-mums-768x992.jpg 768w, https:\/\/medapp.lv\/wp-content\/uploads\/2025\/07\/Medapp-drons-JPG-Par-mums-1189x1536.jpg 1189w, https:\/\/medapp.lv\/wp-content\/uploads\/2025\/07\/Medapp-drons-JPG-Par-mums-1586x2048.jpg 1586w, https:\/\/medapp.lv\/wp-content\/uploads\/2025\/07\/Medapp-drons-JPG-Par-mums-9x12.jpg 9w, https:\/\/medapp.lv\/wp-content\/uploads\/2025\/07\/Medapp-drons-JPG-Par-mums-430x555.jpg 430w, https:\/\/medapp.lv\/wp-content\/uploads\/2025\/07\/Medapp-drons-JPG-Par-mums-700x904.jpg 700w, https:\/\/medapp.lv\/wp-content\/uploads\/2025\/07\/Medapp-drons-JPG-Par-mums-150x194.jpg 150w, https:\/\/medapp.lv\/wp-content\/uploads\/2025\/07\/Medapp-drons-JPG-Par-mums-scaled.jpg 1982w\" sizes=\"(max-width: 619px) 100vw, 619px\" \/>\t\t\t\t\t\t\t\t\t\t\t\t\t\t\t<\/div>\n\t\t\t\t<\/div>\n\t\t\t\t\t<\/div>\n\t\t<\/div>\n\t\t\t\t\t<\/div>\n\t\t<\/section>\n\t\t\t\t\t<\/div>\n\t\t<\/div>\n\t\t\t\t\t<\/div>\n\t\t<\/section>\n\t\t<div class=\"wd-negative-gap elementor-element elementor-element-3066752 e-flex e-con-boxed e-con e-parent\" data-id=\"3066752\" data-element_type=\"container\" data-e-type=\"container\">\n\t\t\t\t\t<div class=\"e-con-inner\">\n\t\t<div class=\"elementor-element elementor-element-6277305 e-con-full e-flex e-con e-child\" data-id=\"6277305\" data-element_type=\"container\" data-e-type=\"container\">\n\t\t\t\t<div class=\"elementor-element elementor-element-885ebeb elementor-widget__width-auto elementor-widget elementor-widget-wd_infobox\" data-id=\"885ebeb\" data-element_type=\"widget\" data-e-type=\"widget\" data-widget_type=\"wd_infobox.default\">\n\t\t\t\t<div class=\"elementor-widget-container\">\n\t\t\t\t\t\t\t<div class=\"info-box-wrapper\">\n\t\t\t<div class=\"wd-info-box text-left box-icon-align-top box-style-base color-scheme-\">\n\t\t\t\t\n\t\t\t\t<div class=\"info-box-content\">\n\t\t\t\t\t\n\t\t\t\t\t\t\t\t\t\t\t<h4\t\t\t\t\t\tclass=\"info-box-title title box-title-style-default wd-fontsize-m\" data-elementor-setting-key=\"title\">\n\t\t\t\t\t\t\t\tMisija \u2013 Vizija \u2013 Tikslas\t\t\t\t\t\t<\/h4>\n\t\t\t\t\t\n\t\t\t\t\t<div class=\"info-box-inner reset-last-child\"data-elementor-setting-key=\"content\"><p class=\"sqsrte-large preFade fadeIn\">SIA MedApp tikslas \u2013 tapti patikimiausiu medicinos produkt\u0173 tiek\u0117ju Baltijos \u0161alyse \u2013 tokiu, kurio klientas yra tarsi \u0161eimos narys, kuris gauna tai, kas geriausia, tod\u0117l labai vertiname kliento norus ir rekomendacijas.<\/p>\n<p class=\"sqsrte-large preFade fadeIn\">Stengiam\u0117s b\u016bti geru ir patikimu asistentu gydytojams, kuriems reikalingas kokybi\u0161kas ir \u0161iuolaiki\u0161kas medicinos produkt\u0173 asortimentas kokybi\u0161kai medicininei prie\u017ei\u016brai teikti.<\/p>\n<p>\u00a0<\/p>\n<p class=\"sqsrte-large preFade fadeIn\"><strong>Tikslingai dirbame siekdami u\u017etikrinti profesionalum\u0105, inovatyv\u0173 preki\u0173 asortiment\u0105, konkurencingas kainas ir greit\u0105 pristatym\u0105.<\/strong><\/p>\n<\/div>\n\n\t\t\t\t\t\t\t\t\t<\/div>\n\n\t\t\t\t\t\t\t<\/div>\n\t\t<\/div>\n\t\t\t\t\t\t<\/div>\n\t\t\t\t<\/div>\n\t\t\t\t<\/div>\n\t\t<div class=\"elementor-element elementor-element-7daab44 e-con-full e-flex e-con e-child\" data-id=\"7daab44\" data-element_type=\"container\" data-e-type=\"container\" data-settings=\"{&quot;background_background&quot;:&quot;classic&quot;}\">\n\t\t\t\t<div class=\"elementor-element elementor-element-e19b7c9 elementor-widget elementor-widget-spacer\" data-id=\"e19b7c9\" data-element_type=\"widget\" data-e-type=\"widget\" data-widget_type=\"spacer.default\">\n\t\t\t\t<div class=\"elementor-widget-container\">\n\t\t\t\t\t\t\t<div class=\"elementor-spacer\">\n\t\t\t<div class=\"elementor-spacer-inner\"><\/div>\n\t\t<\/div>\n\t\t\t\t\t\t<\/div>\n\t\t\t\t<\/div>\n\t\t\t\t<\/div>\n\t\t\t\t\t<\/div>\n\t\t\t\t<\/div>\n\t\t<div class=\"wd-negative-gap elementor-element elementor-element-d20df5f e-flex e-con-boxed e-con e-parent\" data-id=\"d20df5f\" data-element_type=\"container\" data-e-type=\"container\">\n\t\t\t\t\t<div class=\"e-con-inner\">\n\t\t<div class=\"elementor-element elementor-element-8636761 e-con-full e-flex e-con e-child\" data-id=\"8636761\" data-element_type=\"container\" data-e-type=\"container\">\n\t\t\t\t<div class=\"elementor-element elementor-element-9f4cdfd elementor-widget__width-auto elementor-widget elementor-widget-wd_infobox\" data-id=\"9f4cdfd\" data-element_type=\"widget\" data-e-type=\"widget\" data-widget_type=\"wd_infobox.default\">\n\t\t\t\t<div class=\"elementor-widget-container\">\n\t\t\t\t\t\t\t<div class=\"info-box-wrapper\">\n\t\t\t<div class=\"wd-info-box text-left box-icon-align-top box-style-base color-scheme-\">\n\t\t\t\t\n\t\t\t\t<div class=\"info-box-content\">\n\t\t\t\t\t\n\t\t\t\t\t\t\t\t\t\t\t<h4\t\t\t\t\t\tclass=\"info-box-title title box-title-style-default wd-fontsize-m\" data-elementor-setting-key=\"title\">\n\t\t\t\t\t\t\t\tKomandos vertyb\u0117s<\/br>\t\t\t\t\t\t<\/h4>\n\t\t\t\t\t\n\t\t\t\t\t<div class=\"info-box-inner reset-last-child\"data-elementor-setting-key=\"content\"><ul data-rte-list=\"default\">\n<li>\n<p class=\"sqsrte-large preFade fadeIn\">Greitas ir efektyvus preki\u0173 pristatymas<\/p>\n<\/li>\n<li>\n<p class=\"sqsrte-large preFade fadeIn\">Individualus po\u017ei\u016bris \u012f klientus<\/p>\n<\/li>\n<li>\n<p class=\"sqsrte-large preFade fadeIn\">Konkurencingos kainos<\/p>\n<\/li>\n<li>\n<p class=\"sqsrte-large preFade fadeIn\">Vertingiausi\u0173 ir technologi\u0161kai pa\u017eangiausi\u0173 (3D implantai) produkt\u0173 pasi\u016bla Baltijos \u0161ali\u0173 klinikoms ir medicinos personalui stuburo chirurgijos, traumatologijos, ortopedijos, fizioterapijos, gydom\u0173j\u0173 proced\u016br\u0173 ir kt.<\/p>\n<\/li>\n<\/ul>\n<\/div>\n\n\t\t\t\t\t\t\t\t\t<\/div>\n\n\t\t\t\t\t\t\t<\/div>\n\t\t<\/div>\n\t\t\t\t\t\t<\/div>\n\t\t\t\t<\/div>\n\t\t\t\t<div class=\"elementor-element elementor-element-2c814f4 elementor-widget__width-auto elementor-widget elementor-widget-wd_infobox\" data-id=\"2c814f4\" data-element_type=\"widget\" data-e-type=\"widget\" data-widget_type=\"wd_infobox.default\">\n\t\t\t\t<div class=\"elementor-widget-container\">\n\t\t\t\t\t\t\t<div class=\"info-box-wrapper\">\n\t\t\t<div class=\"wd-info-box text-left box-icon-align-top box-style-base color-scheme-\">\n\t\t\t\t\n\t\t\t\t<div class=\"info-box-content\">\n\t\t\t\t\t\n\t\t\t\t\t\t\t\t\t\t\t<h4\t\t\t\t\t\tclass=\"info-box-title title box-title-style-default wd-fontsize-m\" data-elementor-setting-key=\"title\">\n\t\t\t\t\t\t\t\t\u017dinios tarptautiniu lygiu\t\t\t\t\t\t<\/h4>\n\t\t\t\t\t\n\t\t\t\t\t<div class=\"info-box-inner reset-last-child\"data-elementor-setting-key=\"content\"><p>Amerikoje ir Londone studijav\u0119 ekonomik\u0105 ir teis\u0119 jiems pavyko suburti atsaking\u0173, k\u016brybing\u0173 ir profesionali\u0173 darbuotoj\u0173 komand\u0105.<\/p>\n<\/div>\n\n\t\t\t\t\t\t\t\t\t<\/div>\n\n\t\t\t\t\t\t\t<\/div>\n\t\t<\/div>\n\t\t\t\t\t\t<\/div>\n\t\t\t\t<\/div>\n\t\t\t\t<\/div>\n\t\t\t\t\t<\/div>\n\t\t\t\t<\/div>\n\t\t<div class=\"wd-negative-gap elementor-element elementor-element-e8b57a4 wd-section-stretch e-flex e-con-boxed e-con e-parent\" data-id=\"e8b57a4\" data-element_type=\"container\" data-e-type=\"container\" data-settings=\"{&quot;background_background&quot;:&quot;classic&quot;}\">\n\t\t\t\t\t<div class=\"e-con-inner\">\n\t\t\t\t<div class=\"elementor-element elementor-element-b3ccd54 wd-width-100 elementor-widget elementor-widget-wd_title\" data-id=\"b3ccd54\" data-element_type=\"widget\" data-e-type=\"widget\" data-widget_type=\"wd_title.default\">\n\t\t\t\t<div class=\"elementor-widget-container\">\n\t\t\t\t\t\t\t<div class=\"title-wrapper wd-set-mb reset-last-child wd-title-color-primary wd-title-style-default wd-title-size-default text-center\">\n\n\t\t\t\n\t\t\t<div class=\"liner-continer\">\n\t\t\t\t<h2 class=\"woodmart-title-container title wd-fontsize-l\">Turite klausim\u0105? U\u017epildykite anket\u0105<\/h2> \n\t\t\t\t\t\t\t<\/div>\n\n\t\t\t\t\t\t\t<div class=\"title-after_title reset-last-child wd-fontsize-xs\">\n\t\t\t\t\t<p>\u201eMedapp\u201c specialistas susisieks su jumis per 24 valandas ir paai\u0161kins klausimo detales<\/p>\t\t\t\t<\/div>\n\t\t\t\t\t<\/div>\n\t\t\t\t\t\t<\/div>\n\t\t\t\t<\/div>\n\t\t\t\t<div class=\"elementor-element elementor-element-35ce1cd elementor-button-align-stretch elementor-widget elementor-widget-form\" data-id=\"35ce1cd\" data-element_type=\"widget\" data-e-type=\"widget\" data-settings=\"{&quot;step_next_label&quot;:&quot;Next&quot;,&quot;step_previous_label&quot;:&quot;Previous&quot;,&quot;button_width&quot;:&quot;100&quot;,&quot;step_type&quot;:&quot;number_text&quot;,&quot;step_icon_shape&quot;:&quot;circle&quot;}\" data-widget_type=\"form.default\">\n\t\t\t\t<div class=\"elementor-widget-container\">\n\t\t\t\t\t\t\t<form class=\"elementor-form\" method=\"post\" name=\"Par mums\" aria-label=\"Apie mus\" action=\"\">\r\n\t\t\t<input type=\"hidden\" name=\"post_id\" value=\"4400\"\/>\r\n\t\t\t<input type=\"hidden\" name=\"form_id\" value=\"35ce1cd\"\/>\r\n\t\t\t<input type=\"hidden\" name=\"referer_title\" value=\"MedApp\" \/>\r\n\r\n\t\t\t\r\n\t\t\t<div class=\"elementor-form-fields-wrapper elementor-labels-above\">\r\n\t\t\t\t\t\t\t\t<div class=\"elementor-field-type-text elementor-field-group elementor-column elementor-field-group-name elementor-col-100 elementor-field-required elementor-mark-required\">\r\n\t\t\t\t\t\t\t\t\t\t\t\t<label for=\"form-field-name\" class=\"elementor-field-label\">\r\n\t\t\t\t\t\t\t\tPirmas vardas\t\t\t\t\t\t\t<\/label>\r\n\t\t\t\t\t\t\t\t\t\t\t\t\t\t<input size=\"1\" type=\"text\" name=\"form_fields[name]\" id=\"form-field-name\" class=\"elementor-field elementor-size-md  elementor-field-textual\" placeholder=\"Tavo vardas\" required=\"required\">\r\n\t\t\t\t\t\t\t\t\t\t\t<\/div>\r\n\t\t\t\t\t\t\t\t<div class=\"elementor-field-type-email elementor-field-group elementor-column elementor-field-group-email elementor-col-100 elementor-field-required elementor-mark-required\">\r\n\t\t\t\t\t\t\t\t\t\t\t\t<label for=\"form-field-email\" class=\"elementor-field-label\">\r\n\t\t\t\t\t\t\t\tpa\u0161tas\t\t\t\t\t\t\t<\/label>\r\n\t\t\t\t\t\t\t\t\t\t\t\t\t\t<input size=\"1\" type=\"email\" name=\"form_fields[email]\" id=\"form-field-email\" class=\"elementor-field elementor-size-md  elementor-field-textual\" placeholder=\"pa\u0161tas\" required=\"required\">\r\n\t\t\t\t\t\t\t\t\t\t\t<\/div>\r\n\t\t\t\t\t\t\t\t<div class=\"elementor-field-type-tel elementor-field-group elementor-column elementor-field-group-phone elementor-col-100 elementor-field-required elementor-mark-required\">\r\n\t\t\t\t\t\t\t\t\t\t\t\t<label for=\"form-field-phone\" class=\"elementor-field-label\">\r\n\t\t\t\t\t\t\t\tTelefonas\t\t\t\t\t\t\t<\/label>\r\n\t\t\t\t\t\t\t\t<input size=\"1\" type=\"tel\" name=\"form_fields[phone]\" id=\"form-field-phone\" class=\"elementor-field elementor-size-md  elementor-field-textual\" placeholder=\"Mobilaus telefono numeris\" required=\"required\" pattern=\"[0-9()#&amp;+*-=.]+\" title=\"Priimami tik skai\u010diai ir telefono simboliai (#, -, * ir tt).\">\r\n\r\n\t\t\t\t\t\t<\/div>\r\n\t\t\t\t\t\t\t\t<div class=\"elementor-field-type-textarea elementor-field-group elementor-column elementor-field-group-field_485434d elementor-col-100\">\r\n\t\t\t\t\t\t\t\t\t\t\t\t<label for=\"form-field-field_485434d\" class=\"elementor-field-label\">\r\n\t\t\t\t\t\t\t\tPrane\u0161imas\t\t\t\t\t\t\t<\/label>\r\n\t\t\t\t\t\t<textarea class=\"elementor-field-textual elementor-field  elementor-size-md\" name=\"form_fields[field_485434d]\" id=\"form-field-field_485434d\" rows=\"4\" placeholder=\"Klausimai?\"><\/textarea>\t\t\t\t<\/div>\r\n\t\t\t\t\t\t\t\t<div class=\"elementor-field-type-recaptcha_v3 elementor-field-group elementor-column elementor-field-group-field_9142334 elementor-col-100 recaptcha_v3-inline\">\r\n\t\t\t\t\t<div class=\"elementor-field\" id=\"form-field-field_9142334\"><div class=\"elementor-g-recaptcha\" data-sitekey=\"6LfnlWQpAAAAAA3u0Qu4riSJSYViLj9a0NuNp-y1\" data-type=\"v3\" data-action=\"Form\" data-badge=\"inline\" data-size=\"invisible\"><\/div><\/div>\t\t\t\t<\/div>\r\n\t\t\t\t\t\t\t\t<div class=\"elementor-field-group elementor-column elementor-field-type-submit elementor-col-100 e-form__buttons\">\r\n\t\t\t\t\t<button class=\"elementor-button elementor-size-sm\" type=\"submit\">\r\n\t\t\t\t\t\t<span class=\"elementor-button-content-wrapper\">\r\n\t\t\t\t\t\t\t\t\t\t\t\t\t\t\t\t\t\t\t\t\t\t<span class=\"elementor-button-text\">si\u0173sti \u012f<\/span>\r\n\t\t\t\t\t\t\t\t\t\t\t\t\t<\/span>\r\n\t\t\t\t\t<\/button>\r\n\t\t\t\t<\/div>\r\n\t\t\t<\/div>\r\n\t\t<input type=\"hidden\" name=\"trp-form-language\" value=\"lt\"\/><\/form>\r\n\t\t\t\t\t\t<\/div>\n\t\t\t\t<\/div>\n\t\t\t\t<div class=\"elementor-element elementor-element-58bb46c elementor-widget elementor-widget-wd_social_buttons\" data-id=\"58bb46c\" data-element_type=\"widget\" data-e-type=\"widget\" data-widget_type=\"wd_social_buttons.default\">\n\t\t\t\t<div class=\"elementor-widget-container\">\n\t\t\t\t\t\t\t\t<div\n\t\t\t\t\t\tclass=\"wd-social-icons wd-style-bordered wd-size-large social-follow wd-shape-circle color-scheme-dark text-center\">\n\t\t\t\t\n\t\t\t\t\n\t\t\t\t\t\t\t\t\t<a rel=\"noopener noreferrer nofollow\" href=\"https:\/\/www.facebook.com\/profile.php?id=61552421013006\" target=\"_blank\" class=\"wd-social-icon social-facebook\" aria-label=\"Facebook socialin\u0117 nuoroda\">\n\t\t\t\t\t\t<span class=\"wd-icon\"><\/span>\n\t\t\t\t\t\t\t\t\t\t\t<\/a>\n\t\t\t\t\n\t\t\t\t\n\t\t\t\t\n\t\t\t\t\n\t\t\t\t\t\t\t\t\t<a rel=\"noopener noreferrer nofollow\" href=\"https:\/\/www.instagram.com\/medapp.lv\/\" target=\"_blank\" class=\"wd-social-icon social-instagram\" aria-label=\"\u201eInstagram\u201c socialin\u0117 nuoroda\">\n\t\t\t\t\t\t<span class=\"wd-icon\"><\/span>\n\t\t\t\t\t\t\t\t\t\t\t<\/a>\n\t\t\t\t\n\t\t\t\t\n\t\t\t\t\n\t\t\t\t\n\t\t\t\t\n\t\t\t\t\n\t\t\t\t\n\t\t\t\t\n\t\t\t\t\n\t\t\t\t\n\t\t\t\t\n\t\t\t\t\n\t\t\t\t\n\t\t\t\t\n\t\t\t\t\n\t\t\t\t\n\t\t\t\t\n\t\t\t\t\t\t\t\t\t<a rel=\"noopener noreferrer nofollow\" href=\"https:\/\/www.tiktok.com\/@medapp.lv\" target=\"_blank\" class=\"wd-social-icon social-tiktok\" aria-label=\"TikTok socialin\u0117 nuoroda\">\n\t\t\t\t\t\t<span class=\"wd-icon\"><\/span>\n\t\t\t\t\t\t\t\t\t\t\t<\/a>\n\t\t\t\t\n\t\t\t\t\n\t\t\t\t\n\t\t\t\t\n\t\t\t\t\n\t\t\t<\/div>\n\n\t\t\t\t\t\t<\/div>\n\t\t\t\t<\/div>\n\t\t\t\t\t<\/div>\n\t\t\t\t<\/div>\n\t\t\t\t<\/div>","protected":false},"excerpt":{"rendered":"<p>Iepaz\u012bsti Medapp komandu S\u0101kumlapa Kas m\u0113s esam? Uz\u0146\u0113mumu SIA \u201cMedApp\u201d 2023. gad\u0101 dibin\u0101ju\u0161i divi br\u0101\u013ci, kuri medic\u012bnas nozar\u0113 str\u0101d\u0101 jau<\/p>","protected":false},"author":1,"featured_media":0,"parent":0,"menu_order":0,"comment_status":"closed","ping_status":"closed","template":"","meta":{"footnotes":""},"class_list":["post-4400","page","type-page","status-publish","hentry"],"_links":{"self":[{"href":"https:\/\/medapp.lv\/lt\/wp-json\/wp\/v2\/pages\/4400","targetHints":{"allow":["GET"]}}],"collection":[{"href":"https:\/\/medapp.lv\/lt\/wp-json\/wp\/v2\/pages"}],"about":[{"href":"https:\/\/medapp.lv\/lt\/wp-json\/wp\/v2\/types\/page"}],"author":[{"embeddable":true,"href":"https:\/\/medapp.lv\/lt\/wp-json\/wp\/v2\/users\/1"}],"replies":[{"embeddable":true,"href":"https:\/\/medapp.lv\/lt\/wp-json\/wp\/v2\/comments?post=4400"}],"version-history":[{"count":313,"href":"https:\/\/medapp.lv\/lt\/wp-json\/wp\/v2\/pages\/4400\/revisions"}],"predecessor-version":[{"id":21125,"href":"https:\/\/medapp.lv\/lt\/wp-json\/wp\/v2\/pages\/4400\/revisions\/21125"}],"wp:attachment":[{"href":"https:\/\/medapp.lv\/lt\/wp-json\/wp\/v2\/media?parent=4400"}],"curies":[{"name":"wp","href":"https:\/\/api.w.org\/{rel}","templated":true}]}}