{"id":15665,"date":"2024-02-02T19:00:17","date_gmt":"2024-02-02T17:00:17","guid":{"rendered":"http:\/\/mareksj17.sg-host.com\/?post_type=product&#038;p=15665"},"modified":"2026-02-06T11:09:37","modified_gmt":"2026-02-06T09:09:37","slug":"revvi-fast-recovery-gels-muskuliem-pec-trenina","status":"publish","type":"product","link":"https:\/\/medapp.lv\/lt\/produktas\/revvi-fast-recovery-gels-muskuliem-pec-trenina\/","title":{"rendered":"R\u00c9VVI greito raumen\u0173 atk\u016brimo gelis"},"content":{"rendered":"<p>Sud\u0117tyje yra:<br \/>\n\u2013 Rozmarinas, atkuria ir skatina mikro\u012ftr\u016bkim\u0173 naikinim\u0105.<br \/>\n\u2013 Arklio ka\u0161tonas slopina u\u017edegim\u0105 ir apsaugo nuo kraujagysli\u0173 susiaur\u0117jimo.<br \/>\n\u2013 Karambola padeda atsikratyti raumen\u0173 skausmo ir turi analgetin\u012f poveik\u012f.<\/p>\n<p>Naudojimas:<br \/>\n\u2013 Tinka kasdieniam naudojimui.<br \/>\n\u2013 Viso am\u017eiaus (nuo 12 met\u0173).<br \/>\n\u2013 U\u017etepkite produkt\u0105 ant odos. Tada nusiplauk rankas.<br \/>\n- Tik i\u0161oriniam naudojimui.<br \/>\n\u2013 Nelipnus ir nepalieka spalvos d\u0117mi\u0173 ant odos ar drabu\u017ei\u0173.<br \/>\n\u2013 <strong>Galiojimo laikas: 12 m\u0117nesi\u0173 po atidarymo.<\/strong><\/p>","protected":false},"excerpt":{"rendered":"<p>Greitai mal\u0161ina raumen\u0173 skausm\u0105 atpalaiduodamas raumenis ir pad\u0117damas atsigauti po intensyvaus fizinio kr\u016bvio. \u0160is gelis padeda raumenims atsipalaiduoti ir atsinaujinti, skatina maksimal\u0173 atsigavim\u0105. Apsaugo k\u016bn\u0105 nuo raumen\u0173 m\u0117\u0161lungio ir spazm\u0173. Ramina pavargusius raumenis, rai\u0161\u010dius ir s\u0105narius.<\/p>","protected":false},"featured_media":20803,"comment_status":"open","ping_status":"closed","template":"","meta":[],"product_brand":[],"product_cat":[142,141],"product_tag":[149],"class_list":{"0":"post-15665","1":"product","2":"type-product","3":"status-publish","4":"has-post-thumbnail","6":"product_cat-geli","7":"product_cat-preces-muskuliem","8":"product_tag-pec-sporta","10":"first","11":"instock","12":"taxable","13":"shipping-taxable","14":"purchasable","15":"product-type-variable"},"_links":{"self":[{"href":"https:\/\/medapp.lv\/lt\/wp-json\/wp\/v2\/product\/15665","targetHints":{"allow":["GET"]}}],"collection":[{"href":"https:\/\/medapp.lv\/lt\/wp-json\/wp\/v2\/product"}],"about":[{"href":"https:\/\/medapp.lv\/lt\/wp-json\/wp\/v2\/types\/product"}],"replies":[{"embeddable":true,"href":"https:\/\/medapp.lv\/lt\/wp-json\/wp\/v2\/comments?post=15665"}],"version-history":[{"count":12,"href":"https:\/\/medapp.lv\/lt\/wp-json\/wp\/v2\/product\/15665\/revisions"}],"predecessor-version":[{"id":20804,"href":"https:\/\/medapp.lv\/lt\/wp-json\/wp\/v2\/product\/15665\/revisions\/20804"}],"wp:featuredmedia":[{"embeddable":true,"href":"https:\/\/medapp.lv\/lt\/wp-json\/wp\/v2\/media\/20803"}],"wp:attachment":[{"href":"https:\/\/medapp.lv\/lt\/wp-json\/wp\/v2\/media?parent=15665"}],"wp:term":[{"taxonomy":"product_brand","embeddable":true,"href":"https:\/\/medapp.lv\/lt\/wp-json\/wp\/v2\/product_brand?post=15665"},{"taxonomy":"product_cat","embeddable":true,"href":"https:\/\/medapp.lv\/lt\/wp-json\/wp\/v2\/product_cat?post=15665"},{"taxonomy":"product_tag","embeddable":true,"href":"https:\/\/medapp.lv\/lt\/wp-json\/wp\/v2\/product_tag?post=15665"}],"curies":[{"name":"wp","href":"https:\/\/api.w.org\/{rel}","templated":true}]}}