{"id":15945,"date":"2024-02-04T21:27:22","date_gmt":"2024-02-04T19:27:22","guid":{"rendered":"http:\/\/mareksj17.sg-host.com\/?post_type=product&#038;p=15945"},"modified":"2026-03-29T18:11:09","modified_gmt":"2026-03-29T16:11:09","slug":"sanyleg-venu-kompresijas-zekes","status":"publish","type":"product","link":"https:\/\/medapp.lv\/lt\/produktas\/sanyleg-venu-kompresijas-zekes\/","title":{"rendered":"SANYLEG Ven\u0173 kompresin\u0117s kojin\u0117s"},"content":{"rendered":"<p>Sanyleg kompresin\u0117s ven\u0173 kojin\u0117s yra specialiai sukurtos diferencijuoti koj\u0173 ir p\u0117d\u0173 spaudim\u0105. Kompresini\u0173 kojini\u0173 naudojimas:<\/p>\n<ul>\n<li>Kojin\u0117s nuo embolijos su atsegimu, silikono maivymasis;<\/li>\n<li>Labai padeda po koj\u0173 ven\u0173 operacijos;<\/li>\n<li>Taip pat naudojamas gydant po traum\u0173;<\/li>\n<li>Koj\u0173 edemos profilaktikai;<\/li>\n<li>Suma\u017eina tromboz\u0117s rizik\u0105;<\/li>\n<li>Skatina geresn\u0119 kraujotak\u0105;<\/li>\n<li>Apsaugo nuo koj\u0173 tinimo kelion\u0117s metu;<\/li>\n<li>Suma\u017eina koj\u0173 edemos ir tromboz\u0117s rizik\u0105 n\u0117\u0161tumo metu;<\/li>\n<\/ul>\n<p>Kompozicija:<\/p>\n<ul>\n<li>82% poliamidas;<\/li>\n<li>18% elastanas;<\/li>\n<\/ul>\n<p>Dydis:<\/p>\n<ul>\n<li>51 cm ilgio nuo kulk\u0161nies iki \u0161launies;<\/li>\n<li>18-20 cm nuo kulk\u0161nies iki p\u0117dos.<\/li>\n<\/ul>","protected":false},"excerpt":{"rendered":"<p><span class=\"selectable-text copyable-text\"><strong>Dydis<\/strong>: S, M, L, XL<\/span><\/p>","protected":false},"featured_media":15631,"comment_status":"open","ping_status":"closed","template":"","meta":[],"product_brand":[],"product_cat":[144],"product_tag":[],"class_list":{"0":"post-15945","1":"product","2":"type-product","3":"status-publish","4":"has-post-thumbnail","6":"product_cat-kompresijas-zekes","8":"first","9":"instock","10":"taxable","11":"shipping-taxable","12":"purchasable","13":"product-type-variable"},"_links":{"self":[{"href":"https:\/\/medapp.lv\/lt\/wp-json\/wp\/v2\/product\/15945","targetHints":{"allow":["GET"]}}],"collection":[{"href":"https:\/\/medapp.lv\/lt\/wp-json\/wp\/v2\/product"}],"about":[{"href":"https:\/\/medapp.lv\/lt\/wp-json\/wp\/v2\/types\/product"}],"replies":[{"embeddable":true,"href":"https:\/\/medapp.lv\/lt\/wp-json\/wp\/v2\/comments?post=15945"}],"version-history":[{"count":13,"href":"https:\/\/medapp.lv\/lt\/wp-json\/wp\/v2\/product\/15945\/revisions"}],"predecessor-version":[{"id":20005,"href":"https:\/\/medapp.lv\/lt\/wp-json\/wp\/v2\/product\/15945\/revisions\/20005"}],"wp:featuredmedia":[{"embeddable":true,"href":"https:\/\/medapp.lv\/lt\/wp-json\/wp\/v2\/media\/15631"}],"wp:attachment":[{"href":"https:\/\/medapp.lv\/lt\/wp-json\/wp\/v2\/media?parent=15945"}],"wp:term":[{"taxonomy":"product_brand","embeddable":true,"href":"https:\/\/medapp.lv\/lt\/wp-json\/wp\/v2\/product_brand?post=15945"},{"taxonomy":"product_cat","embeddable":true,"href":"https:\/\/medapp.lv\/lt\/wp-json\/wp\/v2\/product_cat?post=15945"},{"taxonomy":"product_tag","embeddable":true,"href":"https:\/\/medapp.lv\/lt\/wp-json\/wp\/v2\/product_tag?post=15945"}],"curies":[{"name":"wp","href":"https:\/\/api.w.org\/{rel}","templated":true}]}}