{"id":15948,"date":"2024-02-04T21:30:47","date_gmt":"2024-02-04T19:30:47","guid":{"rendered":"http:\/\/mareksj17.sg-host.com\/?post_type=product&#038;p=15948"},"modified":"2025-07-17T07:47:41","modified_gmt":"2025-07-17T05:47:41","slug":"tecnoway-hiperekstenzijas-ortozes-ramis","status":"publish","type":"product","link":"https:\/\/medapp.lv\/lt\/produktas\/tecnoway-hiperekstenzijas-ortozes-ramis\/","title":{"rendered":"TECNOWAY Hyperextension ortoz\u0117s r\u0117mas"},"content":{"rendered":"<p>Indikacijos:<\/p>\n<ul>\n<li>Stuburo slanksteli\u0173 l\u016b\u017eiai;<\/li>\n<li>Stuburo u\u017edegimas ir juosmenin\u0117s stuburo dalies artritas;<\/li>\n<li>Stuburo ir (arba) juosmens artritas;<\/li>\n<li>Spondiloartroz\u0117 su skolioze arba be jos.<\/li>\n<\/ul>\n<p>Papildoma informacija:<\/p>\n<p>Tinka baseino terapijai.<\/p>","protected":false},"excerpt":{"rendered":"<p>Antikorozinio lydinio r\u0117mas su pamink\u0161tintomis atramomis ir dirbtin\u0117s odos pamu\u0161alu. \u0160arnyrin\u0117 kr\u016bt\u0173 pagalv\u0117. Dubens dir\u017eas su mechanizmu, kur\u012f galima u\u017efiksuoti norimoje pad\u0117tyje. Spintel\u0117 su reguliuojamu dir\u017eu. Vertikaliai ir horizontaliai reguliuojamas nugaros pamu\u0161alas.<\/p>","protected":false},"featured_media":15640,"comment_status":"open","ping_status":"closed","template":"","meta":[],"product_brand":[],"product_cat":[138,133],"product_tag":[],"class_list":{"0":"post-15948","1":"product","2":"type-product","3":"status-publish","4":"has-post-thumbnail","6":"product_cat-muguras-jostas","7":"product_cat-ortozes","9":"first","10":"instock","11":"taxable","12":"shipping-taxable","13":"purchasable","14":"product-type-variable"},"_links":{"self":[{"href":"https:\/\/medapp.lv\/lt\/wp-json\/wp\/v2\/product\/15948","targetHints":{"allow":["GET"]}}],"collection":[{"href":"https:\/\/medapp.lv\/lt\/wp-json\/wp\/v2\/product"}],"about":[{"href":"https:\/\/medapp.lv\/lt\/wp-json\/wp\/v2\/types\/product"}],"replies":[{"embeddable":true,"href":"https:\/\/medapp.lv\/lt\/wp-json\/wp\/v2\/comments?post=15948"}],"version-history":[{"count":7,"href":"https:\/\/medapp.lv\/lt\/wp-json\/wp\/v2\/product\/15948\/revisions"}],"predecessor-version":[{"id":20006,"href":"https:\/\/medapp.lv\/lt\/wp-json\/wp\/v2\/product\/15948\/revisions\/20006"}],"wp:featuredmedia":[{"embeddable":true,"href":"https:\/\/medapp.lv\/lt\/wp-json\/wp\/v2\/media\/15640"}],"wp:attachment":[{"href":"https:\/\/medapp.lv\/lt\/wp-json\/wp\/v2\/media?parent=15948"}],"wp:term":[{"taxonomy":"product_brand","embeddable":true,"href":"https:\/\/medapp.lv\/lt\/wp-json\/wp\/v2\/product_brand?post=15948"},{"taxonomy":"product_cat","embeddable":true,"href":"https:\/\/medapp.lv\/lt\/wp-json\/wp\/v2\/product_cat?post=15948"},{"taxonomy":"product_tag","embeddable":true,"href":"https:\/\/medapp.lv\/lt\/wp-json\/wp\/v2\/product_tag?post=15948"}],"curies":[{"name":"wp","href":"https:\/\/api.w.org\/{rel}","templated":true}]}}