{"id":15950,"date":"2024-02-04T21:34:10","date_gmt":"2024-02-04T19:34:10","guid":{"rendered":"http:\/\/mareksj17.sg-host.com\/?post_type=product&#038;p=15950"},"modified":"2025-07-17T07:52:58","modified_gmt":"2025-07-17T05:52:58","slug":"alfess-funkcionalas-elektriskas-stimulacijas-sistema-ar-iebuvetu-maksligo-intelektu","status":"publish","type":"product","link":"https:\/\/medapp.lv\/lt\/produktas\/alfess-funkcionalas-elektriskas-stimulacijas-sistema-ar-iebuvetu-maksligo-intelektu\/","title":{"rendered":"ALFESS\u2122 funkcin\u0117 elektrin\u0117s stimuliacijos sistema su integruotu dirbtiniu intelektu"},"content":{"rendered":"<p>ALFESS\u2122 \u2013 tai naujas, moderniausias prietaisas, skirtas pagerinti eisen\u0105, kai nukrenta p\u0117da ir suma\u017e\u0117ja p\u0117dos bei koj\u0173 pir\u0161t\u0173 atstumas. Tai padeda blauzdikaulio priekiniams nervams aktyviai sulenkti p\u0117d\u0105. Prietaisas u\u017ededamas ant vir\u0161utin\u0117s kojos. Einant jutikliai nustato eisenos greit\u012f ir koj\u0173 kampus, kad prisitaikyt\u0173 prie j\u016bs\u0173 \u0117jimo. Algoritmas apdoroja informacij\u0105 ir siun\u010dia elektrinius impulsus \u012f nervus, kad pakelt\u0173 p\u0117d\u0105. Vartotojas bet kuriuo metu gali lengvai padidinti arba suma\u017einti nerv\u0173 stimuliacijos lyg\u012f.<br \/>\nPrietaisas yra aptakus ir priglud\u0119s ir puikiai tinka naudoti tiek de\u0161ine, tiek kaire koja. Magnetinio u\u017esegimo ir unikalaus valdymo \u012frenginio d\u0117ka prietais\u0105 galima naudoti viena ranka!<br \/>\nTreniruo\u010di\u0173 re\u017eimas padeda pasiekti geriausi\u0173 reabilitacijos rezultat\u0173. Mokymai gali b\u016bti atliekami arba kartu su paciento gydytoju, arba pacientas gali atlikti mokym\u0105 savaranki\u0161kai, gav\u0119s ai\u0161kius gydytojo nurodymus.<br \/>\nPrietais\u0105 lengva naudoti ir \u012fkrauti. Valdykite nustatymus \u012frenginyje arba nuotolinio valdymo pultu arba i\u0161maniojo telefono program\u0117le.<\/p>","protected":false},"excerpt":{"rendered":"<p>ALFESS\u2122 yra naujas, pa\u017eangiausias prietaisas, skirtas pagerinti eisen\u0105, kai p\u0117da nukrenta ir suma\u017e\u0117ja p\u0117dos bei koj\u0173 pir\u0161t\u0173 atstumas. Algoritmas apdoroja informacij\u0105 ir siun\u010dia elektrinius impulsus \u012f nervus, kad pakelt\u0173 p\u0117d\u0105. Vartotojas bet kuriuo metu gali lengvai padidinti arba suma\u017einti nerv\u0173 stimuliacijos lyg\u012f. Prietaisas yra aptakus ir priglud\u0119s ir puikiai tinka naudoti tiek de\u0161ine, tiek kaire koja<\/p>","protected":false},"featured_media":15637,"comment_status":"open","ping_status":"closed","template":"","meta":[],"product_brand":[],"product_cat":[133,137],"product_tag":[],"class_list":{"0":"post-15950","1":"product","2":"type-product","3":"status-publish","4":"has-post-thumbnail","6":"product_cat-ortozes","7":"product_cat-kajai-cela-locitivai-un-pedai","9":"first","10":"instock","11":"taxable","12":"shipping-taxable","13":"purchasable","14":"product-type-simple"},"_links":{"self":[{"href":"https:\/\/medapp.lv\/lt\/wp-json\/wp\/v2\/product\/15950","targetHints":{"allow":["GET"]}}],"collection":[{"href":"https:\/\/medapp.lv\/lt\/wp-json\/wp\/v2\/product"}],"about":[{"href":"https:\/\/medapp.lv\/lt\/wp-json\/wp\/v2\/types\/product"}],"replies":[{"embeddable":true,"href":"https:\/\/medapp.lv\/lt\/wp-json\/wp\/v2\/comments?post=15950"}],"version-history":[{"count":2,"href":"https:\/\/medapp.lv\/lt\/wp-json\/wp\/v2\/product\/15950\/revisions"}],"predecessor-version":[{"id":20056,"href":"https:\/\/medapp.lv\/lt\/wp-json\/wp\/v2\/product\/15950\/revisions\/20056"}],"wp:featuredmedia":[{"embeddable":true,"href":"https:\/\/medapp.lv\/lt\/wp-json\/wp\/v2\/media\/15637"}],"wp:attachment":[{"href":"https:\/\/medapp.lv\/lt\/wp-json\/wp\/v2\/media?parent=15950"}],"wp:term":[{"taxonomy":"product_brand","embeddable":true,"href":"https:\/\/medapp.lv\/lt\/wp-json\/wp\/v2\/product_brand?post=15950"},{"taxonomy":"product_cat","embeddable":true,"href":"https:\/\/medapp.lv\/lt\/wp-json\/wp\/v2\/product_cat?post=15950"},{"taxonomy":"product_tag","embeddable":true,"href":"https:\/\/medapp.lv\/lt\/wp-json\/wp\/v2\/product_tag?post=15950"}],"curies":[{"name":"wp","href":"https:\/\/api.w.org\/{rel}","templated":true}]}}