{"id":15952,"date":"2024-02-04T21:38:06","date_gmt":"2024-02-04T19:38:06","guid":{"rendered":"http:\/\/mareksj17.sg-host.com\/?post_type=product&#038;p=15952"},"modified":"2025-07-17T10:04:56","modified_gmt":"2025-07-17T08:04:56","slug":"navyxtra-3d-kermena-formai-pielagojams-muguras-atbalsts","status":"publish","type":"product","link":"https:\/\/medapp.lv\/lt\/produktas\/navyxtra-3d-kermena-formai-pielagojams-muguras-atbalsts\/","title":{"rendered":"NAVYXTRA 3D K\u016bno formos reguliuojama nugaros atrama"},"content":{"rendered":"<p>Navy\u2122Xtra yra naujai sukurta nugaros atrama, kuri suteikia papildomo stabilumo su atskirai pritvirtinta 3D-LITE\u2122 nugaros plok\u0161te. Nugar\u0117l\u0117 pagaminta i\u0161 lengvos ir kv\u0117puojan\u010dios \u017eemos temperat\u016bros termoplastin\u0117s med\u017eiagos, kuri lengvai pritaikoma net ir sud\u0117tingoms paciento s\u0105lygoms. Nuimamos plastikin\u0117s plok\u0161t\u0117s priekyje suteikia labai stabili\u0105 atram\u0105 stuburo pacientams, turintiems sunkesni\u0173 stuburo traum\u0173.<br \/>\nIndikacijos:<br \/>\nL\u016b\u017eiai, pooperacinis stuburo stabilizavimas, pooperacin\u0117 disko operacija, degeneracin\u0117s disko ligos, disko i\u0161var\u017ea, disko i\u0161sip\u016btimas, spondilolistez\u0117, spondiloz\u0117, facetinis sindromas, stuburo stenoz\u0117.<\/p>\n<p>XS: klub\u0173 apimtis 75-85 cm<br \/>\nS: klub\u0173 apimtis 85-95cm<br \/>\nM: klub\u0173 apimtis 95-105 cm<br \/>\nL: klub\u0173 apimtis 105-115 cm<br \/>\nXL: klub\u0173 apimtis 115-125 cm<br \/>\nXXL: klub\u0173 apimtis 125-135 cm<\/p>","protected":false},"excerpt":{"rendered":"<p>Navy\u2122Xtra yra naujai sukurta nugaros atrama, kuri suteikia papildomo stabilumo su atskirai pritvirtinta 3D-LITE\u2122 nugaros plok\u0161te. Galin\u0117 plok\u0161t\u0117 pagaminta i\u0161 lengvo<\/p>","protected":false},"featured_media":15644,"comment_status":"open","ping_status":"closed","template":"","meta":[],"product_brand":[],"product_cat":[211,108],"product_tag":[],"class_list":{"0":"post-15952","1":"product","2":"type-product","3":"status-publish","4":"has-post-thumbnail","6":"product_cat-profesionalas-ortozes","7":"product_cat-produkti-profesionaliem","9":"first","10":"instock","11":"taxable","12":"shipping-taxable","13":"product-type-simple"},"_links":{"self":[{"href":"https:\/\/medapp.lv\/lt\/wp-json\/wp\/v2\/product\/15952","targetHints":{"allow":["GET"]}}],"collection":[{"href":"https:\/\/medapp.lv\/lt\/wp-json\/wp\/v2\/product"}],"about":[{"href":"https:\/\/medapp.lv\/lt\/wp-json\/wp\/v2\/types\/product"}],"replies":[{"embeddable":true,"href":"https:\/\/medapp.lv\/lt\/wp-json\/wp\/v2\/comments?post=15952"}],"version-history":[{"count":3,"href":"https:\/\/medapp.lv\/lt\/wp-json\/wp\/v2\/product\/15952\/revisions"}],"predecessor-version":[{"id":20008,"href":"https:\/\/medapp.lv\/lt\/wp-json\/wp\/v2\/product\/15952\/revisions\/20008"}],"wp:featuredmedia":[{"embeddable":true,"href":"https:\/\/medapp.lv\/lt\/wp-json\/wp\/v2\/media\/15644"}],"wp:attachment":[{"href":"https:\/\/medapp.lv\/lt\/wp-json\/wp\/v2\/media?parent=15952"}],"wp:term":[{"taxonomy":"product_brand","embeddable":true,"href":"https:\/\/medapp.lv\/lt\/wp-json\/wp\/v2\/product_brand?post=15952"},{"taxonomy":"product_cat","embeddable":true,"href":"https:\/\/medapp.lv\/lt\/wp-json\/wp\/v2\/product_cat?post=15952"},{"taxonomy":"product_tag","embeddable":true,"href":"https:\/\/medapp.lv\/lt\/wp-json\/wp\/v2\/product_tag?post=15952"}],"curies":[{"name":"wp","href":"https:\/\/api.w.org\/{rel}","templated":true}]}}