{"id":15954,"date":"2024-02-04T21:42:02","date_gmt":"2024-02-04T19:42:02","guid":{"rendered":"http:\/\/mareksj17.sg-host.com\/?post_type=product&#038;p=15954"},"modified":"2026-02-16T13:23:31","modified_gmt":"2026-02-16T11:23:31","slug":"becker-cieta-regulejama-kakla-stabilizacijas-ortoze","status":"publish","type":"product","link":"https:\/\/medapp.lv\/lt\/produktas\/becker-cieta-regulejama-kakla-stabilizacijas-ortoze\/","title":{"rendered":"BECKER Tvirta, reguliuojama kaklo stabilizavimo ortoz\u0117"},"content":{"rendered":"","protected":false},"excerpt":{"rendered":"<p>Dviej\u0173 dali\u0173 kaklo ortoz\u0117 pagaminta i\u0161 polietileno ir tvirtinama lipnia juostele i\u0161 abiej\u0173 pusi\u0173. Ortoz\u0117 pritaikyta smakro formai ir patogiai priglunda prie kr\u016btinkaulio. Ortoz\u0117 \u0161onuose yra \u017eemesn\u0117, kad netrukdyt\u0173 pe\u010diams ir ausims. Ortoz\u0117s auk\u0161tis reguliuojamas dviem plastikiniais var\u017etais. Jo pamink\u0161tinimas yra mink\u0161tas ir vientisas. Apmu\u0161alus galima skalbti ir pakeisti. Yra su kei\u010diamu pamu\u0161alu.<br \/>\nIndikacijos:<br \/>\nNestabilumo, skausmo ir pooperacinio naudojimo atvejais.<br \/>\nS\/M (5,5\u20139,5 cm)<br \/>\nM\/L (8\u201313 cm)<\/p>\n<div id=\"gtx-trans\" style=\"position: absolute; left: -23px; top: 97.2px;\">\n<div class=\"gtx-trans-icon\"><\/div>\n<\/div>","protected":false},"featured_media":15638,"comment_status":"open","ping_status":"closed","template":"","meta":[],"product_brand":[],"product_cat":[134,133],"product_tag":[],"class_list":{"0":"post-15954","1":"product","2":"type-product","3":"status-publish","4":"has-post-thumbnail","6":"product_cat-kaklam","7":"product_cat-ortozes","9":"first","10":"instock","11":"taxable","12":"shipping-taxable","13":"purchasable","14":"product-type-variable"},"_links":{"self":[{"href":"https:\/\/medapp.lv\/lt\/wp-json\/wp\/v2\/product\/15954","targetHints":{"allow":["GET"]}}],"collection":[{"href":"https:\/\/medapp.lv\/lt\/wp-json\/wp\/v2\/product"}],"about":[{"href":"https:\/\/medapp.lv\/lt\/wp-json\/wp\/v2\/types\/product"}],"replies":[{"embeddable":true,"href":"https:\/\/medapp.lv\/lt\/wp-json\/wp\/v2\/comments?post=15954"}],"version-history":[{"count":8,"href":"https:\/\/medapp.lv\/lt\/wp-json\/wp\/v2\/product\/15954\/revisions"}],"predecessor-version":[{"id":20000,"href":"https:\/\/medapp.lv\/lt\/wp-json\/wp\/v2\/product\/15954\/revisions\/20000"}],"wp:featuredmedia":[{"embeddable":true,"href":"https:\/\/medapp.lv\/lt\/wp-json\/wp\/v2\/media\/15638"}],"wp:attachment":[{"href":"https:\/\/medapp.lv\/lt\/wp-json\/wp\/v2\/media?parent=15954"}],"wp:term":[{"taxonomy":"product_brand","embeddable":true,"href":"https:\/\/medapp.lv\/lt\/wp-json\/wp\/v2\/product_brand?post=15954"},{"taxonomy":"product_cat","embeddable":true,"href":"https:\/\/medapp.lv\/lt\/wp-json\/wp\/v2\/product_cat?post=15954"},{"taxonomy":"product_tag","embeddable":true,"href":"https:\/\/medapp.lv\/lt\/wp-json\/wp\/v2\/product_tag?post=15954"}],"curies":[{"name":"wp","href":"https:\/\/api.w.org\/{rel}","templated":true}]}}