{"id":15956,"date":"2024-02-04T21:46:37","date_gmt":"2024-02-04T19:46:37","guid":{"rendered":"http:\/\/mareksj17.sg-host.com\/?post_type=product&#038;p=15956"},"modified":"2026-01-28T17:33:12","modified_gmt":"2026-01-28T15:33:12","slug":"reh4mat-puscieta-kakla-stabilizacijas-ortoze","status":"publish","type":"product","link":"https:\/\/medapp.lv\/lt\/produktas\/reh4mat-puscieta-kakla-stabilizacijas-ortoze\/","title":{"rendered":"REH4MAT Pusiau standi kaklo stabilizavimo ortoz\u0117"},"content":{"rendered":"<p>Pusiau standi ortopedin\u0117 ortoz\u0117, susidedanti i\u0161 anatomin\u0117s formos poliuretano plok\u0161tel\u0117s ir VELCRO juosteli\u0173 dyd\u017eio reguliavimui. Ortoz\u0117 stabilizuoja ir atpalaiduoja stubur\u0105 nuo spaudimo kaklo srityje, taip pat kakl\u0105 nuo kaklo raumen\u0173 \u012ftampos.<br \/>\nIndikacijos:<br \/>\nPo kaklo stuburo traum\u0173 (patempim\u0173 ir m\u0117lyni\u0173).<br \/>\nReabilitacijos laikotarpiu po stuburo l\u016b\u017eio profilaktinio ar chirurginio gydymo metu.<br \/>\nJei yra stiprus ir l\u0117tinis kaklo ir pe\u010di\u0173 skausmas d\u0117l traum\u0173, per didelio naudojimo ar degeneracini\u0173 poky\u010di\u0173.<br \/>\nEsant degeneraciniams kaklin\u0117s stuburo dalies pakitimams, lydintiems neurologini\u0173 simptom\u0173 (gimdos kaklelio radikulopatija, vir\u0161utini\u0173 gal\u016bni\u0173 parez\u0117, pusiausvyros sutrikimai, galvos svaigimas).<br \/>\nNuo galvos skausmo ir timpanofonijos, kuri\u0105 sukelia gerkl\u0117s problemos.<br \/>\nTorticollis d\u0117l \u012fvairi\u0173 prie\u017eas\u010di\u0173.<br \/>\n8 cm<br \/>\n10 cm<br \/>\n12 cm<\/p>","protected":false},"excerpt":{"rendered":"<p>Pusiau standi ortopedin\u0117 ortoz\u0117, susidedanti i\u0161 anatomin\u0117s formos poliuretano plok\u0161tel\u0117s ir VELCRO juosteli\u0173 dyd\u017eio reguliavimui. Ortoz\u0117 stabilizuoja ir atpalaiduoja stubur\u0105<\/p>","protected":false},"featured_media":15957,"comment_status":"open","ping_status":"closed","template":"","meta":[],"product_brand":[],"product_cat":[134,133],"product_tag":[],"class_list":{"0":"post-15956","1":"product","2":"type-product","3":"status-publish","4":"has-post-thumbnail","6":"product_cat-kaklam","7":"product_cat-ortozes","9":"first","10":"instock","11":"taxable","12":"shipping-taxable","13":"purchasable","14":"product-type-variable"},"_links":{"self":[{"href":"https:\/\/medapp.lv\/lt\/wp-json\/wp\/v2\/product\/15956","targetHints":{"allow":["GET"]}}],"collection":[{"href":"https:\/\/medapp.lv\/lt\/wp-json\/wp\/v2\/product"}],"about":[{"href":"https:\/\/medapp.lv\/lt\/wp-json\/wp\/v2\/types\/product"}],"replies":[{"embeddable":true,"href":"https:\/\/medapp.lv\/lt\/wp-json\/wp\/v2\/comments?post=15956"}],"version-history":[{"count":5,"href":"https:\/\/medapp.lv\/lt\/wp-json\/wp\/v2\/product\/15956\/revisions"}],"predecessor-version":[{"id":20003,"href":"https:\/\/medapp.lv\/lt\/wp-json\/wp\/v2\/product\/15956\/revisions\/20003"}],"wp:featuredmedia":[{"embeddable":true,"href":"https:\/\/medapp.lv\/lt\/wp-json\/wp\/v2\/media\/15957"}],"wp:attachment":[{"href":"https:\/\/medapp.lv\/lt\/wp-json\/wp\/v2\/media?parent=15956"}],"wp:term":[{"taxonomy":"product_brand","embeddable":true,"href":"https:\/\/medapp.lv\/lt\/wp-json\/wp\/v2\/product_brand?post=15956"},{"taxonomy":"product_cat","embeddable":true,"href":"https:\/\/medapp.lv\/lt\/wp-json\/wp\/v2\/product_cat?post=15956"},{"taxonomy":"product_tag","embeddable":true,"href":"https:\/\/medapp.lv\/lt\/wp-json\/wp\/v2\/product_tag?post=15956"}],"curies":[{"name":"wp","href":"https:\/\/api.w.org\/{rel}","templated":true}]}}