{"id":15961,"date":"2024-02-04T21:49:34","date_gmt":"2024-02-04T19:49:34","guid":{"rendered":"http:\/\/mareksj17.sg-host.com\/?post_type=product&#038;p=15961"},"modified":"2026-02-16T15:30:32","modified_gmt":"2026-02-16T13:30:32","slug":"pavis-cela-ortoze-ar-locitavas-fiksatoriem-sanu-dalas-stabilizesanai","status":"publish","type":"product","link":"https:\/\/medapp.lv\/lt\/produktas\/pavis-cela-ortoze-ar-locitavas-fiksatoriem-sanu-dalas-stabilizesanai\/","title":{"rendered":"PAVIS Kelio s\u0105nario ortoz\u0117 su s\u0105nari\u0173 fiksatoriais"},"content":{"rendered":"<p>Padeda kuo grei\u010diau ir geriau atsigauti: du nuimami C formos kelio (girnel\u0117s) fiksavimo strypai, kurie kartu su centriniais dir\u017eeliais optimizuoja girnel\u0117s stabilizavim\u0105 (medializacij\u0105, centralizacij\u0105 arba lateralizacij\u0105). 3 elastiniai dir\u017eeliai suspaudimui reguliuoti pagal koj\u0173 form\u0105 ir gydymo poreikius. Dvi nuimamos policentrin\u0117s atramos (medialin\u0117 ir \u0161onin\u0117), u\u017etikrinan\u010dios kelio s\u0105nario \u0161onin\u012f stabilum\u0105 ir palaikan\u010dios medialin\u012f bei \u0161onin\u012f \u0161onin\u012f rai\u0161t\u012f. Laisva klub\u0173 sritis \u2013 siekiant i\u0161vengti suspaudimo \u0161ioje kritin\u0117je srityje ir u\u017etikrinti ger\u0105 kraujotak\u0105. Ortoz\u0117 yra patogi, paprasta naudoti, patogi ir higieni\u0161ka med\u017eiaga - 100% medviln\u0117. Med\u017eiaga skirta u\u017ekirsti keli\u0105 bakterij\u0173 susidarymui.<br \/>\nIndikacijos:<\/p>\n<ul>\n<li>Kelio subluksacija (girnel\u0117s);<\/li>\n<li>D\u0117l prie\u0161operacinio ar pooperacinio kelio nestabilumo;<\/li>\n<li>Priekinio kry\u017eminio rai\u0161\u010dio ir u\u017epakalinio kry\u017eminio rai\u0161\u010dio laisvumas.<\/li>\n<\/ul>\n<p>Galimas ilgis: 31 cm<\/p>\n<p><iframe title=\"YouTube vaizdo grotuvas\" src=\"https:\/\/www.youtube.com\/embed\/ECZGR1yf0VM?si=KqdJ2e-nxkRkxgzf\" width=\"560\" height=\"315\" frameborder=\"0\" allowfullscreen=\"allowfullscreen\"><\/iframe><\/p>","protected":false},"excerpt":{"rendered":"<p>Auk\u0161tos kokyb\u0117s Pavis kelio ortoz\u0117, kelio atrama su kelio s\u0105nario fiksatoriumi. Anatomin\u0117s formos \u012ftvarai yra termoplasti\u0161kai formuojami ir \u012fki\u0161ti \u012f \u0161onines angas.\u00a0<span class=\"selectable-text copyable-text\">Tinka naudoti ant abiej\u0173 koj\u0173.<\/span><\/p>","protected":false},"featured_media":15615,"comment_status":"open","ping_status":"closed","template":"","meta":[],"product_brand":[],"product_cat":[137,133],"product_tag":[],"class_list":{"0":"post-15961","1":"product","2":"type-product","3":"status-publish","4":"has-post-thumbnail","6":"product_cat-kajai-cela-locitivai-un-pedai","7":"product_cat-ortozes","9":"first","10":"instock","11":"sale","12":"taxable","13":"shipping-taxable","14":"purchasable","15":"product-type-variable"},"_links":{"self":[{"href":"https:\/\/medapp.lv\/lt\/wp-json\/wp\/v2\/product\/15961","targetHints":{"allow":["GET"]}}],"collection":[{"href":"https:\/\/medapp.lv\/lt\/wp-json\/wp\/v2\/product"}],"about":[{"href":"https:\/\/medapp.lv\/lt\/wp-json\/wp\/v2\/types\/product"}],"replies":[{"embeddable":true,"href":"https:\/\/medapp.lv\/lt\/wp-json\/wp\/v2\/comments?post=15961"}],"version-history":[{"count":12,"href":"https:\/\/medapp.lv\/lt\/wp-json\/wp\/v2\/product\/15961\/revisions"}],"predecessor-version":[{"id":20039,"href":"https:\/\/medapp.lv\/lt\/wp-json\/wp\/v2\/product\/15961\/revisions\/20039"}],"wp:featuredmedia":[{"embeddable":true,"href":"https:\/\/medapp.lv\/lt\/wp-json\/wp\/v2\/media\/15615"}],"wp:attachment":[{"href":"https:\/\/medapp.lv\/lt\/wp-json\/wp\/v2\/media?parent=15961"}],"wp:term":[{"taxonomy":"product_brand","embeddable":true,"href":"https:\/\/medapp.lv\/lt\/wp-json\/wp\/v2\/product_brand?post=15961"},{"taxonomy":"product_cat","embeddable":true,"href":"https:\/\/medapp.lv\/lt\/wp-json\/wp\/v2\/product_cat?post=15961"},{"taxonomy":"product_tag","embeddable":true,"href":"https:\/\/medapp.lv\/lt\/wp-json\/wp\/v2\/product_tag?post=15961"}],"curies":[{"name":"wp","href":"https:\/\/api.w.org\/{rel}","templated":true}]}}