{"id":15963,"date":"2024-02-04T21:51:25","date_gmt":"2024-02-04T19:51:25","guid":{"rendered":"http:\/\/mareksj17.sg-host.com\/?post_type=product&#038;p=15963"},"modified":"2026-02-15T13:04:25","modified_gmt":"2026-02-15T11:04:25","slug":"pavis-elkona-balsts-ar-spilventinu","status":"publish","type":"product","link":"https:\/\/medapp.lv\/lt\/produktas\/pavis-elkona-balsts-ar-spilventinu\/","title":{"rendered":"PAVIS alk\u016bn\u0117s atrama su padu"},"content":{"rendered":"<p>Padeda kuo grei\u010diau ir geriau atsigauti: sergant epikondilitu \u2013 bangos formos spaudimo pagalv\u0117l\u0117 skausmui mal\u0161inti. Itin elastingas audinys alk\u016bni\u0173 srityje. Patogus \u2013 tinka abiem rankoms. Patogi, kv\u0117puojanti ir higieni\u0161ka med\u017eiaga - pamu\u0161alas i\u0161 100 % medviln\u0117s veli\u016bro. Med\u017eiaga skirta u\u017ekirsti keli\u0105 bakterij\u0173 susidarymui.<br \/>\nIndikacijos:<br \/>\nAlk\u016bn\u0117s u\u017edegimo atvejais;<br \/>\nepikondilitas (\u201eteniso alk\u016bn\u0117\u201c);<br \/>\nEpitrochleitas.<\/p>\n<p><iframe title=\"YouTube vaizdo grotuvas\" src=\"https:\/\/www.youtube.com\/embed\/aj5L2C1U1tA?si=x-UdQ00i15Xd8-Tm\" width=\"560\" height=\"315\" frameborder=\"0\" allowfullscreen=\"allowfullscreen\"><\/iframe><\/p>","protected":false},"excerpt":{"rendered":"<p>\u0160is lankstus alk\u016bn\u0117s \u012ftvaras skirtas pad\u0117ti mal\u0161inti skausm\u0105 ir palengvinti atsigavim\u0105 po epikondilito, nes skausmui mal\u0161inti si\u016bloma bangos formos prispaudimo pagalv\u0117l\u0117. Jis tinka abiem rankoms ir yra pagamintas i\u0161 patogaus, kv\u0117puojan\u010dio ir higieni\u0161ko 100% medvilninio veli\u016brinio pamu\u0161alo, neleid\u017eian\u010dio susidaryti bakterijoms, tinka esant alk\u016bn\u0117s u\u017edegimams, &quot;teniso alk\u016bnei&quot; ir epitrochleitui. <span class=\"selectable-text copyable-text\">Tinka abiem rankom.<\/span><\/p>","protected":false},"featured_media":15614,"comment_status":"open","ping_status":"closed","template":"","meta":[],"product_brand":[],"product_cat":[139,133],"product_tag":[],"class_list":{"0":"post-15963","1":"product","2":"type-product","3":"status-publish","4":"has-post-thumbnail","6":"product_cat-rokas-un-plaukstai","7":"product_cat-ortozes","9":"first","10":"outofstock","11":"sale","12":"taxable","13":"shipping-taxable","14":"purchasable","15":"product-type-variable"},"_links":{"self":[{"href":"https:\/\/medapp.lv\/lt\/wp-json\/wp\/v2\/product\/15963","targetHints":{"allow":["GET"]}}],"collection":[{"href":"https:\/\/medapp.lv\/lt\/wp-json\/wp\/v2\/product"}],"about":[{"href":"https:\/\/medapp.lv\/lt\/wp-json\/wp\/v2\/types\/product"}],"replies":[{"embeddable":true,"href":"https:\/\/medapp.lv\/lt\/wp-json\/wp\/v2\/comments?post=15963"}],"version-history":[{"count":9,"href":"https:\/\/medapp.lv\/lt\/wp-json\/wp\/v2\/product\/15963\/revisions"}],"predecessor-version":[{"id":19951,"href":"https:\/\/medapp.lv\/lt\/wp-json\/wp\/v2\/product\/15963\/revisions\/19951"}],"wp:featuredmedia":[{"embeddable":true,"href":"https:\/\/medapp.lv\/lt\/wp-json\/wp\/v2\/media\/15614"}],"wp:attachment":[{"href":"https:\/\/medapp.lv\/lt\/wp-json\/wp\/v2\/media?parent=15963"}],"wp:term":[{"taxonomy":"product_brand","embeddable":true,"href":"https:\/\/medapp.lv\/lt\/wp-json\/wp\/v2\/product_brand?post=15963"},{"taxonomy":"product_cat","embeddable":true,"href":"https:\/\/medapp.lv\/lt\/wp-json\/wp\/v2\/product_cat?post=15963"},{"taxonomy":"product_tag","embeddable":true,"href":"https:\/\/medapp.lv\/lt\/wp-json\/wp\/v2\/product_tag?post=15963"}],"curies":[{"name":"wp","href":"https:\/\/api.w.org\/{rel}","templated":true}]}}