{"id":15965,"date":"2024-02-04T21:54:06","date_gmt":"2024-02-04T19:54:06","guid":{"rendered":"http:\/\/mareksj17.sg-host.com\/?post_type=product&#038;p=15965"},"modified":"2025-07-17T07:45:02","modified_gmt":"2025-07-17T05:45:02","slug":"pavis-regulejama-elastiga-plaukstas-locitavas-ortoze","status":"publish","type":"product","link":"https:\/\/medapp.lv\/lt\/produktas\/pavis-regulejama-elastiga-plaukstas-locitavas-ortoze\/","title":{"rendered":"PAVIS Reguliuojama rie\u0161o ortoz\u0117"},"content":{"rendered":"<p>Padeda kuo grei\u010diau ir geriau atsigauti: reguliuojamas, pilnai patentuotas u\u017esegimas leid\u017eiantis reguliuoti ortoz\u0117s suspaudimo lyg\u012f. Patogi, kv\u0117puojanti ir higieni\u0161ka med\u017eiaga - pamu\u0161alas i\u0161 100 % medviln\u0117s veli\u016bro. Patogu \u2013 ortoz\u0119 galima ne\u0161ioti tiek ant de\u0161iniojo, tiek ant kairiojo rie\u0161o. Med\u017eiaga skirta u\u017ekirsti keli\u0105 bakterij\u0173 susidarymui. Ilgis: 6,5 cm<\/p>\n<p>Naudojimas:<\/p>\n<ul>\n<li>Rie\u0161o su\u017ealojimai;<\/li>\n<li>Pagalba po traum\u0173 ir po operacij\u0173;<\/li>\n<li>Rie\u0161o bursitas.<\/li>\n<\/ul>\n<p>&nbsp;<\/p>","protected":false},"excerpt":{"rendered":"<p>\u0160i reguliuojama rie\u0161o ortoz\u0117 turi Pavis patentuot\u0105 med\u017eiag\u0105, kuri reguliuoja suspaudimo lyg\u012f, kad b\u016bt\u0173 patogu ir palaikoma. Pagaminta i\u0161 kv\u0117puojan\u010dios ir higieni\u0161kos 100% medviln\u0117s veli\u016brin\u0117s med\u017eiagos, tinka tiek de\u0161inei, tiek kairei rankai. Idealiai tinka rank\u0173 traumoms, potrauminiam ir rie\u0161o bursitui, tuo pa\u010diu u\u017ekertant keli\u0105 bakterij\u0173 kaupimuisi.<br \/>\n<span class=\"selectable-text copyable-text\">Tinka abiem rankom.<\/span><\/p>","protected":false},"featured_media":15612,"comment_status":"open","ping_status":"closed","template":"","meta":[],"product_brand":[],"product_cat":[139,133],"product_tag":[],"class_list":{"0":"post-15965","1":"product","2":"type-product","3":"status-publish","4":"has-post-thumbnail","6":"product_cat-rokas-un-plaukstai","7":"product_cat-ortozes","9":"first","10":"instock","11":"sale","12":"taxable","13":"shipping-taxable","14":"purchasable","15":"product-type-variable"},"_links":{"self":[{"href":"https:\/\/medapp.lv\/lt\/wp-json\/wp\/v2\/product\/15965","targetHints":{"allow":["GET"]}}],"collection":[{"href":"https:\/\/medapp.lv\/lt\/wp-json\/wp\/v2\/product"}],"about":[{"href":"https:\/\/medapp.lv\/lt\/wp-json\/wp\/v2\/types\/product"}],"replies":[{"embeddable":true,"href":"https:\/\/medapp.lv\/lt\/wp-json\/wp\/v2\/comments?post=15965"}],"version-history":[{"count":11,"href":"https:\/\/medapp.lv\/lt\/wp-json\/wp\/v2\/product\/15965\/revisions"}],"predecessor-version":[{"id":20048,"href":"https:\/\/medapp.lv\/lt\/wp-json\/wp\/v2\/product\/15965\/revisions\/20048"}],"wp:featuredmedia":[{"embeddable":true,"href":"https:\/\/medapp.lv\/lt\/wp-json\/wp\/v2\/media\/15612"}],"wp:attachment":[{"href":"https:\/\/medapp.lv\/lt\/wp-json\/wp\/v2\/media?parent=15965"}],"wp:term":[{"taxonomy":"product_brand","embeddable":true,"href":"https:\/\/medapp.lv\/lt\/wp-json\/wp\/v2\/product_brand?post=15965"},{"taxonomy":"product_cat","embeddable":true,"href":"https:\/\/medapp.lv\/lt\/wp-json\/wp\/v2\/product_cat?post=15965"},{"taxonomy":"product_tag","embeddable":true,"href":"https:\/\/medapp.lv\/lt\/wp-json\/wp\/v2\/product_tag?post=15965"}],"curies":[{"name":"wp","href":"https:\/\/api.w.org\/{rel}","templated":true}]}}