{"id":15967,"date":"2024-02-04T21:56:44","date_gmt":"2024-02-04T19:56:44","guid":{"rendered":"http:\/\/mareksj17.sg-host.com\/?post_type=product&#038;p=15967"},"modified":"2026-04-04T10:31:40","modified_gmt":"2026-04-04T08:31:40","slug":"pavis-atverta-veida-regulejama-elastiga-celgalu-ortoze-ar-policentriskiem-balstiem","status":"publish","type":"product","link":"https:\/\/medapp.lv\/lt\/produktas\/pavis-atverta-veida-regulejama-elastiga-celgalu-ortoze-ar-policentriskiem-balstiem\/","title":{"rendered":"PAVIS Atvira kelio ortoz\u0117"},"content":{"rendered":"<p>Padeda kuo grei\u010diau ir geriau atsigauti.: Atviro tipo kelio ortoz\u0117 turi aplinkui \u012ftaisyt\u0105 mink\u0161t\u0105 silikonin\u012f \u017eied\u0105, kuris u\u017etikrina kelio stabilum\u0105. Laisva klub\u0173 sritis, garantuoja normali\u0105 kraujotak\u0105. Du elastingi dir\u017eeliai reguliuoja kompresij\u0105 pagal kojos form\u0105 ir atsigavimo laikotarpiu. Dvi nuimamos, lengvos ir lanks\u010dios \u0161onin\u0117s tvirtinimo detal\u0117s, kurios suteikia papildomo kelio \u0161oninio stabilumo. Du nuimami policentriniai breketai (vienas vidurinis ir vienas \u0161oninis) u\u017etikrina kelio \u0161onin\u012f stabilum\u0105 ir palaiko medialin\u012f \u0161onin\u012f rai\u0161t\u012f bei \u0161onin\u012f \u0161onin\u012f rai\u0161t\u012f. Patogus \u2013 galima ne\u0161ioti tiek ant kair\u0117s, tiek ant de\u0161in\u0117s kojos. Pilnai atidaromas. Patogi, kv\u0117puojanti ir higieni\u0161ka med\u017eiaga \u2013 100% medviln\u0117, besilie\u010dianti su oda. Med\u017eiaga skirta u\u017ekirsti keli\u0105 bakterij\u0173 susidarymui.<br \/>\nIndikacijos:<\/p>\n<ul>\n<li>S\u0105nari\u0173 patinimas;<\/li>\n<li>Prie\u0161operacinis arba pooperacinis;<\/li>\n<li>Kelio nestabilumas.<\/li>\n<\/ul>\n<p><iframe title=\"YouTube vaizdo grotuvas\" src=\"https:\/\/www.youtube.com\/embed\/JOKS5ICpY6w?si=Y3M8PQGiM0pB_mrs\" width=\"560\" height=\"315\" frameborder=\"0\" allowfullscreen=\"allowfullscreen\"><\/iframe><\/p>","protected":false},"excerpt":{"rendered":"<p>Optimizuokite atsigavim\u0105 naudodami naujovi\u0161k\u0105 kelio stabilizatori\u0173, skirt\u0105 palaikyti ir apsaugoti j\u016bs\u0173 kelio s\u0105nar\u012f viso atsigavimo proceso metu. Gaminys turi unikali\u0105 priekin\u0119 ang\u0105 su mink\u0161tu silikoniniu \u017eiedu, u\u017etikrinan\u010diu reikiam\u0105 stabilum\u0105 ir komfort\u0105. Ypatingas d\u0117mesys skiriamas \u0161laun\u0173 sri\u010diai, kuri padeda i\u0161vengti nepageidaujamo suspaudimo ir i\u0161laikyti nepa\u017eeist\u0105 kraujotak\u0105. <span class=\"selectable-text copyable-text\">Tinka naudoti ant abiej\u0173 koj\u0173.<\/span><\/p>","protected":false},"featured_media":15611,"comment_status":"open","ping_status":"closed","template":"","meta":[],"product_brand":[],"product_cat":[137,133],"product_tag":[],"class_list":{"0":"post-15967","1":"product","2":"type-product","3":"status-publish","4":"has-post-thumbnail","6":"product_cat-kajai-cela-locitivai-un-pedai","7":"product_cat-ortozes","9":"first","10":"instock","11":"sale","12":"taxable","13":"shipping-taxable","14":"purchasable","15":"product-type-variable"},"_links":{"self":[{"href":"https:\/\/medapp.lv\/lt\/wp-json\/wp\/v2\/product\/15967","targetHints":{"allow":["GET"]}}],"collection":[{"href":"https:\/\/medapp.lv\/lt\/wp-json\/wp\/v2\/product"}],"about":[{"href":"https:\/\/medapp.lv\/lt\/wp-json\/wp\/v2\/types\/product"}],"replies":[{"embeddable":true,"href":"https:\/\/medapp.lv\/lt\/wp-json\/wp\/v2\/comments?post=15967"}],"version-history":[{"count":10,"href":"https:\/\/medapp.lv\/lt\/wp-json\/wp\/v2\/product\/15967\/revisions"}],"predecessor-version":[{"id":20050,"href":"https:\/\/medapp.lv\/lt\/wp-json\/wp\/v2\/product\/15967\/revisions\/20050"}],"wp:featuredmedia":[{"embeddable":true,"href":"https:\/\/medapp.lv\/lt\/wp-json\/wp\/v2\/media\/15611"}],"wp:attachment":[{"href":"https:\/\/medapp.lv\/lt\/wp-json\/wp\/v2\/media?parent=15967"}],"wp:term":[{"taxonomy":"product_brand","embeddable":true,"href":"https:\/\/medapp.lv\/lt\/wp-json\/wp\/v2\/product_brand?post=15967"},{"taxonomy":"product_cat","embeddable":true,"href":"https:\/\/medapp.lv\/lt\/wp-json\/wp\/v2\/product_cat?post=15967"},{"taxonomy":"product_tag","embeddable":true,"href":"https:\/\/medapp.lv\/lt\/wp-json\/wp\/v2\/product_tag?post=15967"}],"curies":[{"name":"wp","href":"https:\/\/api.w.org\/{rel}","templated":true}]}}