{"id":15969,"date":"2024-02-04T21:58:30","date_gmt":"2024-02-04T19:58:30","guid":{"rendered":"http:\/\/mareksj17.sg-host.com\/?post_type=product&#038;p=15969"},"modified":"2025-07-30T12:16:37","modified_gmt":"2025-07-30T10:16:37","slug":"pavis-atverta-veida-regulejama-elastiga-celgalu-ortoze","status":"publish","type":"product","link":"https:\/\/medapp.lv\/lt\/produktas\/pavis-atverta-veida-regulejama-elastiga-celgalu-ortoze\/","title":{"rendered":"PAVIS Atvira kelio ortoz\u0117"},"content":{"rendered":"<p>Padeda grei\u010diau ir geriau atsigauti: su priekine anga su mink\u0161tu silikoniniu \u017eiedu, \u012ftaisytu aplinkui, u\u017etikrinan\u010diu kelio stabilum\u0105. Atlaisvinkite \u0161laun\u0173 srit\u012f, kad i\u0161vengtum\u0117te suspaudimo \u0161ioje kritin\u0117je srityje ir u\u017etikrintum\u0117te normali\u0105 kraujotak\u0105. 2 elastiniai dir\u017eeliai suspaudimui reguliuoti pagal koj\u0173 form\u0105 ir atsigavimo poreikius. Dvi nuimamos, lengvos ir lanks\u010dios \u0161onin\u0117s atramos, kurios suteikia papildomo kelio \u0161oninio stabilumo. Patogu: ortoz\u0117 tinka abiem kojoms. Pilnai atidaromas. Patogi, kv\u0117puojanti ir higieni\u0161ka med\u017eiaga \u2013 pamu\u0161alas i\u0161 100% medviln\u0117s.<br \/>\nMed\u017eiaga skirta u\u017ekirsti keli\u0105 bakterij\u0173 susidarymui.<br \/>\nIndikacijos:<br \/>\nSkausmas kelio s\u0105naryje;<br \/>\nArtritas;<br \/>\nS\u0105nari\u0173 patinimas;<br \/>\nTendinitas;<br \/>\nKelio subluksacija (girnel\u0117s);<br \/>\nMenisko su\u017ealojimai.<br \/>\nGALIMA AUK\u0160TIS: 29 (CM)<br \/>\n<iframe title=\"YouTube vaizdo grotuvas\" src=\"https:\/\/www.youtube.com\/embed\/BAnSUzp89Vk?si=TUTifU44nXKJcO2s\" width=\"560\" height=\"315\" frameborder=\"0\" allowfullscreen=\"allowfullscreen\"><\/iframe><\/p>\n<div id=\"gtx-trans\" style=\"position: absolute; left: 1044px; top: 1.2px;\">\n<div class=\"gtx-trans-icon\"><\/div>\n<\/div>","protected":false},"excerpt":{"rendered":"<p>Padeda grei\u010diau ir geriau atsigauti: su priekine anga su mink\u0161tu silikoniniu \u017eiedu, \u012ftaisytu aplinkui, u\u017etikrinan\u010diu kelio stabilum\u0105.<br \/>\n<strong><span class=\"selectable-text copyable-text\">Tinka naudoti ant abiej\u0173 koj\u0173.<\/span><\/strong><\/p>","protected":false},"featured_media":15610,"comment_status":"open","ping_status":"closed","template":"","meta":[],"product_brand":[],"product_cat":[137,133],"product_tag":[],"class_list":{"0":"post-15969","1":"product","2":"type-product","3":"status-publish","4":"has-post-thumbnail","6":"product_cat-kajai-cela-locitivai-un-pedai","7":"product_cat-ortozes","9":"first","10":"instock","11":"sale","12":"taxable","13":"shipping-taxable","14":"purchasable","15":"product-type-variable"},"_links":{"self":[{"href":"https:\/\/medapp.lv\/lt\/wp-json\/wp\/v2\/product\/15969","targetHints":{"allow":["GET"]}}],"collection":[{"href":"https:\/\/medapp.lv\/lt\/wp-json\/wp\/v2\/product"}],"about":[{"href":"https:\/\/medapp.lv\/lt\/wp-json\/wp\/v2\/types\/product"}],"replies":[{"embeddable":true,"href":"https:\/\/medapp.lv\/lt\/wp-json\/wp\/v2\/comments?post=15969"}],"version-history":[{"count":8,"href":"https:\/\/medapp.lv\/lt\/wp-json\/wp\/v2\/product\/15969\/revisions"}],"predecessor-version":[{"id":19972,"href":"https:\/\/medapp.lv\/lt\/wp-json\/wp\/v2\/product\/15969\/revisions\/19972"}],"wp:featuredmedia":[{"embeddable":true,"href":"https:\/\/medapp.lv\/lt\/wp-json\/wp\/v2\/media\/15610"}],"wp:attachment":[{"href":"https:\/\/medapp.lv\/lt\/wp-json\/wp\/v2\/media?parent=15969"}],"wp:term":[{"taxonomy":"product_brand","embeddable":true,"href":"https:\/\/medapp.lv\/lt\/wp-json\/wp\/v2\/product_brand?post=15969"},{"taxonomy":"product_cat","embeddable":true,"href":"https:\/\/medapp.lv\/lt\/wp-json\/wp\/v2\/product_cat?post=15969"},{"taxonomy":"product_tag","embeddable":true,"href":"https:\/\/medapp.lv\/lt\/wp-json\/wp\/v2\/product_tag?post=15969"}],"curies":[{"name":"wp","href":"https:\/\/api.w.org\/{rel}","templated":true}]}}