{"id":15973,"date":"2024-02-04T22:04:07","date_gmt":"2024-02-04T20:04:07","guid":{"rendered":"http:\/\/mareksj17.sg-host.com\/?post_type=product&#038;p=15973"},"modified":"2026-03-17T13:41:42","modified_gmt":"2026-03-17T11:41:42","slug":"pavis-potites-stabilizators-ar-izteiktu-sanu-kustibu-kontroli","status":"publish","type":"product","link":"https:\/\/medapp.lv\/lt\/produktas\/pavis-potites-stabilizators-ar-izteiktu-sanu-kustibu-kontroli\/","title":{"rendered":"PAVIS kulk\u0161nies stabilizatorius"},"content":{"rendered":"<p>Padeda grei\u010diau ir geriau atsigauti: reguliuojamos nuorodos i\u0161pl\u0117stiniam palaikymui ir inversijos \/ versijos fiksavimui. 3 reguliuojami u\u017esegimai, patogi, kv\u0117puojanti med\u017eiaga. Patogi, atvira nugara kojin\u0117 (lengva ne\u0161ioti esant skaudan\u010dioms ir patinusioms kulk\u0161nims), tinkama d\u0117v\u0117ti tiek ant kair\u0117s, tiek ant de\u0161in\u0117s p\u0117dos.<br \/>\nMed\u017eiaga skirta u\u017ekirsti keli\u0105 bakterij\u0173 susidarymui.<\/p>\n<p>Indikacijos:<\/p>\n<ul>\n<li>Kulk\u0161nies su\u017ealojimai;<\/li>\n<li>sausgysli\u0173 u\u017edegimas;<\/li>\n<li>Pagalba po traum\u0173 ir po operacij\u0173;<\/li>\n<li>Kulk\u0161nies inversijos ir versijos valdymas;<\/li>\n<li>Luksacija ir subluksacija;<\/li>\n<li>L\u0117tinis kulk\u0161nies nestabilumas.<\/li>\n<\/ul>\n<p>&nbsp;<\/p>\n<p><iframe title=\"YouTube vaizdo grotuvas\" src=\"https:\/\/www.youtube.com\/embed\/yxofRFnYmH8?si=7b-5LfddCRTPpsAo\" width=\"560\" height=\"315\" frameborder=\"0\" allowfullscreen=\"allowfullscreen\"><\/iframe><\/p>","protected":false},"excerpt":{"rendered":"<p>\u0160ioje kulk\u0161nies atramos ortoz\u0117je yra reguliuojami dir\u017eeliai, u\u017etikrinantys pa\u017eangi\u0105 atram\u0105 ir apverst\u0105 \/ apverst\u0105 fiksacij\u0105, taip pat trys reguliuojami u\u017esegimo tvirtinimo elementai ir patogi, kv\u0117puojanti med\u017eiaga.<br \/>\n<span class=\"selectable-text copyable-text\">Tinka naudoti ant abiej\u0173 koj\u0173.<\/span><\/p>","protected":false},"featured_media":15608,"comment_status":"open","ping_status":"closed","template":"","meta":[],"product_brand":[],"product_cat":[137,133],"product_tag":[],"class_list":{"0":"post-15973","1":"product","2":"type-product","3":"status-publish","4":"has-post-thumbnail","6":"product_cat-kajai-cela-locitivai-un-pedai","7":"product_cat-ortozes","9":"first","10":"instock","11":"sale","12":"taxable","13":"shipping-taxable","14":"purchasable","15":"product-type-variable"},"_links":{"self":[{"href":"https:\/\/medapp.lv\/lt\/wp-json\/wp\/v2\/product\/15973","targetHints":{"allow":["GET"]}}],"collection":[{"href":"https:\/\/medapp.lv\/lt\/wp-json\/wp\/v2\/product"}],"about":[{"href":"https:\/\/medapp.lv\/lt\/wp-json\/wp\/v2\/types\/product"}],"replies":[{"embeddable":true,"href":"https:\/\/medapp.lv\/lt\/wp-json\/wp\/v2\/comments?post=15973"}],"version-history":[{"count":11,"href":"https:\/\/medapp.lv\/lt\/wp-json\/wp\/v2\/product\/15973\/revisions"}],"predecessor-version":[{"id":20044,"href":"https:\/\/medapp.lv\/lt\/wp-json\/wp\/v2\/product\/15973\/revisions\/20044"}],"wp:featuredmedia":[{"embeddable":true,"href":"https:\/\/medapp.lv\/lt\/wp-json\/wp\/v2\/media\/15608"}],"wp:attachment":[{"href":"https:\/\/medapp.lv\/lt\/wp-json\/wp\/v2\/media?parent=15973"}],"wp:term":[{"taxonomy":"product_brand","embeddable":true,"href":"https:\/\/medapp.lv\/lt\/wp-json\/wp\/v2\/product_brand?post=15973"},{"taxonomy":"product_cat","embeddable":true,"href":"https:\/\/medapp.lv\/lt\/wp-json\/wp\/v2\/product_cat?post=15973"},{"taxonomy":"product_tag","embeddable":true,"href":"https:\/\/medapp.lv\/lt\/wp-json\/wp\/v2\/product_tag?post=15973"}],"curies":[{"name":"wp","href":"https:\/\/api.w.org\/{rel}","templated":true}]}}