{"id":15975,"date":"2024-02-04T22:07:00","date_gmt":"2024-02-04T20:07:00","guid":{"rendered":"http:\/\/mareksj17.sg-host.com\/?post_type=product&#038;p=15975"},"modified":"2026-03-24T19:54:10","modified_gmt":"2026-03-24T17:54:10","slug":"pavis-potites-saisu-ortoze","status":"publish","type":"product","link":"https:\/\/medapp.lv\/lt\/produktas\/pavis-potites-saisu-ortoze\/","title":{"rendered":"PAVIS \u010ciurnos rai\u0161\u010di\u0173 ortoz\u0117"},"content":{"rendered":"<p>Padeda kuo grei\u010diau ir geriau atsigauti: suteikia lengv\u0105 \u010diurnos atram\u0105 ir stabilizavim\u0105. Yra 2 reguliuojami elastiniai dir\u017eeliai, u\u017etikrinantys norim\u0105 atram\u0105. Tai leid\u017eia atlikti kontroliuojamus judesius, kad neprarastum\u0117te s\u0105nari\u0173 funkcionalumo ir raumen\u0173 tonuso. Patogi, kv\u0117puojanti med\u017eiaga. Ortoz\u0117 yra plona, j\u0105 galima av\u0117ti su batais. Tinka abiem kojoms. Med\u017eiaga skirta u\u017ekirsti keli\u0105 bakterij\u0173 susidarymui.<\/p>\n<p>Indikacijos:<\/p>\n<ul>\n<li>S\u0105nari\u0173 patinimas, hematoma;<\/li>\n<li>Kulk\u0161nies su\u017ealojimai;<\/li>\n<li>Sausgysli\u0173 u\u017edegimas.<\/li>\n<\/ul>\n<p><iframe title=\"YouTube vaizdo grotuvas\" src=\"https:\/\/www.youtube.com\/embed\/NArijRfXRIA?si=dNlDEvQFCPX_OKwl\" width=\"560\" height=\"315\" frameborder=\"0\" allowfullscreen=\"allowfullscreen\"><\/iframe><\/p>","protected":false},"excerpt":{"rendered":"<p>\u0160i ortoz\u0117 suteikia lengv\u0105 atram\u0105 ir stabilizuoja kulk\u0161n\u012f naudojant du reguliuojamus elastinius dir\u017eelius, leid\u017eian\u010dius palaikyti s\u0105nari\u0173 funkcionalum\u0105 ir raumen\u0173 tonus\u0105. Patogi, kv\u0117puojanti med\u017eiaga.<br \/>\n<span class=\"selectable-text copyable-text\">Tinka naudoti ant abiej\u0173 koj\u0173.<\/span><\/p>","protected":false},"featured_media":15607,"comment_status":"open","ping_status":"closed","template":"","meta":[],"product_brand":[],"product_cat":[137,133],"product_tag":[],"class_list":{"0":"post-15975","1":"product","2":"type-product","3":"status-publish","4":"has-post-thumbnail","6":"product_cat-kajai-cela-locitivai-un-pedai","7":"product_cat-ortozes","9":"first","10":"instock","11":"sale","12":"taxable","13":"shipping-taxable","14":"purchasable","15":"product-type-variable"},"_links":{"self":[{"href":"https:\/\/medapp.lv\/lt\/wp-json\/wp\/v2\/product\/15975","targetHints":{"allow":["GET"]}}],"collection":[{"href":"https:\/\/medapp.lv\/lt\/wp-json\/wp\/v2\/product"}],"about":[{"href":"https:\/\/medapp.lv\/lt\/wp-json\/wp\/v2\/types\/product"}],"replies":[{"embeddable":true,"href":"https:\/\/medapp.lv\/lt\/wp-json\/wp\/v2\/comments?post=15975"}],"version-history":[{"count":14,"href":"https:\/\/medapp.lv\/lt\/wp-json\/wp\/v2\/product\/15975\/revisions"}],"predecessor-version":[{"id":20046,"href":"https:\/\/medapp.lv\/lt\/wp-json\/wp\/v2\/product\/15975\/revisions\/20046"}],"wp:featuredmedia":[{"embeddable":true,"href":"https:\/\/medapp.lv\/lt\/wp-json\/wp\/v2\/media\/15607"}],"wp:attachment":[{"href":"https:\/\/medapp.lv\/lt\/wp-json\/wp\/v2\/media?parent=15975"}],"wp:term":[{"taxonomy":"product_brand","embeddable":true,"href":"https:\/\/medapp.lv\/lt\/wp-json\/wp\/v2\/product_brand?post=15975"},{"taxonomy":"product_cat","embeddable":true,"href":"https:\/\/medapp.lv\/lt\/wp-json\/wp\/v2\/product_cat?post=15975"},{"taxonomy":"product_tag","embeddable":true,"href":"https:\/\/medapp.lv\/lt\/wp-json\/wp\/v2\/product_tag?post=15975"}],"curies":[{"name":"wp","href":"https:\/\/api.w.org\/{rel}","templated":true}]}}