{"id":15977,"date":"2024-02-04T22:11:20","date_gmt":"2024-02-04T20:11:20","guid":{"rendered":"http:\/\/mareksj17.sg-host.com\/?post_type=product&#038;p=15977"},"modified":"2025-07-17T07:44:57","modified_gmt":"2025-07-17T05:44:57","slug":"kompresijas-ortoze-stabilize-potiti-pielietojama-sportosanas-laika","status":"publish","type":"product","link":"https:\/\/medapp.lv\/lt\/produktas\/kompresijas-ortoze-stabilize-potiti-pielietojama-sportosanas-laika\/","title":{"rendered":"PAVIS kompresin\u0117 ortoz\u0117"},"content":{"rendered":"<p>Vidutinio ilgio kompresin\u0117s ortoz\u0117s yra anatomi\u0161kai teisingai suprojektuotos, puikiai priglunda prie odos, kad pasiekt\u0173 maksimal\u0173 efekt\u0105. Sugeria sm\u016bgius, suma\u017eina p\u0117dos spaudim\u0105 ilgesniais atstumais. Kompresin\u0117 ortoz\u0117 leid\u017eia pasiekti geresni\u0173 rezultat\u0173 \u2013 did\u0117ja ilgalaikio kr\u016bvio tolerancija, nevar\u017eant jud\u0117jimo laisv\u0117s.<\/p>\n<p>&nbsp;<\/p>\n<p><iframe title=\"YouTube vaizdo grotuvas\" src=\"https:\/\/www.youtube.com\/embed\/KNFxBe7P160?si=C7SKu5BkwBl0guqd\" width=\"560\" height=\"315\" frameborder=\"0\" allowfullscreen=\"allowfullscreen\"><\/iframe><\/p>","protected":false},"excerpt":{"rendered":"<p>\u0160is gaminys sukurtas kaip apsaugin\u0117 priemon\u0117 \u017emon\u0117ms, ken\u010diantiems nuo s\u0105nari\u0173, raumen\u0173 ar sausgysli\u0173 traum\u0173. Kadangi ortoz\u0117 yra atviro tipo, j\u0105 lengva ir neskausminga ne\u0161ioti. Ortoz\u0119 galima laikyti savoti\u0161ku \u0161iuolaikiniu tvars\u010diu, i\u0161skyrus tai, kad jo suspaudimo laipsn\u012f daug lengviau reguliuoti. Med\u017eiaga skirta u\u017ekirsti keli\u0105 bakterij\u0173 susidarymui.<br \/>\nIndikacijos:<\/p>\n<ul>\n<li>traumin\u0117s patologijos,<\/li>\n<li>S\u0105nari\u0173 patinimas, hematomos.<\/li>\n<\/ul>","protected":false},"featured_media":15606,"comment_status":"open","ping_status":"closed","template":"","meta":[],"product_brand":[],"product_cat":[137,133],"product_tag":[],"class_list":{"0":"post-15977","1":"product","2":"type-product","3":"status-publish","4":"has-post-thumbnail","6":"product_cat-kajai-cela-locitivai-un-pedai","7":"product_cat-ortozes","9":"first","10":"instock","11":"sale","12":"taxable","13":"shipping-taxable","14":"purchasable","15":"product-type-simple"},"_links":{"self":[{"href":"https:\/\/medapp.lv\/lt\/wp-json\/wp\/v2\/product\/15977","targetHints":{"allow":["GET"]}}],"collection":[{"href":"https:\/\/medapp.lv\/lt\/wp-json\/wp\/v2\/product"}],"about":[{"href":"https:\/\/medapp.lv\/lt\/wp-json\/wp\/v2\/types\/product"}],"replies":[{"embeddable":true,"href":"https:\/\/medapp.lv\/lt\/wp-json\/wp\/v2\/comments?post=15977"}],"version-history":[{"count":9,"href":"https:\/\/medapp.lv\/lt\/wp-json\/wp\/v2\/product\/15977\/revisions"}],"predecessor-version":[{"id":20052,"href":"https:\/\/medapp.lv\/lt\/wp-json\/wp\/v2\/product\/15977\/revisions\/20052"}],"wp:featuredmedia":[{"embeddable":true,"href":"https:\/\/medapp.lv\/lt\/wp-json\/wp\/v2\/media\/15606"}],"wp:attachment":[{"href":"https:\/\/medapp.lv\/lt\/wp-json\/wp\/v2\/media?parent=15977"}],"wp:term":[{"taxonomy":"product_brand","embeddable":true,"href":"https:\/\/medapp.lv\/lt\/wp-json\/wp\/v2\/product_brand?post=15977"},{"taxonomy":"product_cat","embeddable":true,"href":"https:\/\/medapp.lv\/lt\/wp-json\/wp\/v2\/product_cat?post=15977"},{"taxonomy":"product_tag","embeddable":true,"href":"https:\/\/medapp.lv\/lt\/wp-json\/wp\/v2\/product_tag?post=15977"}],"curies":[{"name":"wp","href":"https:\/\/api.w.org\/{rel}","templated":true}]}}