{"id":15979,"date":"2024-02-04T22:15:41","date_gmt":"2024-02-04T20:15:41","guid":{"rendered":"http:\/\/mareksj17.sg-host.com\/?post_type=product&#038;p=15979"},"modified":"2026-04-01T13:14:18","modified_gmt":"2026-04-01T11:14:18","slug":"pavis-orthoe-stabila-antibakteriala-muguras-ortoze-28cm","status":"publish","type":"product","link":"https:\/\/medapp.lv\/lt\/produktas\/pavis-orthoe-stabila-antibakteriala-muguras-ortoze-28cm\/","title":{"rendered":"PAVIS nugaros ortoz\u0117 (28cm)"},"content":{"rendered":"<p>Anatomi\u0161kai sukurta taip, kad puikiai prisitaikyt\u0173 prie paciento \u016bgio. Pusiau kieta med\u017eiaga paravertebralin\u0117je srityje, u\u017etikrinanti maksimal\u0173 \u012fmanom\u0105 stabilum\u0105. Galimi skirtingi auk\u0161\u010diai, kad atitikt\u0173 skirtingas patologijas, susijusias su nugaros sritimi. Papildomi priekiniai dir\u017eeliai efektyviai sustiprina atram\u0105. Dir\u017eeli\u0173 stiprumas skiriasi priklausomai nuo korseto auk\u0161\u010dio (kad b\u016bt\u0173 galima reguliuoti \u012ftempim\u0105 skirtingoms nugaros dalims). Nugaroje yra nuimamos tvirtinimo detal\u0117s, leid\u017eian\u010dios priderinti atram\u0105 pagal paciento poreikius ir skirtingus reabilitacijos etapus. Naujovi\u0161kas bakteriostatinis audinys garantuoja maksimali\u0105 higien\u0105, komfort\u0105, pralaidum\u0105 orui ir apsaugo nuo blogo aromato. Med\u017eiaga skirta u\u017ekirsti keli\u0105 bakterij\u0173 susidarymui.<br \/>\nIndikacijos:<\/p>\n<ul>\n<li>Skausmas apatin\u0117je nugaros dalyje,<\/li>\n<li>diskopatija,<\/li>\n<li>Po disko i\u0161var\u017eos operacij\u0173,<\/li>\n<li>artroz\u0117,<\/li>\n<li>i\u0161ky\u0161os,<\/li>\n<li>Sakalin\u0117 hiperkifoz\u0117\/hipokifoz\u0117,<\/li>\n<li>spondiloartritas,<\/li>\n<li>osteoliz\u0117,<\/li>\n<li>Juosmens-sakralin\u0117s tendinopatijos.<\/li>\n<\/ul>\n<p><iframe title=\"YouTube vaizdo grotuvas\" src=\"https:\/\/www.youtube.com\/embed\/ECeMWa4NGQk?si=n4O5oqTTQL6ZGbfC\" width=\"560\" height=\"315\" frameborder=\"0\" allowfullscreen=\"allowfullscreen\"><\/iframe><\/p>","protected":false},"excerpt":{"rendered":"<p>Pavis nugaros ortoz\u0117 yra anatomi\u0161kai sukurta aktyvi atrama su individualiu reguliavimu ir dideliu d\u0117v\u0117jimo patogumu. Patogus ir lengvas atramos pritaikymas d\u0117l prakti\u0161k\u0173 breket\u0173. Perforuotas u\u017edarymas u\u017etikrina didesn\u012f oro pralaidum\u0105. Nugaros ortoz\u0117s frikcin\u0117s pagalv\u0117l\u0117s mal\u0161ina skausm\u0105, padeda suma\u017einti \u012ftamp\u0105 ir suaktyvina raumen\u0173 kontrol\u0119 gerinant koordinacij\u0105.<\/p>","protected":false},"featured_media":15617,"comment_status":"open","ping_status":"closed","template":"","meta":[],"product_brand":[],"product_cat":[138,133],"product_tag":[],"class_list":{"0":"post-15979","1":"product","2":"type-product","3":"status-publish","4":"has-post-thumbnail","6":"product_cat-muguras-jostas","7":"product_cat-ortozes","9":"first","10":"instock","11":"taxable","12":"shipping-taxable","13":"purchasable","14":"product-type-variable"},"_links":{"self":[{"href":"https:\/\/medapp.lv\/lt\/wp-json\/wp\/v2\/product\/15979","targetHints":{"allow":["GET"]}}],"collection":[{"href":"https:\/\/medapp.lv\/lt\/wp-json\/wp\/v2\/product"}],"about":[{"href":"https:\/\/medapp.lv\/lt\/wp-json\/wp\/v2\/types\/product"}],"replies":[{"embeddable":true,"href":"https:\/\/medapp.lv\/lt\/wp-json\/wp\/v2\/comments?post=15979"}],"version-history":[{"count":8,"href":"https:\/\/medapp.lv\/lt\/wp-json\/wp\/v2\/product\/15979\/revisions"}],"predecessor-version":[{"id":20053,"href":"https:\/\/medapp.lv\/lt\/wp-json\/wp\/v2\/product\/15979\/revisions\/20053"}],"wp:featuredmedia":[{"embeddable":true,"href":"https:\/\/medapp.lv\/lt\/wp-json\/wp\/v2\/media\/15617"}],"wp:attachment":[{"href":"https:\/\/medapp.lv\/lt\/wp-json\/wp\/v2\/media?parent=15979"}],"wp:term":[{"taxonomy":"product_brand","embeddable":true,"href":"https:\/\/medapp.lv\/lt\/wp-json\/wp\/v2\/product_brand?post=15979"},{"taxonomy":"product_cat","embeddable":true,"href":"https:\/\/medapp.lv\/lt\/wp-json\/wp\/v2\/product_cat?post=15979"},{"taxonomy":"product_tag","embeddable":true,"href":"https:\/\/medapp.lv\/lt\/wp-json\/wp\/v2\/product_tag?post=15979"}],"curies":[{"name":"wp","href":"https:\/\/api.w.org\/{rel}","templated":true}]}}