{"id":15981,"date":"2024-02-04T22:17:48","date_gmt":"2024-02-04T20:17:48","guid":{"rendered":"http:\/\/mareksj17.sg-host.com\/?post_type=product&#038;p=15981"},"modified":"2025-11-26T17:07:49","modified_gmt":"2025-11-26T15:07:49","slug":"pavis-intelektualas-mikrostrukturas-lumbosakrala-ortoze-27cm","status":"publish","type":"product","link":"https:\/\/medapp.lv\/lt\/produktas\/pavis-intelektualas-mikrostrukturas-lumbosakrala-ortoze-27cm\/","title":{"rendered":"PAVIS juosmens lumbosakralin\u0117 ortoz\u0117 (27cm)"},"content":{"rendered":"<p>Padeda grei\u010diau ir geriau atsigauti: anatomi\u0161kai sukurta taip, kad b\u016bt\u0173 palaikoma juosmens \/ kry\u017emens sritis. Pa\u017eangi, visi\u0161kai patentuota juosmens kry\u017eminio imobilizacijos sistema. Platus ir lengvai u\u017esegamas u\u017esegimas, keturi reguliuojami priekiniai dir\u017eeliai, skirti pagerinti ir reguliuoti nugaros \u012ftempim\u0105. Patogus, kv\u0117puojantis audinys. Higieni\u0161kas, mink\u0161tas medvilninis pamu\u0161alas.<br \/>\nMed\u017eiaga skirta u\u017ekirsti keli\u0105 bakterij\u0173 susidarymui.<br \/>\nIndikacijos:<\/p>\n<ul>\n<li>Juosmens i\u0161siki\u0161imas;<\/li>\n<li>Juosmens artroz\u0117;<\/li>\n<li>Juosmens raumen\u0173 kontrakt\u016bra;<\/li>\n<li>Diskopatija;<\/li>\n<li>Juosmens hiperlordoz\u0117\/hipolordoz\u0117.<\/li>\n<\/ul>\n<p>Galimas auk\u0161tis: 27 cm<br \/>\n<iframe title=\"YouTube vaizdo grotuvas\" src=\"https:\/\/www.youtube.com\/embed\/i3sAqxc50LY?si=aFRLUZYlxqy5KBhL\" width=\"560\" height=\"315\" frameborder=\"0\" allowfullscreen=\"allowfullscreen\"><\/iframe><\/p>","protected":false},"excerpt":{"rendered":"<p>\u0160ie anatomi\u0161kai suprojektuoti juosmens atramos \u012ftvarai si\u016blo pa\u017eangi\u0105 ir patentuot\u0105 kry\u017eminio imobilizacijos sistem\u0105, u\u017etikrinan\u010di\u0105 veiksming\u0105 atram\u0105 juosmens \/ kry\u017emens srityje.<\/p>","protected":false},"featured_media":15618,"comment_status":"open","ping_status":"closed","template":"","meta":[],"product_brand":[],"product_cat":[138,133],"product_tag":[],"class_list":{"0":"post-15981","1":"product","2":"type-product","3":"status-publish","4":"has-post-thumbnail","6":"product_cat-muguras-jostas","7":"product_cat-ortozes","9":"first","10":"instock","11":"taxable","12":"shipping-taxable","13":"purchasable","14":"product-type-variable"},"_links":{"self":[{"href":"https:\/\/medapp.lv\/lt\/wp-json\/wp\/v2\/product\/15981","targetHints":{"allow":["GET"]}}],"collection":[{"href":"https:\/\/medapp.lv\/lt\/wp-json\/wp\/v2\/product"}],"about":[{"href":"https:\/\/medapp.lv\/lt\/wp-json\/wp\/v2\/types\/product"}],"replies":[{"embeddable":true,"href":"https:\/\/medapp.lv\/lt\/wp-json\/wp\/v2\/comments?post=15981"}],"version-history":[{"count":10,"href":"https:\/\/medapp.lv\/lt\/wp-json\/wp\/v2\/product\/15981\/revisions"}],"predecessor-version":[{"id":20055,"href":"https:\/\/medapp.lv\/lt\/wp-json\/wp\/v2\/product\/15981\/revisions\/20055"}],"wp:featuredmedia":[{"embeddable":true,"href":"https:\/\/medapp.lv\/lt\/wp-json\/wp\/v2\/media\/15618"}],"wp:attachment":[{"href":"https:\/\/medapp.lv\/lt\/wp-json\/wp\/v2\/media?parent=15981"}],"wp:term":[{"taxonomy":"product_brand","embeddable":true,"href":"https:\/\/medapp.lv\/lt\/wp-json\/wp\/v2\/product_brand?post=15981"},{"taxonomy":"product_cat","embeddable":true,"href":"https:\/\/medapp.lv\/lt\/wp-json\/wp\/v2\/product_cat?post=15981"},{"taxonomy":"product_tag","embeddable":true,"href":"https:\/\/medapp.lv\/lt\/wp-json\/wp\/v2\/product_tag?post=15981"}],"curies":[{"name":"wp","href":"https:\/\/api.w.org\/{rel}","templated":true}]}}