{"id":15985,"date":"2024-02-04T22:22:03","date_gmt":"2024-02-04T20:22:03","guid":{"rendered":"http:\/\/mareksj17.sg-host.com\/?post_type=product&#038;p=15985"},"modified":"2025-07-17T07:44:53","modified_gmt":"2025-07-17T05:44:53","slug":"pavis-regulejama-augstas-kvalitates-ergonomiska-ortoze","status":"publish","type":"product","link":"https:\/\/medapp.lv\/lt\/produktas\/pavis-regulejama-augstas-kvalitates-ergonomiska-ortoze\/","title":{"rendered":"PAVIS Reguliuojama ergonomi\u0161ka ortoz\u0117"},"content":{"rendered":"<p>Ortoz\u0117 padeda i\u0161laikyti fiziologin\u0119 kelio pad\u0117t\u012f s\u0105nario tiesimo ir lenkimo judesi\u0173 metu. Du atidaromi skl\u0105s\u010diai (vienas ant blauzdos ir vienas ant \u0161launies) palengvina ortoz\u0117s ne\u0161iojim\u0105. Jie pagaminti i\u0161 specialios \u201e3D Spacer weven\u201c med\u017eiagos, kuri yra pralaidi orui ir maksimaliai patogi; 4 tvirti dir\u017eeliai u\u017etikrina lengv\u0105 ir efektyv\u0173 fiksavim\u0105. Dvi \u0161onin\u0117s atramos (medialin\u0117 ir \u0161onin\u0117) u\u017etikrina \u0161onin\u012f kelio stabilum\u0105 ir turi kintamus sukimosi centrus, kad atkurt\u0173 nat\u016bral\u0173 kelio judes\u012f. Galima apriboti ir tiesim\u0105, ir lenkim\u0105, arba galima nustatyti pageidaujam\u0105 kelio kamp\u0105. Atidarykite kel\u012f, kad palengvintum\u0117te gydym\u0105 ir i\u0161vengtum\u0117te \u012ftempimo jautriose vietose.<br \/>\nMed\u017eiaga skirta u\u017ekirsti keli\u0105 bakterij\u0173 susidarymui.<br \/>\nIndikacijos:<br \/>\nPriekinio kry\u017eminio ir u\u017epakalinio kry\u017eminio rai\u0161\u010dio ply\u0161imas ir (arba) rekonstrukcija; pooperacinis \u0161alutini\u0173 rai\u0161\u010di\u0173 gydymas.<br \/>\nKelio traumos (deformacijos ar i\u0161nirimai), s\u0105nari\u0173 laisvumas, \u0161oninis nestabilumas. Lengvos ir vidutinio sunkumo gonartroz\u0117s palaikymas.<br \/>\nTeikia param\u0105 ir didina pasitik\u0117jim\u0105 reabilitacijos faz\u0117je.<br \/>\nGalimos ortoz\u0117s de\u0161inei arba kairei kojai.<br \/>\n<iframe title=\"YouTube vaizdo grotuvas\" src=\"https:\/\/www.youtube.com\/embed\/qiUMoR7iqwQ?si=1J6y6Vi1ZlBE-oII\" width=\"560\" height=\"315\" frameborder=\"0\" allowfullscreen=\"allowfullscreen\"><\/iframe><\/p>","protected":false},"excerpt":{"rendered":"<p>\u0160i ortoz\u0117 efektyviai palaiko kelio s\u0105nario fiziologin\u0119 b\u016bsen\u0105, suteikdama atram\u0105 ir stabilum\u0105 judesi\u0173 metu, su dviem lengvai atidaromais skl\u0105s\u010diais ir kv\u0117puojan\u010dia \u201e3D Spacer weven\u201c med\u017eiaga. Jis si\u016blo individual\u0173 pritaikym\u0105 su kintamais sukimosi centrais ir \u0161onin\u0117mis atramomis, kurios palaiko reabilitacij\u0105 po \u012fvairi\u0173 kelio traum\u0173 ir operacij\u0173, suteikia komfort\u0105 ir apsaug\u0105.<br \/>\n<strong><span class=\"selectable-text copyable-text\">Tinka naudoti ant abiej\u0173 koj\u0173.<\/span><\/strong><\/p>","protected":false},"featured_media":15616,"comment_status":"open","ping_status":"closed","template":"","meta":[],"product_brand":[],"product_cat":[137,133],"product_tag":[],"class_list":{"0":"post-15985","1":"product","2":"type-product","3":"status-publish","4":"has-post-thumbnail","6":"product_cat-kajai-cela-locitivai-un-pedai","7":"product_cat-ortozes","9":"first","10":"instock","11":"taxable","12":"shipping-taxable","13":"purchasable","14":"product-type-variable"},"_links":{"self":[{"href":"https:\/\/medapp.lv\/lt\/wp-json\/wp\/v2\/product\/15985","targetHints":{"allow":["GET"]}}],"collection":[{"href":"https:\/\/medapp.lv\/lt\/wp-json\/wp\/v2\/product"}],"about":[{"href":"https:\/\/medapp.lv\/lt\/wp-json\/wp\/v2\/types\/product"}],"replies":[{"embeddable":true,"href":"https:\/\/medapp.lv\/lt\/wp-json\/wp\/v2\/comments?post=15985"}],"version-history":[{"count":10,"href":"https:\/\/medapp.lv\/lt\/wp-json\/wp\/v2\/product\/15985\/revisions"}],"predecessor-version":[{"id":20109,"href":"https:\/\/medapp.lv\/lt\/wp-json\/wp\/v2\/product\/15985\/revisions\/20109"}],"wp:featuredmedia":[{"embeddable":true,"href":"https:\/\/medapp.lv\/lt\/wp-json\/wp\/v2\/media\/15616"}],"wp:attachment":[{"href":"https:\/\/medapp.lv\/lt\/wp-json\/wp\/v2\/media?parent=15985"}],"wp:term":[{"taxonomy":"product_brand","embeddable":true,"href":"https:\/\/medapp.lv\/lt\/wp-json\/wp\/v2\/product_brand?post=15985"},{"taxonomy":"product_cat","embeddable":true,"href":"https:\/\/medapp.lv\/lt\/wp-json\/wp\/v2\/product_cat?post=15985"},{"taxonomy":"product_tag","embeddable":true,"href":"https:\/\/medapp.lv\/lt\/wp-json\/wp\/v2\/product_tag?post=15985"}],"curies":[{"name":"wp","href":"https:\/\/api.w.org\/{rel}","templated":true}]}}