{"id":16305,"date":"2024-02-28T16:40:29","date_gmt":"2024-02-28T14:40:29","guid":{"rendered":"https:\/\/mareksj17.sg-host.com\/?post_type=product&#038;p=16305"},"modified":"2025-07-17T10:04:56","modified_gmt":"2025-07-17T08:04:56","slug":"alicudi","status":"publish","type":"product","link":"https:\/\/medapp.lv\/lt\/produktas\/alicudi\/","title":{"rendered":"Cunami Medical \u2013 ALICUDI"},"content":{"rendered":"<p>Juosmens tarpkoj\u0173 suliejimas (ALIF)<\/p>\n<p>Pa\u017eangi titano tinklelio strukt\u016bra kartu su geometrija, kuri pagerina lankstum\u0105 ir stabilum\u0105, skatina nauj\u0173 kaul\u0173 formavim\u0105si ir yra puiki platforma kaulams \u012faugti ir augti. Tai suteikia dinami\u0161ko sintez\u0117s proceso prana\u0161um\u0105 pagal Wolffo d\u0117sn\u012f.<\/p>\n<p>Konstrukcija leid\u017eia atlikti didesn\u012f nauj\u0173 kaul\u0173 kolonizavim\u0105 ir skatina kraujo l\u0105steli\u0173 cirkuliacij\u0105, pagreitindama kaul\u0173 remodeliavimosi proces\u0105.<\/p>\n<p>Cunami universali u\u017epildymo sistema palengvina u\u017epildymo proced\u016br\u0105 tiek prie\u0161 implantacij\u0105, tiek po implantacijos chirurgin\u0117s proced\u016bros metu. \u0160i u\u017epildymo sistema leid\u017eia kaulo pakaitalui pasklisti po vis\u0105 tarpslankstelin\u012f tarp\u0105.<\/p>","protected":false},"excerpt":{"rendered":"<p>Juosmens tarpkoj\u0173 suliejimo kaulas (ALIF) Pa\u017eangi titano tinklelio strukt\u016bra kartu su geometrija, kuri pagerina lankstum\u0105 ir stabilum\u0105, skatina nauj\u0105 kaul\u0105<\/p>","protected":false},"featured_media":17242,"comment_status":"open","ping_status":"closed","template":"","meta":[],"product_brand":[],"product_cat":[125,205],"product_tag":[],"class_list":{"0":"post-16305","1":"product","2":"type-product","3":"status-publish","4":"has-post-thumbnail","6":"product_cat-implanti","7":"product_cat-starpskriemelu-diska-aizvietotaji-keidzi","9":"first","10":"instock","11":"taxable","12":"shipping-taxable","13":"product-type-simple"},"_links":{"self":[{"href":"https:\/\/medapp.lv\/lt\/wp-json\/wp\/v2\/product\/16305","targetHints":{"allow":["GET"]}}],"collection":[{"href":"https:\/\/medapp.lv\/lt\/wp-json\/wp\/v2\/product"}],"about":[{"href":"https:\/\/medapp.lv\/lt\/wp-json\/wp\/v2\/types\/product"}],"replies":[{"embeddable":true,"href":"https:\/\/medapp.lv\/lt\/wp-json\/wp\/v2\/comments?post=16305"}],"version-history":[{"count":2,"href":"https:\/\/medapp.lv\/lt\/wp-json\/wp\/v2\/product\/16305\/revisions"}],"predecessor-version":[{"id":16357,"href":"https:\/\/medapp.lv\/lt\/wp-json\/wp\/v2\/product\/16305\/revisions\/16357"}],"wp:featuredmedia":[{"embeddable":true,"href":"https:\/\/medapp.lv\/lt\/wp-json\/wp\/v2\/media\/17242"}],"wp:attachment":[{"href":"https:\/\/medapp.lv\/lt\/wp-json\/wp\/v2\/media?parent=16305"}],"wp:term":[{"taxonomy":"product_brand","embeddable":true,"href":"https:\/\/medapp.lv\/lt\/wp-json\/wp\/v2\/product_brand?post=16305"},{"taxonomy":"product_cat","embeddable":true,"href":"https:\/\/medapp.lv\/lt\/wp-json\/wp\/v2\/product_cat?post=16305"},{"taxonomy":"product_tag","embeddable":true,"href":"https:\/\/medapp.lv\/lt\/wp-json\/wp\/v2\/product_tag?post=16305"}],"curies":[{"name":"wp","href":"https:\/\/api.w.org\/{rel}","templated":true}]}}