{"id":16360,"date":"2024-02-28T17:08:38","date_gmt":"2024-02-28T15:08:38","guid":{"rendered":"https:\/\/mareksj17.sg-host.com\/?post_type=product&#038;p=16360"},"modified":"2025-07-17T10:04:54","modified_gmt":"2025-07-17T08:04:54","slug":"tsunami-medical-elba","status":"publish","type":"product","link":"https:\/\/medapp.lv\/lt\/produktas\/tsunami-medical-elba\/","title":{"rendered":"\u201eCunami Medical\u201c \u2013 ELBA"},"content":{"rendered":"<p>Tarp\u0161onkaulinis juosmens susiliejimas (TLIF)<\/p>\n<p>Pa\u017eangi titano tinklelio strukt\u016bra kartu su geometrija, kuri pagerina lankstum\u0105 ir stabilum\u0105, skatina nauj\u0173 kaul\u0173 formavim\u0105si ir suteikia puiki\u0105 platform\u0105 vidiniam ir i\u0161oriniam kaul\u0173 augimui. Jame aptariami dinaminio sintez\u0117s proceso prana\u0161umai pagal Wolffo d\u0117sn\u012f.<\/p>\n<p>Konstrukcija leid\u017eia atlikti didesn\u012f nauj\u0173 kaul\u0173 kolonizavim\u0105 ir skatina kraujo l\u0105steli\u0173 cirkuliacij\u0105, pagreitindama kaul\u0173 remodeliavimosi proces\u0105.<\/p>","protected":false},"excerpt":{"rendered":"<p>Juosmens tarpkoj\u0173 suliejimo kaulas (TLIF) Pa\u017eangi titano tinklelio strukt\u016bra kartu su geometrija, kuri pagerina lankstum\u0105 ir stabilum\u0105, skatina nauj\u0105 kaul\u0105<\/p>","protected":false},"featured_media":17231,"comment_status":"open","ping_status":"closed","template":"","meta":[],"product_brand":[],"product_cat":[125,108,205],"product_tag":[],"class_list":{"0":"post-16360","1":"product","2":"type-product","3":"status-publish","4":"has-post-thumbnail","6":"product_cat-implanti","7":"product_cat-produkti-profesionaliem","8":"product_cat-starpskriemelu-diska-aizvietotaji-keidzi","10":"first","11":"instock","12":"taxable","13":"shipping-taxable","14":"product-type-simple"},"_links":{"self":[{"href":"https:\/\/medapp.lv\/lt\/wp-json\/wp\/v2\/product\/16360","targetHints":{"allow":["GET"]}}],"collection":[{"href":"https:\/\/medapp.lv\/lt\/wp-json\/wp\/v2\/product"}],"about":[{"href":"https:\/\/medapp.lv\/lt\/wp-json\/wp\/v2\/types\/product"}],"replies":[{"embeddable":true,"href":"https:\/\/medapp.lv\/lt\/wp-json\/wp\/v2\/comments?post=16360"}],"version-history":[{"count":2,"href":"https:\/\/medapp.lv\/lt\/wp-json\/wp\/v2\/product\/16360\/revisions"}],"predecessor-version":[{"id":16364,"href":"https:\/\/medapp.lv\/lt\/wp-json\/wp\/v2\/product\/16360\/revisions\/16364"}],"wp:featuredmedia":[{"embeddable":true,"href":"https:\/\/medapp.lv\/lt\/wp-json\/wp\/v2\/media\/17231"}],"wp:attachment":[{"href":"https:\/\/medapp.lv\/lt\/wp-json\/wp\/v2\/media?parent=16360"}],"wp:term":[{"taxonomy":"product_brand","embeddable":true,"href":"https:\/\/medapp.lv\/lt\/wp-json\/wp\/v2\/product_brand?post=16360"},{"taxonomy":"product_cat","embeddable":true,"href":"https:\/\/medapp.lv\/lt\/wp-json\/wp\/v2\/product_cat?post=16360"},{"taxonomy":"product_tag","embeddable":true,"href":"https:\/\/medapp.lv\/lt\/wp-json\/wp\/v2\/product_tag?post=16360"}],"curies":[{"name":"wp","href":"https:\/\/api.w.org\/{rel}","templated":true}]}}