{"id":16370,"date":"2024-02-28T17:14:00","date_gmt":"2024-02-28T15:14:00","guid":{"rendered":"https:\/\/mareksj17.sg-host.com\/?post_type=product&#038;p=16370"},"modified":"2025-07-17T10:04:53","modified_gmt":"2025-07-17T08:04:53","slug":"tsunami-medical-salina","status":"publish","type":"product","link":"https:\/\/medapp.lv\/lt\/produktas\/tsunami-medical-salina\/","title":{"rendered":"Cunami Medical \u2013 SALINA"},"content":{"rendered":"<div class=\"w-full text-token-text-primary\" data-testid=\"conversation-turn-21\">\n<div class=\"px-4 py-2 justify-center text-base md:gap-6 m-auto\">\n<div class=\"flex flex-1 text-base mx-auto gap-3 md:px-5 lg:px-1 xl:px-5 md:max-w-3xl lg:max-w-[40rem] xl:max-w-[48rem] group\">\n<div class=\"relative flex w-full flex-col agent-turn\">\n<div class=\"flex-col gap-1 md:gap-3\">\n<div class=\"flex flex-grow flex-col max-w-full\">\n<div class=\"min-h-[20px] text-message flex flex-col items-start gap-3 whitespace-pre-wrap break-words [.text-message+&amp;]:mt-5 overflow-x-auto\" data-message-author-role=\"assistant\" data-message-id=\"b49773df-45fa-4e88-8dae-ec8925e67c9c\">\n<div class=\"markdown prose w-full break-words dark:prose-invert light\">\n<p>Juosmens tarpkoj\u0173 susiliejimo kaulas (OLIF)<\/p>\n<p>Pa\u017eangi titano tinklelio strukt\u016bra kartu su geometrija, kuri pagerina lankstum\u0105 ir stabilum\u0105, skatina nauj\u0173 kaul\u0173 formavim\u0105si ir yra puiki platforma kaulams \u012faugti ir augti. Tai suteikia dinami\u0161ko sintez\u0117s proceso prana\u0161um\u0105 pagal Wolffo d\u0117sn\u012f.<\/p>\n<p>Konstrukcija leid\u017eia atlikti didesn\u012f nauj\u0173 kaul\u0173 kolonizavim\u0105 ir skatina kraujo l\u0105steli\u0173 cirkuliacij\u0105, pagreitindama kaul\u0173 remodeliavimosi proces\u0105.<\/p>\n<p>Cunami universalioji u\u017epildymo sistema palengvina u\u017epildymo proced\u016br\u0105 tiek prie\u0161 implantacij\u0105, tiek po implantacijos chirurgin\u0117s proced\u016bros metu. \u0160i u\u017epildymo sistema leid\u017eia paskirstyti kaulo pakaital\u0105 visoje tarpslankstelin\u0117je erdv\u0117je.<\/p>\n<\/div>\n<\/div>\n<\/div>\n<div class=\"mt-1 flex justify-start gap-3 empty:hidden\">\n<div class=\"text-gray-400 flex self-end lg:self-center justify-center lg:justify-start mt-0 -ml-1 h-7 visible\">\n<p>&nbsp;<\/p>\n<div class=\"flex\"><\/div>\n<\/div>\n<\/div>\n<\/div>\n<\/div>\n<\/div>\n<\/div>\n<\/div>\n<div class=\"w-full text-token-text-primary\" data-testid=\"conversation-turn-22\">\n<div class=\"px-4 py-2 justify-center text-base md:gap-6 m-auto\">\n<div class=\"flex flex-1 text-base mx-auto gap-3 md:px-5 lg:px-1 xl:px-5 md:max-w-3xl lg:max-w-[40rem] xl:max-w-[48rem] group\">\n<div class=\"flex-shrink-0 flex flex-col relative items-end\">\n<div>\n<div class=\"pt-0.5\">\n<div class=\"gizmo-shadow-stroke flex h-6 w-6 items-center justify-center overflow-hidden rounded-full\"><\/div>\n<\/div>\n<\/div>\n<\/div>\n<\/div>\n<\/div>\n<\/div>","protected":false},"excerpt":{"rendered":"<p>Juosmens tarpkoj\u0173 suliejimo kaulas (OLIF) Pa\u017eangi titano tinklelio strukt\u016bra kartu su geometrija, kuri pagerina lankstum\u0105 ir stabilum\u0105, skatina nauj\u0105 kaul\u0105<\/p>","protected":false},"featured_media":17219,"comment_status":"open","ping_status":"closed","template":"","meta":[],"product_brand":[],"product_cat":[125,205],"product_tag":[],"class_list":{"0":"post-16370","1":"product","2":"type-product","3":"status-publish","4":"has-post-thumbnail","6":"product_cat-implanti","7":"product_cat-starpskriemelu-diska-aizvietotaji-keidzi","9":"first","10":"instock","11":"taxable","12":"shipping-taxable","13":"product-type-simple"},"_links":{"self":[{"href":"https:\/\/medapp.lv\/lt\/wp-json\/wp\/v2\/product\/16370","targetHints":{"allow":["GET"]}}],"collection":[{"href":"https:\/\/medapp.lv\/lt\/wp-json\/wp\/v2\/product"}],"about":[{"href":"https:\/\/medapp.lv\/lt\/wp-json\/wp\/v2\/types\/product"}],"replies":[{"embeddable":true,"href":"https:\/\/medapp.lv\/lt\/wp-json\/wp\/v2\/comments?post=16370"}],"version-history":[{"count":2,"href":"https:\/\/medapp.lv\/lt\/wp-json\/wp\/v2\/product\/16370\/revisions"}],"predecessor-version":[{"id":17222,"href":"https:\/\/medapp.lv\/lt\/wp-json\/wp\/v2\/product\/16370\/revisions\/17222"}],"wp:featuredmedia":[{"embeddable":true,"href":"https:\/\/medapp.lv\/lt\/wp-json\/wp\/v2\/media\/17219"}],"wp:attachment":[{"href":"https:\/\/medapp.lv\/lt\/wp-json\/wp\/v2\/media?parent=16370"}],"wp:term":[{"taxonomy":"product_brand","embeddable":true,"href":"https:\/\/medapp.lv\/lt\/wp-json\/wp\/v2\/product_brand?post=16370"},{"taxonomy":"product_cat","embeddable":true,"href":"https:\/\/medapp.lv\/lt\/wp-json\/wp\/v2\/product_cat?post=16370"},{"taxonomy":"product_tag","embeddable":true,"href":"https:\/\/medapp.lv\/lt\/wp-json\/wp\/v2\/product_tag?post=16370"}],"curies":[{"name":"wp","href":"https:\/\/api.w.org\/{rel}","templated":true}]}}