{"id":16375,"date":"2024-02-28T17:16:24","date_gmt":"2024-02-28T15:16:24","guid":{"rendered":"https:\/\/mareksj17.sg-host.com\/?post_type=product&#038;p=16375"},"modified":"2025-07-17T10:04:52","modified_gmt":"2025-07-17T08:04:52","slug":"tsunami-medical-capraia","status":"publish","type":"product","link":"https:\/\/medapp.lv\/lt\/produktas\/tsunami-medical-capraia\/","title":{"rendered":"Cunami Medical \u2013 CAPRAIA"},"content":{"rendered":"<p>Gimdos kaklelio tarpkoj\u0173 suliejimas (ACIF)<\/p>\n<p>Pa\u017eangi titano tinklelio strukt\u016bra kartu su geometrija, kuri pagerina lankstum\u0105 ir stabilum\u0105, skatina nauj\u0173 kaul\u0173 formavim\u0105si ir yra puiki platforma kaulams \u012faugti ir augti. Tai suteikia dinami\u0161ko sintez\u0117s proceso prana\u0161um\u0105 pagal Wolffo d\u0117sn\u012f.<\/p>\n<p>Konstrukcija leid\u017eia atlikti didesn\u012f nauj\u0173 kaul\u0173 kolonizavim\u0105 ir skatina kraujo k\u016bneli\u0173 cirkuliacij\u0105, pagreitindama kaul\u0173 remodeliavimosi proces\u0105. Nors ir neb\u016btina, chirurgai gali nuspr\u0119sti u\u017epildyti kaul\u0105 kaulo pakaitalu.<\/p>","protected":false},"excerpt":{"rendered":"<p>Gimdos kaklelio tarp\u0161launikaulio suliejimo kaulas (ACIF) Pa\u017eangi titano tinklelio strukt\u016bra kartu su geometrija, kuri pagerina lankstum\u0105 ir stabilum\u0105, skatina nauj\u0105 kaul\u0105<\/p>","protected":false},"featured_media":17216,"comment_status":"open","ping_status":"closed","template":"","meta":[],"product_brand":[],"product_cat":[125,108,205],"product_tag":[],"class_list":{"0":"post-16375","1":"product","2":"type-product","3":"status-publish","4":"has-post-thumbnail","6":"product_cat-implanti","7":"product_cat-produkti-profesionaliem","8":"product_cat-starpskriemelu-diska-aizvietotaji-keidzi","10":"first","11":"instock","12":"taxable","13":"shipping-taxable","14":"product-type-simple"},"_links":{"self":[{"href":"https:\/\/medapp.lv\/lt\/wp-json\/wp\/v2\/product\/16375","targetHints":{"allow":["GET"]}}],"collection":[{"href":"https:\/\/medapp.lv\/lt\/wp-json\/wp\/v2\/product"}],"about":[{"href":"https:\/\/medapp.lv\/lt\/wp-json\/wp\/v2\/types\/product"}],"replies":[{"embeddable":true,"href":"https:\/\/medapp.lv\/lt\/wp-json\/wp\/v2\/comments?post=16375"}],"version-history":[{"count":4,"href":"https:\/\/medapp.lv\/lt\/wp-json\/wp\/v2\/product\/16375\/revisions"}],"predecessor-version":[{"id":18960,"href":"https:\/\/medapp.lv\/lt\/wp-json\/wp\/v2\/product\/16375\/revisions\/18960"}],"wp:featuredmedia":[{"embeddable":true,"href":"https:\/\/medapp.lv\/lt\/wp-json\/wp\/v2\/media\/17216"}],"wp:attachment":[{"href":"https:\/\/medapp.lv\/lt\/wp-json\/wp\/v2\/media?parent=16375"}],"wp:term":[{"taxonomy":"product_brand","embeddable":true,"href":"https:\/\/medapp.lv\/lt\/wp-json\/wp\/v2\/product_brand?post=16375"},{"taxonomy":"product_cat","embeddable":true,"href":"https:\/\/medapp.lv\/lt\/wp-json\/wp\/v2\/product_cat?post=16375"},{"taxonomy":"product_tag","embeddable":true,"href":"https:\/\/medapp.lv\/lt\/wp-json\/wp\/v2\/product_tag?post=16375"}],"curies":[{"name":"wp","href":"https:\/\/api.w.org\/{rel}","templated":true}]}}