{"id":16380,"date":"2024-02-28T17:18:03","date_gmt":"2024-02-28T15:18:03","guid":{"rendered":"https:\/\/mareksj17.sg-host.com\/?post_type=product&#038;p=16380"},"modified":"2025-07-17T10:04:52","modified_gmt":"2025-07-17T08:04:52","slug":"standarta-cieta","status":"publish","type":"product","link":"https:\/\/medapp.lv\/lt\/produktas\/standarta-cieta\/","title":{"rendered":"Cunami Medical \u2013 MODULINIS VAR\u017dTAS"},"content":{"rendered":"<p><strong>Moduliniai var\u017etai<\/strong><\/p>\n<p>Modulini\u0173 sraigtini\u0173 velen\u0173 versijos skiriasi viena nuo kitos tuo, kaip suprojektuota distalin\u0117 var\u017et\u0173 velen\u0173 dalis \u2013 por\u0117ta arba standartin\u0117, ir su kaniuliuota\/\u012ftvirtinta, palyginti su nekanuliuota\/neapskleista galimyb\u0117mis.<\/p>\n<p>Visi yra \u012fvairi\u0173 skersmen\u0173: 4,5 mm, 5,5 mm, 6,5 mm, 7,5 mm ir ilgio nuo 30 mm iki 70 mm, 5 mm \u017eingsniais.<\/p>\n<p><strong>Med\u017eiagos:<\/strong><\/p>\n<p>Titano Ti6Al4V ELI<\/p>","protected":false},"excerpt":{"rendered":"<p>Moduliniai sraigtai Modulini\u0173 sraigtini\u0173 velen\u0173 versijos skiriasi viena nuo kitos tuo, kaip suprojektuota distalin\u0117 var\u017et\u0173 velen\u0173 dalis arba<\/p>","protected":false},"featured_media":16381,"comment_status":"open","ping_status":"closed","template":"","meta":[],"product_brand":[],"product_cat":[129],"product_tag":[],"class_list":{"0":"post-16380","1":"product","2":"type-product","3":"status-publish","4":"has-post-thumbnail","6":"product_cat-3d-printetas-modularas-skruves","8":"first","9":"instock","10":"taxable","11":"shipping-taxable","12":"product-type-simple"},"_links":{"self":[{"href":"https:\/\/medapp.lv\/lt\/wp-json\/wp\/v2\/product\/16380","targetHints":{"allow":["GET"]}}],"collection":[{"href":"https:\/\/medapp.lv\/lt\/wp-json\/wp\/v2\/product"}],"about":[{"href":"https:\/\/medapp.lv\/lt\/wp-json\/wp\/v2\/types\/product"}],"replies":[{"embeddable":true,"href":"https:\/\/medapp.lv\/lt\/wp-json\/wp\/v2\/comments?post=16380"}],"version-history":[{"count":3,"href":"https:\/\/medapp.lv\/lt\/wp-json\/wp\/v2\/product\/16380\/revisions"}],"predecessor-version":[{"id":19671,"href":"https:\/\/medapp.lv\/lt\/wp-json\/wp\/v2\/product\/16380\/revisions\/19671"}],"wp:featuredmedia":[{"embeddable":true,"href":"https:\/\/medapp.lv\/lt\/wp-json\/wp\/v2\/media\/16381"}],"wp:attachment":[{"href":"https:\/\/medapp.lv\/lt\/wp-json\/wp\/v2\/media?parent=16380"}],"wp:term":[{"taxonomy":"product_brand","embeddable":true,"href":"https:\/\/medapp.lv\/lt\/wp-json\/wp\/v2\/product_brand?post=16380"},{"taxonomy":"product_cat","embeddable":true,"href":"https:\/\/medapp.lv\/lt\/wp-json\/wp\/v2\/product_cat?post=16380"},{"taxonomy":"product_tag","embeddable":true,"href":"https:\/\/medapp.lv\/lt\/wp-json\/wp\/v2\/product_tag?post=16380"}],"curies":[{"name":"wp","href":"https:\/\/api.w.org\/{rel}","templated":true}]}}