{"id":16433,"date":"2024-02-29T13:05:47","date_gmt":"2024-02-29T11:05:47","guid":{"rendered":"https:\/\/mareksj17.sg-host.com\/?post_type=product&#038;p=16433"},"modified":"2025-07-17T10:04:50","modified_gmt":"2025-07-17T08:04:50","slug":"xavant-tof-muskulu-monitors","status":"publish","type":"product","link":"https:\/\/medapp.lv\/lt\/produktas\/xavant-tof-muskulu-monitors\/","title":{"rendered":"Xavant \u2013 TOF raumen\u0173 monitorius"},"content":{"rendered":"<p>Stimpod NMS450X<\/p>\n<p>Stimulpod TOF NMS450X yra kiekybinis monitorius, skirtas neuromuskuliniam perdavimui matuoti.<\/p>\n<p>Monitorius yra paprastas ir patikimas b\u016bdas i\u0161matuoti anestezuoto paciento raumen\u0173 atsipalaidavimo b\u016bsen\u0105.<\/p>\n<p>Tai vienintelis \u012frenginys pasaulyje, kuris viename monitoriuje si\u016blo AMG (akceleromiografijos) ir EMG (elektromiografijos) funkcijas.<\/p>\n<ul>\n<li>EMG<\/li>\n<li>AMG<\/li>\n<li>Nerv\u0173 radimo (nerv\u0173 kartografavimo) funkcija<\/li>\n<\/ul>","protected":false},"excerpt":{"rendered":"<p>Stimpod NMS450X Stimpod TOF NMS450X yra kiekybinis monitorius, skirtas neuromuskuliniam perdavimui matuoti. Monitorius suteikia paprast\u0105 ir patikim\u0105 anestetik\u0173 matavimo b\u016bd\u0105<\/p>","protected":false},"featured_media":16439,"comment_status":"open","ping_status":"closed","template":"","meta":[],"product_brand":[],"product_cat":[131],"product_tag":[],"class_list":{"0":"post-16433","1":"product","2":"type-product","3":"status-publish","4":"has-post-thumbnail","6":"product_cat-med-iekartas","8":"first","9":"instock","10":"taxable","11":"shipping-taxable","12":"product-type-simple"},"_links":{"self":[{"href":"https:\/\/medapp.lv\/lt\/wp-json\/wp\/v2\/product\/16433","targetHints":{"allow":["GET"]}}],"collection":[{"href":"https:\/\/medapp.lv\/lt\/wp-json\/wp\/v2\/product"}],"about":[{"href":"https:\/\/medapp.lv\/lt\/wp-json\/wp\/v2\/types\/product"}],"replies":[{"embeddable":true,"href":"https:\/\/medapp.lv\/lt\/wp-json\/wp\/v2\/comments?post=16433"}],"version-history":[{"count":1,"href":"https:\/\/medapp.lv\/lt\/wp-json\/wp\/v2\/product\/16433\/revisions"}],"predecessor-version":[{"id":16440,"href":"https:\/\/medapp.lv\/lt\/wp-json\/wp\/v2\/product\/16433\/revisions\/16440"}],"wp:featuredmedia":[{"embeddable":true,"href":"https:\/\/medapp.lv\/lt\/wp-json\/wp\/v2\/media\/16439"}],"wp:attachment":[{"href":"https:\/\/medapp.lv\/lt\/wp-json\/wp\/v2\/media?parent=16433"}],"wp:term":[{"taxonomy":"product_brand","embeddable":true,"href":"https:\/\/medapp.lv\/lt\/wp-json\/wp\/v2\/product_brand?post=16433"},{"taxonomy":"product_cat","embeddable":true,"href":"https:\/\/medapp.lv\/lt\/wp-json\/wp\/v2\/product_cat?post=16433"},{"taxonomy":"product_tag","embeddable":true,"href":"https:\/\/medapp.lv\/lt\/wp-json\/wp\/v2\/product_tag?post=16433"}],"curies":[{"name":"wp","href":"https:\/\/api.w.org\/{rel}","templated":true}]}}