{"id":16435,"date":"2024-02-28T18:06:31","date_gmt":"2024-02-28T16:06:31","guid":{"rendered":"https:\/\/mareksj17.sg-host.com\/?post_type=product&#038;p=16435"},"modified":"2025-07-17T10:04:51","modified_gmt":"2025-07-17T08:04:51","slug":"centurion-centrifuga","status":"publish","type":"product","link":"https:\/\/medapp.lv\/lt\/produktas\/centurion-centrifuga\/","title":{"rendered":"Centurion \u2013 centrifuga"},"content":{"rendered":"<p>Greitis (RPM) 500-6000 (10 RPM \u017eingsniais)<\/p>\n<p>Rcf maks. (G) 4800<\/p>\n<p>Laikmatis 0\u20139 valandos ir palaikymas (30 RPM \u017eingsni\u0173)<\/p>\n<p>Matmenys A x P x G 340 x 400 x 520 mm<\/p>\n<p>Svoris (kg) 25,8 (be rotoriaus)<\/p>\n<p>Galia (vatai) 275<\/p>\n<p>Atmintis 99 programos<\/p>\n<p>Pagrei\u010dio rodikliai 10 program\u0173<\/p>\n<p>Sul\u0117t\u0117jimo greitis 10 program\u0173<\/p>","protected":false},"excerpt":{"rendered":"<p>Greitis (rpm) 500-6000 (10 aps.\/min \u017eingsniais) Rcf max. (G) 4800 Laikmatis 0\u20139 valandos ir palaikymas (30 aps.\/min \u017eingsni\u0173) A matmenys<\/p>","protected":false},"featured_media":16436,"comment_status":"open","ping_status":"closed","template":"","meta":[],"product_brand":[],"product_cat":[209,108],"product_tag":[],"class_list":{"0":"post-16435","1":"product","2":"type-product","3":"status-publish","4":"has-post-thumbnail","6":"product_cat-prp-trombocitiem-bagata-plazma","7":"product_cat-produkti-profesionaliem","9":"first","10":"instock","11":"taxable","12":"shipping-taxable","13":"product-type-simple"},"_links":{"self":[{"href":"https:\/\/medapp.lv\/lt\/wp-json\/wp\/v2\/product\/16435","targetHints":{"allow":["GET"]}}],"collection":[{"href":"https:\/\/medapp.lv\/lt\/wp-json\/wp\/v2\/product"}],"about":[{"href":"https:\/\/medapp.lv\/lt\/wp-json\/wp\/v2\/types\/product"}],"replies":[{"embeddable":true,"href":"https:\/\/medapp.lv\/lt\/wp-json\/wp\/v2\/comments?post=16435"}],"version-history":[{"count":1,"href":"https:\/\/medapp.lv\/lt\/wp-json\/wp\/v2\/product\/16435\/revisions"}],"predecessor-version":[{"id":16438,"href":"https:\/\/medapp.lv\/lt\/wp-json\/wp\/v2\/product\/16435\/revisions\/16438"}],"wp:featuredmedia":[{"embeddable":true,"href":"https:\/\/medapp.lv\/lt\/wp-json\/wp\/v2\/media\/16436"}],"wp:attachment":[{"href":"https:\/\/medapp.lv\/lt\/wp-json\/wp\/v2\/media?parent=16435"}],"wp:term":[{"taxonomy":"product_brand","embeddable":true,"href":"https:\/\/medapp.lv\/lt\/wp-json\/wp\/v2\/product_brand?post=16435"},{"taxonomy":"product_cat","embeddable":true,"href":"https:\/\/medapp.lv\/lt\/wp-json\/wp\/v2\/product_cat?post=16435"},{"taxonomy":"product_tag","embeddable":true,"href":"https:\/\/medapp.lv\/lt\/wp-json\/wp\/v2\/product_tag?post=16435"}],"curies":[{"name":"wp","href":"https:\/\/api.w.org\/{rel}","templated":true}]}}