{"id":16531,"date":"2024-02-28T23:20:11","date_gmt":"2024-02-28T21:20:11","guid":{"rendered":"https:\/\/mareksj17.sg-host.com\/?post_type=product&#038;p=16531"},"modified":"2025-07-16T09:05:42","modified_gmt":"2025-07-16T07:05:42","slug":"push-sports-patella-ortoze","status":"publish","type":"product","link":"https:\/\/medapp.lv\/lt\/produktas\/push-sports-patella-ortoze\/","title":{"rendered":"PUSH Sports Patella ortoz\u0117"},"content":{"rendered":"<p><strong>Kada reikia naudoti Push sportines girnel\u0117s ortozes?<\/strong><\/p>\n<ul>\n<li><span class=\"Y2IQFc\" lang=\"lv\">Girnel\u0117s tendinitas<\/span><\/li>\n<li>D\u017eemperio kelias<\/li>\n<li>Patellofemoral skausmo sindromas<\/li>\n<\/ul>\n<p><strong>Ortoz\u0117s taikymas:<\/strong><\/p>\n<ol>\n<li>Sulenkite koj\u0105. U\u017ed\u0117kite girnel\u0119 ant \u0161launies rai\u0161\u010dio tiesiai \u017eemiau kelio girnel\u0117s.<\/li>\n<li>Viena ranka laikykite \u012fklot\u0105, o kita ranka apvyniokite ortoz\u0119 aplink koj\u0105.<\/li>\n<li>U\u017edarykite kilpos med\u017eiag\u0105 kuo glaud\u017eiau, nespausdami. Jei dir\u017eelio negalima u\u017esegti ant kilpin\u0117s med\u017eiagos, naudokite kit\u0105 dir\u017eelio pried\u0105.<\/li>\n<\/ol>\n<p><iframe title=\"YouTube vaizdo grotuvas\" src=\"https:\/\/www.youtube.com\/embed\/j7Uzf7Dfa1c?si=GxZ8tTx714CJoJkU\" width=\"560\" height=\"315\" frameborder=\"0\" allowfullscreen=\"allowfullscreen\"><\/iframe><\/p>","protected":false},"excerpt":{"rendered":"<p><strong>Push Sports Patella ortoz\u0117<\/strong> daro spaudim\u0105 \u0161launies raumeniui ir veiksmingai palaiko kel\u012f. D\u0117l to skausmas aplink kelio girnel\u0119 ma\u017e\u0117ja. Su kiekvienu \u017eingsniu ortoz\u0117 periodi\u0161kai spaud\u017eia kelio sausgysl\u0119. Tai u\u017etikrina patog\u0173 ir lengv\u0105 vaik\u0161\u010diojim\u0105.<\/p>\n<p><strong>Push Sports Patella ortoz\u0117<\/strong> yra vieno dyd\u017eio, universaliai tinka kair\u0117je ir de\u0161in\u0117je pus\u0117je.<br \/>\n<span class=\"selectable-text copyable-text\"><strong>Dydis<\/strong>: Universalus<\/span><\/p>","protected":false},"featured_media":18493,"comment_status":"open","ping_status":"closed","template":"","meta":[],"product_brand":[],"product_cat":[137,133],"product_tag":[],"class_list":{"0":"post-16531","1":"product","2":"type-product","3":"status-publish","4":"has-post-thumbnail","6":"product_cat-kajai-cela-locitivai-un-pedai","7":"product_cat-ortozes","9":"first","10":"instock","11":"taxable","12":"shipping-taxable","13":"purchasable","14":"product-type-simple"},"_links":{"self":[{"href":"https:\/\/medapp.lv\/lt\/wp-json\/wp\/v2\/product\/16531","targetHints":{"allow":["GET"]}}],"collection":[{"href":"https:\/\/medapp.lv\/lt\/wp-json\/wp\/v2\/product"}],"about":[{"href":"https:\/\/medapp.lv\/lt\/wp-json\/wp\/v2\/types\/product"}],"replies":[{"embeddable":true,"href":"https:\/\/medapp.lv\/lt\/wp-json\/wp\/v2\/comments?post=16531"}],"version-history":[{"count":15,"href":"https:\/\/medapp.lv\/lt\/wp-json\/wp\/v2\/product\/16531\/revisions"}],"predecessor-version":[{"id":20034,"href":"https:\/\/medapp.lv\/lt\/wp-json\/wp\/v2\/product\/16531\/revisions\/20034"}],"wp:featuredmedia":[{"embeddable":true,"href":"https:\/\/medapp.lv\/lt\/wp-json\/wp\/v2\/media\/18493"}],"wp:attachment":[{"href":"https:\/\/medapp.lv\/lt\/wp-json\/wp\/v2\/media?parent=16531"}],"wp:term":[{"taxonomy":"product_brand","embeddable":true,"href":"https:\/\/medapp.lv\/lt\/wp-json\/wp\/v2\/product_brand?post=16531"},{"taxonomy":"product_cat","embeddable":true,"href":"https:\/\/medapp.lv\/lt\/wp-json\/wp\/v2\/product_cat?post=16531"},{"taxonomy":"product_tag","embeddable":true,"href":"https:\/\/medapp.lv\/lt\/wp-json\/wp\/v2\/product_tag?post=16531"}],"curies":[{"name":"wp","href":"https:\/\/api.w.org\/{rel}","templated":true}]}}