{"id":16603,"date":"2024-02-29T11:33:06","date_gmt":"2024-02-29T09:33:06","guid":{"rendered":"https:\/\/mareksj17.sg-host.com\/?post_type=product&#038;p=16603"},"modified":"2025-07-17T09:59:20","modified_gmt":"2025-07-17T07:59:20","slug":"push-potites-ortoze-8","status":"publish","type":"product","link":"https:\/\/medapp.lv\/lt\/produktas\/push-potites-ortoze-8\/","title":{"rendered":"PUSH kulk\u0161nies ortoz\u0117 8"},"content":{"rendered":"<p id=\"tw-target-text\" class=\"tw-data-text tw-text-large tw-ta\" dir=\"ltr\" data-placeholder=\"Translation\" data-ved=\"2ahUKEwjgzbOhntCEAxVXFxAIHX66CzgQ3ewLegQIDRAU\"><span class=\"Y2IQFc\" lang=\"lv\"><strong>Kada naudoti Push sportin\u0119 kulk\u0161nies ortoz\u0119 8<\/strong>?<\/span><\/p>\n<ul>\n<li dir=\"ltr\" data-placeholder=\"Translation\" data-ved=\"2ahUKEwjgzbOhntCEAxVXFxAIHX66CzgQ3ewLegQIDRAU\">\n<p id=\"tw-target-text\" class=\"tw-data-text tw-text-large tw-ta\" dir=\"ltr\" data-placeholder=\"Translation\" data-ved=\"2ahUKEwjgzbOhntCEAxVXFxAIHX66CzgQ3ewLegQIDRAU\"><span class=\"Y2IQFc\" lang=\"lv\">Siekiant i\u0161vengti pakartotinio kulk\u0161nies su\u017ealojimo<\/span><\/p>\n<\/li>\n<li dir=\"ltr\" data-placeholder=\"Translation\" data-ved=\"2ahUKEwjgzbOhntCEAxVXFxAIHX66CzgQ3ewLegQIDRAU\">\n<p id=\"tw-target-text\" class=\"tw-data-text tw-text-large tw-ta\" dir=\"ltr\" data-placeholder=\"Translation\" data-ved=\"2ahUKEwjgzbOhntCEAxVXFxAIHX66CzgQ3ewLegQIDRAU\"><span class=\"Y2IQFc\" lang=\"lv\">Kapsul\u0117s dirginimas<\/span><\/p>\n<\/li>\n<li dir=\"ltr\" data-placeholder=\"Translation\" data-ved=\"2ahUKEwjgzbOhntCEAxVXFxAIHX66CzgQ3ewLegQIDRAU\">\n<p id=\"tw-target-text\" class=\"tw-data-text tw-text-large tw-ta\" dir=\"ltr\" data-placeholder=\"Translation\" data-ved=\"2ahUKEwjgzbOhntCEAxVXFxAIHX66CzgQ3ewLegQIDRAU\"><span class=\"Y2IQFc\" lang=\"lv\">Lengvas nestabilumas<\/span><\/p>\n<\/li>\n<\/ul>\n<p><span class=\"Y2IQFc\" lang=\"lv\">Ortoz\u0117s taikymas:<\/span><\/p>\n<ol>\n<li>U\u017ed\u0117kite ortoz\u0119. Kojos ortoz\u0117s kulno dalis turi tvirtai priglusti prie kulno.<\/li>\n<li>Patraukite koj\u0105 link sav\u0119s, kad p\u0117da b\u016bt\u0173 90 laipsni\u0173 kampu. Tada priver\u017ekite ir pritvirtinkite vir\u0161utin\u0119 tvirtinimo detal\u0117s dal\u012f.<\/li>\n<li>Paimkite plat\u0173 elastin\u012f dir\u017eel\u012f ir apvyniokite j\u012f aplink blauzdos nugar\u0105 \u012f priek\u012f, \u012fstri\u017eai per p\u0117d\u0105; tada patraukite j\u012f po p\u0117da ir i\u0161ilgai p\u0117dos i\u0161or\u0117s link kulk\u0161nies vidin\u0117s pus\u0117s. J\u016bs efektyviai sukuriate skai\u010di\u0173 \u201c<strong>8<\/strong>\u201c. Pritvirtinkite dir\u017eel\u012f su kabliuko ir kilpos med\u017eiaga.<\/li>\n<\/ol>\n<p><iframe title=\"YouTube vaizdo grotuvas\" src=\"https:\/\/www.youtube.com\/embed\/PBSHQOZ9Q04?si=1da1tBOYiymUg2DF\" width=\"560\" height=\"315\" frameborder=\"0\" allowfullscreen=\"allowfullscreen\"><\/iframe><\/p>","protected":false},"excerpt":{"rendered":"<p><strong>Sportin\u0117 \u010diurnos ortoz\u0117 8<\/strong> padeda palengvinti patempusias kulk\u0161nis.<br \/>\nItin plonas kulk\u0161nies \u012ftvaras stabilizuoja kulk\u0161n\u012f naudojant dir\u017eel\u012f, kuris apgaubia kulk\u0161n\u012f <strong>8<\/strong> forma ir u\u017etikrina tvirt\u0105 bei patog\u0173 suspaudim\u0105.<\/p>\n<p><strong>Sportin\u0117 \u010diurnos ortoz\u0117 8<\/strong> yra trij\u0173 dyd\u017ei\u0173 ir tinka de\u0161inei bei kairei p\u0117dai. Pasirinkite tinkam\u0105 ortoz\u0117s dyd\u012f, i\u0161matuodami vis\u0105 p\u0117dos perimetr\u0105.<\/p>","protected":false},"featured_media":18470,"comment_status":"open","ping_status":"closed","template":"","meta":[],"product_brand":[],"product_cat":[137,133],"product_tag":[],"class_list":{"0":"post-16603","1":"product","2":"type-product","3":"status-publish","4":"has-post-thumbnail","6":"product_cat-kajai-cela-locitivai-un-pedai","7":"product_cat-ortozes","9":"first","10":"instock","11":"taxable","12":"shipping-taxable","13":"purchasable","14":"product-type-variable"},"_links":{"self":[{"href":"https:\/\/medapp.lv\/lt\/wp-json\/wp\/v2\/product\/16603","targetHints":{"allow":["GET"]}}],"collection":[{"href":"https:\/\/medapp.lv\/lt\/wp-json\/wp\/v2\/product"}],"about":[{"href":"https:\/\/medapp.lv\/lt\/wp-json\/wp\/v2\/types\/product"}],"replies":[{"embeddable":true,"href":"https:\/\/medapp.lv\/lt\/wp-json\/wp\/v2\/comments?post=16603"}],"version-history":[{"count":11,"href":"https:\/\/medapp.lv\/lt\/wp-json\/wp\/v2\/product\/16603\/revisions"}],"predecessor-version":[{"id":19996,"href":"https:\/\/medapp.lv\/lt\/wp-json\/wp\/v2\/product\/16603\/revisions\/19996"}],"wp:featuredmedia":[{"embeddable":true,"href":"https:\/\/medapp.lv\/lt\/wp-json\/wp\/v2\/media\/18470"}],"wp:attachment":[{"href":"https:\/\/medapp.lv\/lt\/wp-json\/wp\/v2\/media?parent=16603"}],"wp:term":[{"taxonomy":"product_brand","embeddable":true,"href":"https:\/\/medapp.lv\/lt\/wp-json\/wp\/v2\/product_brand?post=16603"},{"taxonomy":"product_cat","embeddable":true,"href":"https:\/\/medapp.lv\/lt\/wp-json\/wp\/v2\/product_cat?post=16603"},{"taxonomy":"product_tag","embeddable":true,"href":"https:\/\/medapp.lv\/lt\/wp-json\/wp\/v2\/product_tag?post=16603"}],"curies":[{"name":"wp","href":"https:\/\/api.w.org\/{rel}","templated":true}]}}