{"id":16621,"date":"2024-02-29T12:16:50","date_gmt":"2024-02-29T10:16:50","guid":{"rendered":"https:\/\/mareksj17.sg-host.com\/?post_type=product&#038;p=16621"},"modified":"2025-07-16T09:05:42","modified_gmt":"2025-07-16T07:05:42","slug":"push-sport-plaukstas-locitavas-ortoze","status":"publish","type":"product","link":"https:\/\/medapp.lv\/lt\/produktas\/push-sport-plaukstas-locitavas-ortoze\/","title":{"rendered":"PUSH Sport Rie\u0161o ortoz\u0117"},"content":{"rendered":"<p><strong><strong>Kada reikia naudoti Push Sports rie\u0161o ortozes?<br \/>\n<\/strong><\/strong><\/p>\n<ul>\n<li>Nedideli rie\u0161o patempimai,<\/li>\n<li>Siekiant i\u0161vengti pasikartojan\u010di\u0173 rie\u0161o patempimo simptom\u0173,<\/li>\n<li>Rie\u0161o laisvumas<\/li>\n<\/ul>\n<p><strong>Ortoz\u0117s u\u017ed\u0117jimas.<\/strong><\/p>\n<ol>\n<li>\u012eki\u0161kite nyk\u0161t\u012f \u012f nyk\u0161\u010dio kilp\u0105, kad jis b\u016bt\u0173 matomas <strong>St\u016bmimo sportas<\/strong> logotipas.<\/li>\n<li>Patraukite atram\u0105 per deln\u0105 \u012f delno i\u0161or\u0119, per delno nugar\u0105, atgal per priek\u012f ir pritvirtinkite kilpos med\u017eiag\u0105.<\/li>\n<li>Nuimkite kilp\u0105 nuo nyk\u0161\u010dio ir pritvirtinkite dir\u017eel\u012f prie kabliuko ir kilpos med\u017eiagos, esan\u010dios rankos gale.<\/li>\n<\/ol>\n<p><iframe title=\"YouTube vaizdo grotuvas\" src=\"https:\/\/www.youtube.com\/embed\/KrIGPXvYAR0?si=ee02yA3nsnLXIRiC\" width=\"560\" height=\"315\" frameborder=\"0\" allowfullscreen=\"allowfullscreen\"><\/iframe><\/p>","protected":false},"excerpt":{"rendered":"<p><strong>Push Sports Rie\u0161o ortoz\u0117<\/strong> si\u016blo suspaudim\u0105 ir atram\u0105 aplink rie\u0161\u0105 ir yra labai tinkamas lengvam naudojimui. Deln\u0173 atrama yra paprasta naudoti, \u017eemo profilio ir pagaminta i\u0161 mink\u0161t\u0173 med\u017eiag\u0173. D\u0117l to ortoz\u0119 patogu ne\u0161ioti.<\/p>\n<p><strong>Push Sports Rie\u0161o ortoz\u0117<\/strong> yra universalus pritaikymas kair\u0117je ir de\u0161in\u0117je pus\u0117se.<\/p>\n<p>&nbsp;<\/p>","protected":false},"featured_media":18455,"comment_status":"open","ping_status":"closed","template":"","meta":[],"product_brand":[],"product_cat":[139,133],"product_tag":[],"class_list":{"0":"post-16621","1":"product","2":"type-product","3":"status-publish","4":"has-post-thumbnail","6":"product_cat-rokas-un-plaukstai","7":"product_cat-ortozes","9":"first","10":"instock","11":"taxable","12":"shipping-taxable","13":"purchasable","14":"product-type-simple"},"_links":{"self":[{"href":"https:\/\/medapp.lv\/lt\/wp-json\/wp\/v2\/product\/16621","targetHints":{"allow":["GET"]}}],"collection":[{"href":"https:\/\/medapp.lv\/lt\/wp-json\/wp\/v2\/product"}],"about":[{"href":"https:\/\/medapp.lv\/lt\/wp-json\/wp\/v2\/types\/product"}],"replies":[{"embeddable":true,"href":"https:\/\/medapp.lv\/lt\/wp-json\/wp\/v2\/comments?post=16621"}],"version-history":[{"count":9,"href":"https:\/\/medapp.lv\/lt\/wp-json\/wp\/v2\/product\/16621\/revisions"}],"predecessor-version":[{"id":19995,"href":"https:\/\/medapp.lv\/lt\/wp-json\/wp\/v2\/product\/16621\/revisions\/19995"}],"wp:featuredmedia":[{"embeddable":true,"href":"https:\/\/medapp.lv\/lt\/wp-json\/wp\/v2\/media\/18455"}],"wp:attachment":[{"href":"https:\/\/medapp.lv\/lt\/wp-json\/wp\/v2\/media?parent=16621"}],"wp:term":[{"taxonomy":"product_brand","embeddable":true,"href":"https:\/\/medapp.lv\/lt\/wp-json\/wp\/v2\/product_brand?post=16621"},{"taxonomy":"product_cat","embeddable":true,"href":"https:\/\/medapp.lv\/lt\/wp-json\/wp\/v2\/product_cat?post=16621"},{"taxonomy":"product_tag","embeddable":true,"href":"https:\/\/medapp.lv\/lt\/wp-json\/wp\/v2\/product_tag?post=16621"}],"curies":[{"name":"wp","href":"https:\/\/api.w.org\/{rel}","templated":true}]}}