{"id":16633,"date":"2024-02-29T12:43:18","date_gmt":"2024-02-29T10:43:18","guid":{"rendered":"https:\/\/mareksj17.sg-host.com\/?post_type=product&#038;p=16633"},"modified":"2026-02-27T20:52:05","modified_gmt":"2026-02-27T18:52:05","slug":"push-sports-celgalu-stiprinajums","status":"publish","type":"product","link":"https:\/\/medapp.lv\/lt\/produktas\/push-sports-celgalu-stiprinajums\/","title":{"rendered":"PUSH Kelio ortoz\u0117"},"content":{"rendered":"<p><strong>Kada reikia naudoti Push Sports kelio ortozes?<\/strong><\/p>\n<ul>\n<li>bendras kelio nestabilumas,<\/li>\n<li>Nestabilumas po \u0161onini\u0173 rai\u0161\u010di\u0173 pa\u017eeidimo,<\/li>\n<li>Artroz\u0117 su lengvu nestabilumu,<\/li>\n<li>menisko pa\u017eeidimas,<\/li>\n<li>patellofemoralinio skausmo sindromas,<\/li>\n<\/ul>\n<p><strong>Tvirtinimo detal\u0117s taikymas.<\/strong><\/p>\n<p>Atidarykite du kablio ir kilpos tvirtinimo elementus. \u012etvaras traukite per kel\u012f, kol \u012fklotas priglus po keliu. Svarbu, kad \u012fklotas tvirtai priglust\u0173 prie kelio, kad b\u016bt\u0173 u\u017etikrintas tinkamas atramos lygis. U\u017edarykite vir\u0161utin\u012f kabliuk\u0105 ir kilp\u0105 taip, kad \u0161launys b\u016bt\u0173 patogiai spaud\u017eiamos. U\u017edarykite apatin\u012f kabliuk\u0105 ir kilp\u0105, kad jaustum\u0117te patog\u0173 spaudim\u0105 po keliu.<\/p>\n<p><iframe title=\"YouTube vaizdo grotuvas\" src=\"https:\/\/www.youtube.com\/embed\/VReric3V5rg?si=x_Y1on8uIfx4Rkej\" width=\"560\" height=\"315\" frameborder=\"0\" allowfullscreen=\"allowfullscreen\"><\/iframe><\/p>","protected":false},"excerpt":{"rendered":"<p><strong>Push Sports keli\u0173 \u012ftvaras<\/strong> ypatingu b\u016bdu palaiko kel\u012f naudojant nea\u0161inius lak\u0161tinius spyruoklinius vyrius abiejose kelio pus\u0117se. \u0160oninis jud\u0117jimas yra ribotas, o kelio lenkimas ir tiesimas nesutrik\u0119. U formos spaudimo pagalv\u0117l\u0117 dedama aplink kelio girnel\u0119 ir padeda stabilizuoti kel\u012f.<\/p>\n<p><strong>Push Sports keli\u0173 \u012ftvaras<\/strong> yra keturi\u0173 dyd\u017ei\u0173, universaliai tinka kair\u0117je ir de\u0161in\u0117je pus\u0117se. Pasirinkite tinkam\u0105 gaminio dyd\u012f, i\u0161matuodami blauzdos apimt\u012f tiesiai \u017eemiau kelio.<\/p>","protected":false},"featured_media":18329,"comment_status":"open","ping_status":"closed","template":"","meta":[],"product_brand":[],"product_cat":[137,133],"product_tag":[],"class_list":{"0":"post-16633","1":"product","2":"type-product","3":"status-publish","4":"has-post-thumbnail","6":"product_cat-kajai-cela-locitivai-un-pedai","7":"product_cat-ortozes","9":"first","10":"instock","11":"taxable","12":"shipping-taxable","13":"purchasable","14":"product-type-variable"},"_links":{"self":[{"href":"https:\/\/medapp.lv\/lt\/wp-json\/wp\/v2\/product\/16633","targetHints":{"allow":["GET"]}}],"collection":[{"href":"https:\/\/medapp.lv\/lt\/wp-json\/wp\/v2\/product"}],"about":[{"href":"https:\/\/medapp.lv\/lt\/wp-json\/wp\/v2\/types\/product"}],"replies":[{"embeddable":true,"href":"https:\/\/medapp.lv\/lt\/wp-json\/wp\/v2\/comments?post=16633"}],"version-history":[{"count":10,"href":"https:\/\/medapp.lv\/lt\/wp-json\/wp\/v2\/product\/16633\/revisions"}],"predecessor-version":[{"id":20033,"href":"https:\/\/medapp.lv\/lt\/wp-json\/wp\/v2\/product\/16633\/revisions\/20033"}],"wp:featuredmedia":[{"embeddable":true,"href":"https:\/\/medapp.lv\/lt\/wp-json\/wp\/v2\/media\/18329"}],"wp:attachment":[{"href":"https:\/\/medapp.lv\/lt\/wp-json\/wp\/v2\/media?parent=16633"}],"wp:term":[{"taxonomy":"product_brand","embeddable":true,"href":"https:\/\/medapp.lv\/lt\/wp-json\/wp\/v2\/product_brand?post=16633"},{"taxonomy":"product_cat","embeddable":true,"href":"https:\/\/medapp.lv\/lt\/wp-json\/wp\/v2\/product_cat?post=16633"},{"taxonomy":"product_tag","embeddable":true,"href":"https:\/\/medapp.lv\/lt\/wp-json\/wp\/v2\/product_tag?post=16633"}],"curies":[{"name":"wp","href":"https:\/\/api.w.org\/{rel}","templated":true}]}}