{"id":16682,"date":"2024-02-29T23:49:51","date_gmt":"2024-02-29T21:49:51","guid":{"rendered":"https:\/\/mareksj17.sg-host.com\/?post_type=product&#038;p=16682"},"modified":"2025-07-16T09:05:48","modified_gmt":"2025-07-16T07:05:48","slug":"reh4mat-sakralas-korsete","status":"publish","type":"product","link":"https:\/\/medapp.lv\/lt\/produktas\/reh4mat-sakralas-korsete\/","title":{"rendered":"REH4MAT sakralinis korsetas"},"content":{"rendered":"<p>Kry\u017emens ortoz\u0117 AM-OK\/CCA pagaminta i\u0161 ActiveSpace\u2122 audinio.<\/p>\n<p>AM-OK\/CCA kry\u017emens ortoz\u0117 yra patogi, tod\u0117l j\u0105 galima ne\u0161ioti po drabu\u017eiais vis\u0105 dien\u0105.<\/p>\n<p>Jis pagamintas i\u0161 dviej\u0173 nepriklausom\u0173 anatomi\u0161kai suprojektuot\u0173 element\u0173, leid\u017eian\u010di\u0173 \u012frenginiui tiksliai prisitaikyti prie k\u016bno. Laisva erdv\u0117 tarp \u0161i\u0173 element\u0173 leid\u017eia kry\u017ekaulio odai kv\u0117puoti. Nugaroje yra suspaudimo sistema, vadinama CCA, kuri stabilizuoja duben\u012f ir leid\u017eia koreguoti ortoz\u0119 net esant pla\u010diais klubams ar pacientams, turintiems i\u0161kilim\u0105. M\u016bs\u0173 CCA sistema yra geriausia ortopedijos naujov\u0117 rinkoje.<\/p>\n<p>Platus neelastingas dir\u017eas yra stabilizuojantis elementas, reguliuojantis kry\u017emens stuburo suspaudim\u0105. Ortoz\u0117 apr\u016bpinta stand\u017eiais kry\u017ekaulio pagalv\u0117l\u0117mis, kurios taip pat sujungtos su CCA sistema, kuri suteikia puiki\u0105 atram\u0105 ir stabilizavim\u0105.<\/p>","protected":false},"excerpt":{"rendered":"<p>AM-OK\/CCA kry\u017ekaulio ortoz\u0117 yra pakankamai patogi, kad j\u0105 b\u016bt\u0173 galima ne\u0161ioti po drabu\u017eiais vis\u0105 dien\u0105, tod\u0117l naudotojui suteikiamas diskreti\u0161kumas ir patogumas. Ortoz\u0117je sumontuotos stand\u017eios kry\u017emens pagalv\u0117l\u0117s, kurios yra sujungtos su CCA sistema, garantuojan\u010dios auk\u0161tesn\u012f atramos ir stabilizavimo lyg\u012f.<\/p>","protected":false},"featured_media":16700,"comment_status":"open","ping_status":"closed","template":"","meta":[],"product_brand":[],"product_cat":[138,133],"product_tag":[],"class_list":{"0":"post-16682","1":"product","2":"type-product","3":"status-publish","4":"has-post-thumbnail","6":"product_cat-muguras-jostas","7":"product_cat-ortozes","9":"first","10":"instock","11":"taxable","12":"shipping-taxable","13":"purchasable","14":"product-type-variable"},"_links":{"self":[{"href":"https:\/\/medapp.lv\/lt\/wp-json\/wp\/v2\/product\/16682","targetHints":{"allow":["GET"]}}],"collection":[{"href":"https:\/\/medapp.lv\/lt\/wp-json\/wp\/v2\/product"}],"about":[{"href":"https:\/\/medapp.lv\/lt\/wp-json\/wp\/v2\/types\/product"}],"replies":[{"embeddable":true,"href":"https:\/\/medapp.lv\/lt\/wp-json\/wp\/v2\/comments?post=16682"}],"version-history":[{"count":3,"href":"https:\/\/medapp.lv\/lt\/wp-json\/wp\/v2\/product\/16682\/revisions"}],"predecessor-version":[{"id":20002,"href":"https:\/\/medapp.lv\/lt\/wp-json\/wp\/v2\/product\/16682\/revisions\/20002"}],"wp:featuredmedia":[{"embeddable":true,"href":"https:\/\/medapp.lv\/lt\/wp-json\/wp\/v2\/media\/16700"}],"wp:attachment":[{"href":"https:\/\/medapp.lv\/lt\/wp-json\/wp\/v2\/media?parent=16682"}],"wp:term":[{"taxonomy":"product_brand","embeddable":true,"href":"https:\/\/medapp.lv\/lt\/wp-json\/wp\/v2\/product_brand?post=16682"},{"taxonomy":"product_cat","embeddable":true,"href":"https:\/\/medapp.lv\/lt\/wp-json\/wp\/v2\/product_cat?post=16682"},{"taxonomy":"product_tag","embeddable":true,"href":"https:\/\/medapp.lv\/lt\/wp-json\/wp\/v2\/product_tag?post=16682"}],"curies":[{"name":"wp","href":"https:\/\/api.w.org\/{rel}","templated":true}]}}