{"id":16704,"date":"2024-03-01T00:02:07","date_gmt":"2024-02-29T22:02:07","guid":{"rendered":"https:\/\/mareksj17.sg-host.com\/?post_type=product&#038;p=16704"},"modified":"2026-01-28T22:41:13","modified_gmt":"2026-01-28T20:41:13","slug":"pavis-reklenators","status":"publish","type":"product","link":"https:\/\/medapp.lv\/lt\/produktas\/pavis-reklenators\/","title":{"rendered":"PAVIS Atlo\u0161as"},"content":{"rendered":"<p>Ortopedinis nugaros laikysenos tiesintuvas tinka visiems, turintiems nugaros laikysenos problem\u0173. Pe\u010di\u0173 dir\u017eeliai susikerta ant nugaros naudojant dvigub\u0105 kry\u017eminio \u012ftempimo dir\u017e\u0173 sistem\u0105, kuri\u0105 galima reguliuoti pagal d\u0117v\u0117tojo \u016bg\u012f. Siekiant u\u017etikrinti efektyvum\u0105, nepaisant paciento fizionomijos, galimos dvi skirtingos breket\u0173 u\u017edarymo pad\u0117tys. Pilvo juostos ilg\u012f galima suma\u017einti \u017eirkl\u0117mis. Siekiant maksimaliai padidinti komfort\u0105, yra du skirtingo plo\u010dio pe\u010di\u0173 dir\u017eeliai. Suma\u017eina skausm\u0105, suma\u017eina rizik\u0105 nukristi vaik\u0161tant ir esant dideliam fiziniam kr\u016bviui bei skatina saugumo jausm\u0105 d\u0117vint. Kv\u0117puojantis ir bakteriostatinis Pavis tekstil\u0117s d\u0117ka.<\/p>\n<p><iframe title=\"YouTube vaizdo grotuvas\" src=\"https:\/\/www.youtube.com\/embed\/KB58yt0cyxw?si=_GEB_-iNURL7B-Ti\" width=\"560\" height=\"315\" frameborder=\"0\" allowfullscreen=\"allowfullscreen\"><\/iframe><\/p>","protected":false},"excerpt":{"rendered":"<p>Ortopedinis nugaros laikysenos tiesintuvas \u2013 universalus sprendimas, suteikiantis individualiai reguliuojam\u0105 fiksacij\u0105, gerinantis laikysen\u0105 ir suteikiantis atram\u0105 stuburui. \u0160is gaminys sukurtas taip, kad patenkint\u0173 plat\u0173 vartotoj\u0173 spektr\u0105, si\u016blantis lanks\u010dias pritaikymo parinktis ir paprast\u0105 naudojim\u0105.<\/p>\n<p>&nbsp;<\/p>","protected":false},"featured_media":19345,"comment_status":"open","ping_status":"closed","template":"","meta":[],"product_brand":[],"product_cat":[138,133],"product_tag":[],"class_list":{"0":"post-16704","1":"product","2":"type-product","3":"status-publish","4":"has-post-thumbnail","6":"product_cat-muguras-jostas","7":"product_cat-ortozes","9":"first","10":"instock","11":"taxable","12":"shipping-taxable","13":"purchasable","14":"product-type-variable"},"_links":{"self":[{"href":"https:\/\/medapp.lv\/lt\/wp-json\/wp\/v2\/product\/16704","targetHints":{"allow":["GET"]}}],"collection":[{"href":"https:\/\/medapp.lv\/lt\/wp-json\/wp\/v2\/product"}],"about":[{"href":"https:\/\/medapp.lv\/lt\/wp-json\/wp\/v2\/types\/product"}],"replies":[{"embeddable":true,"href":"https:\/\/medapp.lv\/lt\/wp-json\/wp\/v2\/comments?post=16704"}],"version-history":[{"count":15,"href":"https:\/\/medapp.lv\/lt\/wp-json\/wp\/v2\/product\/16704\/revisions"}],"predecessor-version":[{"id":20094,"href":"https:\/\/medapp.lv\/lt\/wp-json\/wp\/v2\/product\/16704\/revisions\/20094"}],"wp:featuredmedia":[{"embeddable":true,"href":"https:\/\/medapp.lv\/lt\/wp-json\/wp\/v2\/media\/19345"}],"wp:attachment":[{"href":"https:\/\/medapp.lv\/lt\/wp-json\/wp\/v2\/media?parent=16704"}],"wp:term":[{"taxonomy":"product_brand","embeddable":true,"href":"https:\/\/medapp.lv\/lt\/wp-json\/wp\/v2\/product_brand?post=16704"},{"taxonomy":"product_cat","embeddable":true,"href":"https:\/\/medapp.lv\/lt\/wp-json\/wp\/v2\/product_cat?post=16704"},{"taxonomy":"product_tag","embeddable":true,"href":"https:\/\/medapp.lv\/lt\/wp-json\/wp\/v2\/product_tag?post=16704"}],"curies":[{"name":"wp","href":"https:\/\/api.w.org\/{rel}","templated":true}]}}