{"id":16722,"date":"2024-03-01T08:42:14","date_gmt":"2024-03-01T06:42:14","guid":{"rendered":"https:\/\/mareksj17.sg-host.com\/?post_type=product&#038;p=16722"},"modified":"2025-07-17T10:04:49","modified_gmt":"2025-07-17T08:04:49","slug":"vitrex-kirurgiskas-suves","status":"publish","type":"product","link":"https:\/\/medapp.lv\/lt\/produktas\/vitrex-kirurgiskas-suves\/","title":{"rendered":"VITREX \u2013 Chirurginiai si\u016blai"},"content":{"rendered":"<p>Danija (pagaminta \u010cekijoje)<\/p>\n<p>Absorbuojami si\u016blai<\/p>\n<p>Neabsorbuojami si\u016blai<\/p>\n<p>Monofilamentiniai si\u016blai<\/p>\n<p>Pinti si\u016blai<\/p>\n<p>Antibakterinis<\/p>","protected":false},"excerpt":{"rendered":"<p>Danija (Pagaminta \u010cekijos Respublikoje) Absorbuojami si\u016blai Neabsorbuojami si\u016blai Monofilamentiniai si\u016blai Pintos si\u016bl\u0117s Antibakterinis<\/p>","protected":false},"featured_media":16482,"comment_status":"open","ping_status":"closed","template":"","meta":[],"product_brand":[],"product_cat":[162,108],"product_tag":[],"class_list":{"0":"post-16722","1":"product","2":"type-product","3":"status-publish","4":"has-post-thumbnail","6":"product_cat-kirurgijas-piederumi","7":"product_cat-produkti-profesionaliem","9":"first","10":"instock","11":"taxable","12":"shipping-taxable","13":"product-type-simple"},"_links":{"self":[{"href":"https:\/\/medapp.lv\/lt\/wp-json\/wp\/v2\/product\/16722","targetHints":{"allow":["GET"]}}],"collection":[{"href":"https:\/\/medapp.lv\/lt\/wp-json\/wp\/v2\/product"}],"about":[{"href":"https:\/\/medapp.lv\/lt\/wp-json\/wp\/v2\/types\/product"}],"replies":[{"embeddable":true,"href":"https:\/\/medapp.lv\/lt\/wp-json\/wp\/v2\/comments?post=16722"}],"version-history":[{"count":1,"href":"https:\/\/medapp.lv\/lt\/wp-json\/wp\/v2\/product\/16722\/revisions"}],"predecessor-version":[{"id":16723,"href":"https:\/\/medapp.lv\/lt\/wp-json\/wp\/v2\/product\/16722\/revisions\/16723"}],"wp:featuredmedia":[{"embeddable":true,"href":"https:\/\/medapp.lv\/lt\/wp-json\/wp\/v2\/media\/16482"}],"wp:attachment":[{"href":"https:\/\/medapp.lv\/lt\/wp-json\/wp\/v2\/media?parent=16722"}],"wp:term":[{"taxonomy":"product_brand","embeddable":true,"href":"https:\/\/medapp.lv\/lt\/wp-json\/wp\/v2\/product_brand?post=16722"},{"taxonomy":"product_cat","embeddable":true,"href":"https:\/\/medapp.lv\/lt\/wp-json\/wp\/v2\/product_cat?post=16722"},{"taxonomy":"product_tag","embeddable":true,"href":"https:\/\/medapp.lv\/lt\/wp-json\/wp\/v2\/product_tag?post=16722"}],"curies":[{"name":"wp","href":"https:\/\/api.w.org\/{rel}","templated":true}]}}