{"id":16858,"date":"2024-03-02T15:57:54","date_gmt":"2024-03-02T13:57:54","guid":{"rendered":"http:\/\/mareksj17.sg-host.com\/?post_type=product&#038;p=16858"},"modified":"2026-04-01T13:10:25","modified_gmt":"2026-04-01T11:10:25","slug":"ikska-cmc-ortoze","status":"publish","type":"product","link":"https:\/\/medapp.lv\/lt\/produktas\/ikska-cmc-ortoze\/","title":{"rendered":"PUSH Ortho Thumb ortoz\u0117"},"content":{"rendered":"<p><strong><strong>Kada tur\u0117tum\u0117te naudoti Push ortho thumb cmc ortoz\u0119?<br \/>\n<\/strong><\/strong><\/p>\n<ul>\n<li>nyk\u0161\u010dio CMC s\u0105nario osteoartritas,<\/li>\n<li>Nyk\u0161\u010dio CMC s\u0105nario stabilizavimas po chirurgin\u0117s manipuliacijos,<\/li>\n<li>CMC nyk\u0161\u010dio s\u0105nario nestabilumas.<\/li>\n<\/ul>\n<p><strong>Ortoz\u0117s taikymas:<\/strong><\/p>\n<p>Atidarykite visas kablio ir kilpos tvirtinimo detales:<\/p>\n<ol>\n<li>I\u0161matuokite rankos perimetr\u0105.<\/li>\n<li>Prie\u0161 prad\u0117dami montuoti ortoz\u0119, atsargiai \u012fd\u0117kite metalin\u012f \u012fd\u0117kl\u0105.<\/li>\n<li>U\u017ed\u0117kite ortoz\u0119 ant pla\u0161takos \/ nyk\u0161\u010dio ir stumkite j\u0105 kiek \u012fmanoma \u017eemyn link nyk\u0161\u010dio. Pirmiausia u\u017edarykite apatin\u012f dir\u017eel\u012f, esant\u012f ar\u010diausiai rie\u0161o. Tada u\u017edarykite vir\u0161utin\u012f dir\u017e\u0105.<\/li>\n<li>Laikykite nyk\u0161t\u012f \u201eO\u201c pad\u0117tyje, kai raumenys atsipalaidav\u0119, ir tvirtai suspauskite metalin\u012f \u012fd\u0117kl\u0105, kad jis tiksliai atitikt\u0173 tenaro kont\u016br\u0105 ir dyd\u012f.<\/li>\n<\/ol>\n<p><iframe title=\"YouTube vaizdo grotuvas\" src=\"https:\/\/www.youtube.com\/embed\/JImbfI88CaE?si=Ja091q05soEYUE0v\" width=\"560\" height=\"315\" frameborder=\"0\" allowfullscreen=\"allowfullscreen\"><\/iframe><\/p>","protected":false},"excerpt":{"rendered":"<p>Push CMC stabilizuoja nyk\u0161\u010dio pagrindo s\u0105nar\u012f (CMC-1) ir nustato nyk\u0161t\u012f \u012f funkcin\u0119 pad\u0117t\u012f. Tai u\u017etikrina optimali\u0105 rie\u0161o funkcij\u0105 ir suma\u017eina simptomus, tokius kaip skausmas ir j\u0117gos praradimas. Pasirinktos med\u017eiagos ir u\u017eapvalinti kra\u0161tai u\u017etikrina maksimal\u0173 komfort\u0105, o paprasta u\u017esegimo sistema leid\u017eia pacientams be vargo u\u017esid\u0117ti man\u017eet\u0119. Produktas yra antibakterinis, gali b\u016bti naudojamas vandenyje ir lengvai d\u017eiovinamas. Push Ortho nyk\u0161\u010dio ortoz\u0117 yra 4 dyd\u017ei\u0173, taip pat de\u0161in\u0117s ir kair\u0117s versijos.<\/p>\n<div id=\"gtx-trans\" style=\"position: absolute; left: 660px; top: 37.8px;\">\n<div class=\"gtx-trans-icon\"><\/div>\n<\/div>","protected":false},"featured_media":17746,"comment_status":"open","ping_status":"closed","template":"","meta":[],"product_brand":[],"product_cat":[139,133],"product_tag":[],"class_list":{"0":"post-16858","1":"product","2":"type-product","3":"status-publish","4":"has-post-thumbnail","6":"product_cat-rokas-un-plaukstai","7":"product_cat-ortozes","9":"first","10":"instock","11":"taxable","12":"shipping-taxable","13":"purchasable","14":"product-type-variable"},"_links":{"self":[{"href":"https:\/\/medapp.lv\/lt\/wp-json\/wp\/v2\/product\/16858","targetHints":{"allow":["GET"]}}],"collection":[{"href":"https:\/\/medapp.lv\/lt\/wp-json\/wp\/v2\/product"}],"about":[{"href":"https:\/\/medapp.lv\/lt\/wp-json\/wp\/v2\/types\/product"}],"replies":[{"embeddable":true,"href":"https:\/\/medapp.lv\/lt\/wp-json\/wp\/v2\/comments?post=16858"}],"version-history":[{"count":14,"href":"https:\/\/medapp.lv\/lt\/wp-json\/wp\/v2\/product\/16858\/revisions"}],"predecessor-version":[{"id":20032,"href":"https:\/\/medapp.lv\/lt\/wp-json\/wp\/v2\/product\/16858\/revisions\/20032"}],"wp:featuredmedia":[{"embeddable":true,"href":"https:\/\/medapp.lv\/lt\/wp-json\/wp\/v2\/media\/17746"}],"wp:attachment":[{"href":"https:\/\/medapp.lv\/lt\/wp-json\/wp\/v2\/media?parent=16858"}],"wp:term":[{"taxonomy":"product_brand","embeddable":true,"href":"https:\/\/medapp.lv\/lt\/wp-json\/wp\/v2\/product_brand?post=16858"},{"taxonomy":"product_cat","embeddable":true,"href":"https:\/\/medapp.lv\/lt\/wp-json\/wp\/v2\/product_cat?post=16858"},{"taxonomy":"product_tag","embeddable":true,"href":"https:\/\/medapp.lv\/lt\/wp-json\/wp\/v2\/product_tag?post=16858"}],"curies":[{"name":"wp","href":"https:\/\/api.w.org\/{rel}","templated":true}]}}