{"id":16869,"date":"2024-03-02T16:22:52","date_gmt":"2024-03-02T14:22:52","guid":{"rendered":"http:\/\/mareksj17.sg-host.com\/?post_type=product&#038;p=16869"},"modified":"2026-04-06T09:49:53","modified_gmt":"2026-04-06T07:49:53","slug":"push-med-celgalu-stiprinajums","status":"publish","type":"product","link":"https:\/\/medapp.lv\/lt\/produktas\/push-med-celgalu-stiprinajums\/","title":{"rendered":"PUSH Med kelio ortoz\u0117"},"content":{"rendered":"<p><strong><strong>Kada tur\u0117tum\u0117te naudoti Push Med kelio \u012ftvar\u0105?<br \/>\n<\/strong><\/strong><\/p>\n<ul>\n<li>Artroz\u0117 su nestabilumu<\/li>\n<li>Reumatoidiniai skundai<\/li>\n<li>Rai\u0161\u010di\u0173 pa\u017eeidimas<\/li>\n<li>Lik\u0119s nestabilumas po \u0161onini\u0173 rai\u0161\u010di\u0173 pa\u017eeidimo<\/li>\n<li>Pooperacinis tolesnis gydymas<\/li>\n<\/ul>\n<p>Ortoz\u0117 pagaminta i\u0161 <strong>Sympress\u2122<\/strong>, auk\u0161tos kokyb\u0117s patogi med\u017eiaga. Naudojant mikropluo\u0161tus, vidus tampa mink\u0161tas ir oda i\u0161lieka sausa. <strong>Push med keli\u0173 \u012ftvaras<\/strong> lengva u\u017esid\u0117ti ir galima skalbti.<\/p>\n<p><strong>Ortoz\u0117s montavimas:<\/strong><\/p>\n<ol>\n<li>U\u017etraukite tvirtinimo element\u0105 per kelio s\u0105nar\u012f. Nor\u0117dami tai padaryti, laikykite u\u017esegim\u0105 u\u017e plastikini\u0173 skirtuk\u0173 vir\u0161 vyri\u0173 ir patraukite j\u012f kojele. \u012esitikinkite, kad visi dir\u017eeliai yra laisvi. Teisingai pritvirtinkite apskrit\u0105 atram\u0105 aplink girnel\u0119 (kel\u012f).<\/li>\n<li>U\u017esekite dir\u017eelius \u0161launies gale ir priekyje. Ilgio keitimas gale ir priekyje leid\u017eia optimaliai i\u0161d\u0117styti u\u017esegimus kojos \u0161onuose, kad u\u017esegimas tvirtai priglust\u0173 ir veikt\u0173 puikiai.<\/li>\n<li>Tada u\u017edarykite dir\u017eelius, kurie susikerta blauzdos priekyje.<\/li>\n<\/ol>\n<p><iframe title=\"YouTube vaizdo grotuvas\" src=\"https:\/\/www.youtube.com\/embed\/LdO-P-Pu0cI?si=SnMAIbwEoViGWjzY\" width=\"560\" height=\"315\" frameborder=\"0\" allowfullscreen=\"allowfullscreen\"><\/iframe><\/p>","protected":false},"excerpt":{"rendered":"<p><strong>Paspauskite Med Hamstring<\/strong>suteikia esmin\u0119 atram\u0105 kelio s\u0105nario \u0161onin\u0117ms strukt\u016broms. Kel\u012f palaiko du buki spyruokliniai vyriai, kurie unikaliai seka nat\u016bralius kelio sukimosi judesius. Tai rei\u0161kia, kad lenkti ir i\u0161tiesti kel\u012f netrukdoma. Geras anatominis prigludimas ir silikono aplikacija padeda i\u0161laikyti ortografo pad\u0117t\u012f einant.<\/p>\n<p>Push Med Shin Support yra 5 dyd\u017ei\u0173. S\u0117d\u0117kite sulenk\u0119 kelius 90\u00b0 kampu. Tada i\u0161matuokite perimetr\u0105 aplink siauriausi\u0105 kojos dal\u012f \u017eemiau kelio s\u0105nario. Lentel\u0117je ant pakuot\u0117s nurodytas tinkamas j\u016bs\u0173 kelio dydis.<\/p>","protected":false},"featured_media":18310,"comment_status":"open","ping_status":"closed","template":"","meta":[],"product_brand":[],"product_cat":[137,133],"product_tag":[],"class_list":{"0":"post-16869","1":"product","2":"type-product","3":"status-publish","4":"has-post-thumbnail","6":"product_cat-kajai-cela-locitivai-un-pedai","7":"product_cat-ortozes","9":"first","10":"instock","11":"taxable","12":"shipping-taxable","13":"purchasable","14":"product-type-variable"},"_links":{"self":[{"href":"https:\/\/medapp.lv\/lt\/wp-json\/wp\/v2\/product\/16869","targetHints":{"allow":["GET"]}}],"collection":[{"href":"https:\/\/medapp.lv\/lt\/wp-json\/wp\/v2\/product"}],"about":[{"href":"https:\/\/medapp.lv\/lt\/wp-json\/wp\/v2\/types\/product"}],"replies":[{"embeddable":true,"href":"https:\/\/medapp.lv\/lt\/wp-json\/wp\/v2\/comments?post=16869"}],"version-history":[{"count":7,"href":"https:\/\/medapp.lv\/lt\/wp-json\/wp\/v2\/product\/16869\/revisions"}],"predecessor-version":[{"id":20022,"href":"https:\/\/medapp.lv\/lt\/wp-json\/wp\/v2\/product\/16869\/revisions\/20022"}],"wp:featuredmedia":[{"embeddable":true,"href":"https:\/\/medapp.lv\/lt\/wp-json\/wp\/v2\/media\/18310"}],"wp:attachment":[{"href":"https:\/\/medapp.lv\/lt\/wp-json\/wp\/v2\/media?parent=16869"}],"wp:term":[{"taxonomy":"product_brand","embeddable":true,"href":"https:\/\/medapp.lv\/lt\/wp-json\/wp\/v2\/product_brand?post=16869"},{"taxonomy":"product_cat","embeddable":true,"href":"https:\/\/medapp.lv\/lt\/wp-json\/wp\/v2\/product_cat?post=16869"},{"taxonomy":"product_tag","embeddable":true,"href":"https:\/\/medapp.lv\/lt\/wp-json\/wp\/v2\/product_tag?post=16869"}],"curies":[{"name":"wp","href":"https:\/\/api.w.org\/{rel}","templated":true}]}}