{"id":16890,"date":"2024-03-02T16:41:21","date_gmt":"2024-03-02T14:41:21","guid":{"rendered":"http:\/\/mareksj17.sg-host.com\/?post_type=product&#038;p=16890"},"modified":"2026-04-07T09:05:42","modified_gmt":"2026-04-07T07:05:42","slug":"push-med-patella-ortoze","status":"publish","type":"product","link":"https:\/\/medapp.lv\/lt\/produktas\/push-med-patella-ortoze\/","title":{"rendered":"PUSH Med Patella ortoz\u0117"},"content":{"rendered":"<p><strong><strong>Kada reikia naudoti Push Med girnel\u0117s ortozes?<br \/>\n<\/strong><\/strong><\/p>\n<ul>\n<li>girnel\u0117s tendinitas,<\/li>\n<li>Osgood-Schlatter liga,<\/li>\n<li>patellofemoral skausmo sindromas,<\/li>\n<li>Subluksacija\/hipermobilumas proksimaliniame tibiofibuliniame s\u0105naryje.<\/li>\n<\/ul>\n<p><strong>Sympress\u2122<\/strong> technologija, i\u0161 kurios pagaminta ortoz\u0117 <strong>Sympress\u2122<\/strong>, auk\u0161tos kokyb\u0117s patogi med\u017eiaga. Naudojant mikropluo\u0161tus, vidus tampa mink\u0161tas ir oda i\u0161lieka sausa. <strong>Push med Patella Orthosis<\/strong> lengva u\u017esid\u0117ti ir galima skalbti.<\/p>\n<p><strong>U\u017etepkite tvirtinimo detal\u0119:<\/strong><\/p>\n<ol>\n<li>\u012esitikinkite, kad tvirtinimo ta\u0161kas (logotipo lygyje) yra tiesiai po kelio kaulu.<\/li>\n<li>Priver\u017ekite reguliuojam\u0105 dir\u017eel\u012f ir u\u017edarykite.<\/li>\n<\/ol>\n<p><iframe title=\"YouTube vaizdo grotuvas\" src=\"https:\/\/www.youtube.com\/embed\/aj9HriQrlFk?si=oREVsU1WZKO6ORSP\" width=\"560\" height=\"315\" frameborder=\"0\" allowfullscreen=\"allowfullscreen\"><\/iframe><\/p>","protected":false},"excerpt":{"rendered":"<p><strong>Paspauskite Med Patella Brace<\/strong> daro vietin\u012f spaudim\u0105 \u0161launies raumeniui ir palaiko kel\u012f. \u012eklotas sudarytas i\u0161 su odai suderinamo viskoelastingo polimero. Pusiau kieto dangtelio priekin\u0117 dalis u\u017etikrina gerai paskirstyt\u0105 sl\u0117gio paskirstym\u0105.<\/p>\n<p>Push Med Patella Orthosis yra 1 dyd\u017eio. I\u0161matavimai svyruoja nuo 28 iki 45 centimetr\u0173.<\/p>\n<p><span class=\"selectable-text copyable-text\">Dydis: universalus<\/span><strong><br \/>\n<\/strong><\/p>","protected":false},"featured_media":18428,"comment_status":"open","ping_status":"closed","template":"","meta":[],"product_brand":[],"product_cat":[137,133],"product_tag":[],"class_list":{"0":"post-16890","1":"product","2":"type-product","3":"status-publish","4":"has-post-thumbnail","6":"product_cat-kajai-cela-locitivai-un-pedai","7":"product_cat-ortozes","9":"first","10":"onbackorder","11":"taxable","12":"shipping-taxable","13":"purchasable","14":"product-type-simple"},"_links":{"self":[{"href":"https:\/\/medapp.lv\/lt\/wp-json\/wp\/v2\/product\/16890","targetHints":{"allow":["GET"]}}],"collection":[{"href":"https:\/\/medapp.lv\/lt\/wp-json\/wp\/v2\/product"}],"about":[{"href":"https:\/\/medapp.lv\/lt\/wp-json\/wp\/v2\/types\/product"}],"replies":[{"embeddable":true,"href":"https:\/\/medapp.lv\/lt\/wp-json\/wp\/v2\/comments?post=16890"}],"version-history":[{"count":12,"href":"https:\/\/medapp.lv\/lt\/wp-json\/wp\/v2\/product\/16890\/revisions"}],"predecessor-version":[{"id":20025,"href":"https:\/\/medapp.lv\/lt\/wp-json\/wp\/v2\/product\/16890\/revisions\/20025"}],"wp:featuredmedia":[{"embeddable":true,"href":"https:\/\/medapp.lv\/lt\/wp-json\/wp\/v2\/media\/18428"}],"wp:attachment":[{"href":"https:\/\/medapp.lv\/lt\/wp-json\/wp\/v2\/media?parent=16890"}],"wp:term":[{"taxonomy":"product_brand","embeddable":true,"href":"https:\/\/medapp.lv\/lt\/wp-json\/wp\/v2\/product_brand?post=16890"},{"taxonomy":"product_cat","embeddable":true,"href":"https:\/\/medapp.lv\/lt\/wp-json\/wp\/v2\/product_cat?post=16890"},{"taxonomy":"product_tag","embeddable":true,"href":"https:\/\/medapp.lv\/lt\/wp-json\/wp\/v2\/product_tag?post=16890"}],"curies":[{"name":"wp","href":"https:\/\/api.w.org\/{rel}","templated":true}]}}