{"id":16895,"date":"2024-03-02T16:56:47","date_gmt":"2024-03-02T14:56:47","guid":{"rendered":"http:\/\/mareksj17.sg-host.com\/?post_type=product&#038;p=16895"},"modified":"2025-07-16T09:05:38","modified_gmt":"2025-07-16T07:05:38","slug":"push-med-elkona-ortoze-epi","status":"publish","type":"product","link":"https:\/\/medapp.lv\/lt\/produktas\/push-med-elkona-ortoze-epi\/","title":{"rendered":"PUSH Med alk\u016bn\u0117s ortoz\u0117 epi"},"content":{"rendered":"<p><strong><strong>Kada reikia naudoti push med alk\u016bn\u0117s ortoz\u0119 epi?<br \/>\n<\/strong><\/strong><\/p>\n<ul>\n<li>Teniso alk\u016bn\u0117 (\u0161oninis epikondilitas)<\/li>\n<li>Golfo \u017eaid\u0117jo alk\u016bn\u0117 (vidutinis epikondilitas)<\/li>\n<\/ul>\n<p><strong>Sympress\u2122<\/strong> technologija, ortoz\u0117 pagaminta i\u0161 Sympress\u2122 \u2013 auk\u0161tos kokyb\u0117s, patogios med\u017eiagos. Naudojant mikropluo\u0161tus, vidus tampa mink\u0161tas ir oda i\u0161lieka sausa. Push med Elbow Orthosis Epi lengva u\u017ed\u0117ti ir be joki\u0173 problem\u0173 nuplauti.<\/p>\n<p><strong>Ortoz\u0117s taikymas:<\/strong><\/p>\n<ol>\n<li>\u012esitikinkite, kad tvirtinimo spaudimo ta\u0161kas (logotipo lygyje) yra keli\u0173 centimetr\u0173 atstumu \u0161alia skausmingo raumens \u012fterpimo rankos link.<\/li>\n<li>Priver\u017ekite reguliuojam\u0105 dir\u017eel\u012f iki norimo \u012ftempimo lygio ir u\u017edarykite.<\/li>\n<\/ol>\n<p><iframe title=\"YouTube vaizdo grotuvas\" src=\"https:\/\/www.youtube.com\/embed\/hCvQbEHy6do?si=au_WRUjKNMIcoisy\" width=\"560\" height=\"315\" frameborder=\"0\" allowfullscreen=\"allowfullscreen\"><\/iframe><\/p>","protected":false},"excerpt":{"rendered":"<p><strong>Push med alk\u016bn\u0117s orthosis Epi<\/strong> s\u0105nari\u0173 atrama Epi mal\u0161ina teniso ar golfo \u017eaid\u0117jo alk\u016bn\u0117s skausm\u0105. Pagalv\u0117l\u0117 u\u017etikrina, kad spaudimas b\u016bt\u0173 nukreiptas \u012f rie\u0161o tiesiamuosius elementus (teniso alk\u016bn\u0117s atveju) arba rie\u0161o pagrobiklius (jeigu golfo \u017eaid\u0117jo alk\u016bn\u0117). Taip \u0161i\u0173 raumen\u0173 sausgysl\u0117s lengviau \u012fsiki\u0161a \u012f alk\u016bn\u0119. \u012eklotas sudarytas i\u0161 su odai suderinamo viskoelastinio polimero. C formos apvalkalas gerai paskirsto spaudim\u0105 aplink rank\u0105 ir u\u017etikrina laisv\u0105 kraujotak\u0105.<\/p>\n<p>Push Med alk\u016bn\u0117s ortoz\u0117 Epi yra vieno dyd\u017eio, universaliai pritaikyta kair\u0117je ir de\u0161in\u0117je pus\u0117je. I\u0161matavimai svyruoja nuo 20 iki 35 centimetr\u0173.<br \/>\n<span class=\"selectable-text copyable-text\">Dydis: universalus<\/span><strong><br \/>\n<\/strong><\/p>","protected":false},"featured_media":18418,"comment_status":"open","ping_status":"closed","template":"","meta":[],"product_brand":[],"product_cat":[139,133],"product_tag":[],"class_list":{"0":"post-16895","1":"product","2":"type-product","3":"status-publish","4":"has-post-thumbnail","6":"product_cat-rokas-un-plaukstai","7":"product_cat-ortozes","9":"first","10":"instock","11":"taxable","12":"shipping-taxable","13":"purchasable","14":"product-type-simple"},"_links":{"self":[{"href":"https:\/\/medapp.lv\/lt\/wp-json\/wp\/v2\/product\/16895","targetHints":{"allow":["GET"]}}],"collection":[{"href":"https:\/\/medapp.lv\/lt\/wp-json\/wp\/v2\/product"}],"about":[{"href":"https:\/\/medapp.lv\/lt\/wp-json\/wp\/v2\/types\/product"}],"replies":[{"embeddable":true,"href":"https:\/\/medapp.lv\/lt\/wp-json\/wp\/v2\/comments?post=16895"}],"version-history":[{"count":8,"href":"https:\/\/medapp.lv\/lt\/wp-json\/wp\/v2\/product\/16895\/revisions"}],"predecessor-version":[{"id":20023,"href":"https:\/\/medapp.lv\/lt\/wp-json\/wp\/v2\/product\/16895\/revisions\/20023"}],"wp:featuredmedia":[{"embeddable":true,"href":"https:\/\/medapp.lv\/lt\/wp-json\/wp\/v2\/media\/18418"}],"wp:attachment":[{"href":"https:\/\/medapp.lv\/lt\/wp-json\/wp\/v2\/media?parent=16895"}],"wp:term":[{"taxonomy":"product_brand","embeddable":true,"href":"https:\/\/medapp.lv\/lt\/wp-json\/wp\/v2\/product_brand?post=16895"},{"taxonomy":"product_cat","embeddable":true,"href":"https:\/\/medapp.lv\/lt\/wp-json\/wp\/v2\/product_cat?post=16895"},{"taxonomy":"product_tag","embeddable":true,"href":"https:\/\/medapp.lv\/lt\/wp-json\/wp\/v2\/product_tag?post=16895"}],"curies":[{"name":"wp","href":"https:\/\/api.w.org\/{rel}","templated":true}]}}