{"id":16965,"date":"2024-03-03T01:27:21","date_gmt":"2024-03-02T23:27:21","guid":{"rendered":"http:\/\/mareksj17.sg-host.com\/?post_type=product&#038;p=16965"},"modified":"2025-07-17T07:47:33","modified_gmt":"2025-07-17T05:47:33","slug":"push-med-rokas-stiprinajums-splint","status":"publish","type":"product","link":"https:\/\/medapp.lv\/lt\/produktas\/push-med-rokas-stiprinajums-splint\/","title":{"rendered":"PUSH Med Rank\u0173 ortoz\u0117"},"content":{"rendered":"<p><strong><strong>Kada reikia naudoti push med rankos \u012ftvar\u0105?<br \/>\n<\/strong><\/strong><\/p>\n<ul>\n<li>Skundai d\u0117l rie\u0161o tiesikli\u0173 \u012ftempimo,<\/li>\n<li>s\u0105nari\u0173 skausmas,<\/li>\n<li>Rie\u0161o kanalo sindromas<\/li>\n<\/ul>\n<p><strong>Sympress\u2122<\/strong> technologija<br \/>\nTvirtinimo detal\u0117s pagamintos i\u0161 <strong>Sympress\u2122<\/strong>, auk\u0161tos kokyb\u0117s patogi med\u017eiaga. Naudojant mikropluo\u0161tus, vidus tampa mink\u0161tas ir oda i\u0161lieka sausa. <strong>Push med rankos \u012ftvaras Splint<\/strong> lengva u\u017esid\u0117ti ir galima skalbti.<\/p>\n<p><strong>Ortoz\u0117s taikymas:<\/strong><\/p>\n<ol>\n<li>Teising\u0105 reguliavimo tvark\u0105 rodo did\u0117jantys molekuli\u0173 simboliai ant kablio ir kilpos tvirtinimo element\u0173. Traukite pagrind\u0105 aplink rank\u0105, kol jis pasieks nyk\u0161t\u012f. Naudokite neelastin\u012f dir\u017eel\u012f, kad nustatytum\u0117te reikiam\u0105 ortoz\u0119 aplink rie\u0161\u0105.<\/li>\n<li>U\u017edarykite tvirtinimo detal\u0119 aplink dilb\u012f ir pla\u0161tak\u0105.<\/li>\n<\/ol>\n<p><iframe title=\"YouTube vaizdo grotuvas\" src=\"https:\/\/www.youtube.com\/embed\/ciiGzbp3RaQ?si=OWI25ceRsPvCrS-k\" width=\"560\" height=\"315\" frameborder=\"0\" allowfullscreen=\"allowfullscreen\"><\/iframe><\/p>","protected":false},"excerpt":{"rendered":"<p><strong>Push med rankos \u012ftvaras Splint <\/strong>rie\u0161o ortoz\u0117 su \u012ftvaru remia rie\u0161\u0105 neapribodama rie\u0161o funkcionalumo. Apyrank\u0119 viena ranka lengva u\u017ed\u0117ti aplink rie\u0161\u0105. Neelastingas dir\u017eelis u\u017etikrina, kad suformuotas \u012ftvaras tiksliai atitikt\u0173 rie\u0161o anatomij\u0105. Push Med Hand Brace Splint yra 4 dyd\u017ei\u0173, taip pat de\u0161in\u0117s ir kair\u0117s versijos. Pasirinkite tinkam\u0105 gaminio dyd\u012f, i\u0161matuodami rie\u0161o perimetr\u0105.<\/p>","protected":false},"featured_media":18413,"comment_status":"open","ping_status":"closed","template":"","meta":[],"product_brand":[],"product_cat":[139,133],"product_tag":[],"class_list":{"0":"post-16965","1":"product","2":"type-product","3":"status-publish","4":"has-post-thumbnail","6":"product_cat-rokas-un-plaukstai","7":"product_cat-ortozes","9":"first","10":"instock","11":"taxable","12":"shipping-taxable","13":"purchasable","14":"product-type-variable"},"_links":{"self":[{"href":"https:\/\/medapp.lv\/lt\/wp-json\/wp\/v2\/product\/16965","targetHints":{"allow":["GET"]}}],"collection":[{"href":"https:\/\/medapp.lv\/lt\/wp-json\/wp\/v2\/product"}],"about":[{"href":"https:\/\/medapp.lv\/lt\/wp-json\/wp\/v2\/types\/product"}],"replies":[{"embeddable":true,"href":"https:\/\/medapp.lv\/lt\/wp-json\/wp\/v2\/comments?post=16965"}],"version-history":[{"count":10,"href":"https:\/\/medapp.lv\/lt\/wp-json\/wp\/v2\/product\/16965\/revisions"}],"predecessor-version":[{"id":20020,"href":"https:\/\/medapp.lv\/lt\/wp-json\/wp\/v2\/product\/16965\/revisions\/20020"}],"wp:featuredmedia":[{"embeddable":true,"href":"https:\/\/medapp.lv\/lt\/wp-json\/wp\/v2\/media\/18413"}],"wp:attachment":[{"href":"https:\/\/medapp.lv\/lt\/wp-json\/wp\/v2\/media?parent=16965"}],"wp:term":[{"taxonomy":"product_brand","embeddable":true,"href":"https:\/\/medapp.lv\/lt\/wp-json\/wp\/v2\/product_brand?post=16965"},{"taxonomy":"product_cat","embeddable":true,"href":"https:\/\/medapp.lv\/lt\/wp-json\/wp\/v2\/product_cat?post=16965"},{"taxonomy":"product_tag","embeddable":true,"href":"https:\/\/medapp.lv\/lt\/wp-json\/wp\/v2\/product_tag?post=16965"}],"curies":[{"name":"wp","href":"https:\/\/api.w.org\/{rel}","templated":true}]}}