{"id":16973,"date":"2024-03-03T01:51:18","date_gmt":"2024-03-02T23:51:18","guid":{"rendered":"http:\/\/mareksj17.sg-host.com\/?post_type=product&#038;p=16973"},"modified":"2026-04-07T08:44:54","modified_gmt":"2026-04-07T06:44:54","slug":"push-med-muguras-ortoze","status":"publish","type":"product","link":"https:\/\/medapp.lv\/lt\/produktas\/push-med-muguras-ortoze\/","title":{"rendered":"PUSH Med Back ortoz\u0117"},"content":{"rendered":"<p><strong>Kada reikia naudoti push med back ortozes?<\/strong><\/p>\n<ul>\n<li>spondiloliz\u0117,<\/li>\n<li>Skundai d\u0117l skausmo apatin\u0117je nugaros dalyje,<\/li>\n<li>spondilolistez\u0117,<\/li>\n<li>juosmens artroz\u0117,<\/li>\n<li>disko i\u0161var\u017ea,<\/li>\n<li>Osteoporoziniai juosmens-kry\u017ekaulio l\u016b\u017eiai,<\/li>\n<li>Pooperacijos.<\/li>\n<\/ul>\n<p><strong>Sympress\u2122<\/strong> technologija<br \/>\nOrtoz\u0117 pagaminta i\u0161 <strong>Sympress\u2122<\/strong> kokybi\u0161ka, patogi med\u017eiaga. Naudojant mikropluo\u0161tus, vidus tampa mink\u0161tas ir oda i\u0161lieka sausa. Push med back ortoz\u0119 lengva u\u017ed\u0117ti ir galima skalbti.<\/p>\n<p><strong>Kaip naudoti ortoz\u0119?<\/strong><\/p>\n<ol>\n<li>Nugaros ortoz\u0117 gali b\u016bti dedama prie odos arba ant apatini\u0173 drabu\u017ei\u0173. \u012esitikinkite, kad spaustukas yra stuburo centre, apatin\u0117s nugaros dalies lygyje. Dir\u017eo apa\u010dia dengia klubus. Formos tvirtinimo detal\u0117s turi tikti nugarai atsistojus tiesia nugara.<\/li>\n<li>Prie\u0161 u\u017esid\u0117dami ortoz\u0119, atlaisvinkite elastinius dir\u017eelius. Laikykite u\u017esegim\u0105 u\u017e apatin\u0117s dalies kra\u0161to ir u\u017edarykite dir\u017eel\u012f bei kilp\u0105 arba naudokite griebtuvus.<\/li>\n<li>Priver\u017ekite ir u\u017esukite elastinius dir\u017eelius. Jei dir\u017eai pritvirtinti teisingai, jie tur\u0117t\u0173 jaustis patogiai stov\u0117dami vertikalioje pad\u0117tyje.<\/li>\n<\/ol>\n<p><iframe title=\"YouTube vaizdo grotuvas\" src=\"https:\/\/www.youtube.com\/embed\/mZ6aBDXBIRM?si=JFYC_xQTHBIWFCtg\" width=\"560\" height=\"315\" frameborder=\"0\" allowfullscreen=\"allowfullscreen\"><\/iframe><\/p>","protected":false},"excerpt":{"rendered":"<p>D\u0117l gerai paskirstyto suspaudimo nugaros ortoz\u0117 suma\u017eina skausm\u0105 juosmens srityje. Patogus juosmens pagalv\u0117l\u0117 su keturiais sl\u0117gio ta\u0161kais palengvina suspaudim\u0105. Ortoz\u0117s forma ir med\u017eiaga u\u017etikrina patog\u0173 ne\u0161iojim\u0105. D\u0117l anatominio kirpimo jis tinka tiek vyrams, tiek moterims ir garantuoja ger\u0105 pad\u0117ties i\u0161laikym\u0105.<\/p>\n<p>Galinis dir\u017eas yra 6 dyd\u017ei\u0173. Dydis nustatomas pagal apimt\u012f nuo juosmens. Lentel\u0117je ant pakuot\u0117s nurodytas teisingas j\u016bs\u0173 juosmens ortoz\u0117s dydis.<\/p>","protected":false},"featured_media":18406,"comment_status":"open","ping_status":"closed","template":"","meta":[],"product_brand":[],"product_cat":[138,133],"product_tag":[],"class_list":{"0":"post-16973","1":"product","2":"type-product","3":"status-publish","4":"has-post-thumbnail","6":"product_cat-muguras-jostas","7":"product_cat-ortozes","9":"first","10":"instock","11":"taxable","12":"shipping-taxable","13":"purchasable","14":"product-type-variable"},"_links":{"self":[{"href":"https:\/\/medapp.lv\/lt\/wp-json\/wp\/v2\/product\/16973","targetHints":{"allow":["GET"]}}],"collection":[{"href":"https:\/\/medapp.lv\/lt\/wp-json\/wp\/v2\/product"}],"about":[{"href":"https:\/\/medapp.lv\/lt\/wp-json\/wp\/v2\/types\/product"}],"replies":[{"embeddable":true,"href":"https:\/\/medapp.lv\/lt\/wp-json\/wp\/v2\/comments?post=16973"}],"version-history":[{"count":8,"href":"https:\/\/medapp.lv\/lt\/wp-json\/wp\/v2\/product\/16973\/revisions"}],"predecessor-version":[{"id":20012,"href":"https:\/\/medapp.lv\/lt\/wp-json\/wp\/v2\/product\/16973\/revisions\/20012"}],"wp:featuredmedia":[{"embeddable":true,"href":"https:\/\/medapp.lv\/lt\/wp-json\/wp\/v2\/media\/18406"}],"wp:attachment":[{"href":"https:\/\/medapp.lv\/lt\/wp-json\/wp\/v2\/media?parent=16973"}],"wp:term":[{"taxonomy":"product_brand","embeddable":true,"href":"https:\/\/medapp.lv\/lt\/wp-json\/wp\/v2\/product_brand?post=16973"},{"taxonomy":"product_cat","embeddable":true,"href":"https:\/\/medapp.lv\/lt\/wp-json\/wp\/v2\/product_cat?post=16973"},{"taxonomy":"product_tag","embeddable":true,"href":"https:\/\/medapp.lv\/lt\/wp-json\/wp\/v2\/product_tag?post=16973"}],"curies":[{"name":"wp","href":"https:\/\/api.w.org\/{rel}","templated":true}]}}